{"id":7476,"date":"2023-02-24T08:57:05","date_gmt":"2023-02-24T07:57:05","guid":{"rendered":"https:\/\/www.brikol.sk\/?post_type=product&#038;p=7476"},"modified":"2026-03-23T10:10:55","modified_gmt":"2026-03-23T09:10:55","slug":"nahradne-koliesko-ovladania-retiazky-isotra","status":"publish","type":"product","link":"https:\/\/www.brikol.sk\/fr\/produkt\/nahradne-koliesko-ovladania-retiazky-isotra\/","title":{"rendered":"N\u00e1hradn\u00e9 koliesko ovl\u00e1dania retiazky Isotra"},"content":{"rendered":"<p><strong>N\u00e1hradn\u00e9 koliesko vedenia Isotra<\/strong> &#8211; ozuben\u00e9 koliesko pre \u017eal\u00fazie Isotra a M-tech. Nasadzuje sa do vedenia retiazky, na koliesko navle\u010dieme <span style=\"text-decoration: underline;\"><a href=\"https:\/\/www.brikol.sk\/produkt\/gulickova-snura-retiazka-na-zaluzie-nahradne-diely-na-zaluzie\/\">guli\u010dkov\u00fa retiazku<\/a><\/span> ktorou sa ovl\u00e1da \u017eal\u00fazia.<\/p>\n<p class=\"tw-data-text tw-text-large XcVN5d tw-ta\" dir=\"ltr\" data-placeholder=\"P\u0159eklad\"><span lang=\"sk\">Ozuben\u00e9 koliesko na osku tvare <strong>\u00ab\u00a0D\u00a0\u00bb.<\/strong><br \/>\n<\/span><\/p>\n","protected":false},"excerpt":{"rendered":"<p><strong>Koliesko Isotra<\/strong> &#8211; ozuben\u00e9 koliesko pre \u017eal\u00fazie Isotra a M-tech.<\/p>\n","protected":false},"featured_media":20671,"comment_status":"open","ping_status":"closed","template":"","meta":[],"product_cat":[65,84],"product_tag":[],"_links":{"self":[{"href":"https:\/\/www.brikol.sk\/fr\/wp-json\/wp\/v2\/product\/7476"}],"collection":[{"href":"https:\/\/www.brikol.sk\/fr\/wp-json\/wp\/v2\/product"}],"about":[{"href":"https:\/\/www.brikol.sk\/fr\/wp-json\/wp\/v2\/types\/product"}],"replies":[{"embeddable":true,"href":"https:\/\/www.brikol.sk\/fr\/wp-json\/wp\/v2\/comments?post=7476"}],"wp:featuredmedia":[{"embeddable":true,"href":"https:\/\/www.brikol.sk\/fr\/wp-json\/wp\/v2\/media\/20671"}],"wp:attachment":[{"href":"https:\/\/www.brikol.sk\/fr\/wp-json\/wp\/v2\/media?parent=7476"}],"wp:term":[{"taxonomy":"product_cat","embeddable":true,"href":"https:\/\/www.brikol.sk\/fr\/wp-json\/wp\/v2\/product_cat?post=7476"},{"taxonomy":"product_tag","embeddable":true,"href":"https:\/\/www.brikol.sk\/fr\/wp-json\/wp\/v2\/product_tag?post=7476"}],"curies":[{"name":"wp","href":"https:\/\/api.w.org\/{rel}","templated":true}]}}