{"id":7512,"date":"2023-03-08T12:54:43","date_gmt":"2023-03-08T11:54:43","guid":{"rendered":"https:\/\/www.brikol.sk\/?post_type=product&#038;p=7512"},"modified":"2026-04-23T08:01:14","modified_gmt":"2026-04-23T06:01:14","slug":"okenna-folia-interier-me320","status":"publish","type":"product","link":"https:\/\/www.brikol.sk\/fr\/produkt\/okenna-folia-interier-me320\/","title":{"rendered":"Okenn\u00e1 f\u00f3lia interi\u00e9r ME320"},"content":{"rendered":"<p><strong><span style=\"font-size: 100%;\">Samolepiaca okenn\u00e1 f\u00f3lia interi\u00e9r ME320<\/span><\/strong><\/p>\n<p><strong>INTERIOR MEMBRANE<\/strong>\u00a0 (Samolepiaca okenn\u00e1 f\u00f3lia Interi\u00e9r ME320)\u00a0 ur\u010den\u00e1 na vytvorenie vzduchotesnej izola\u010dnej vrstvy na interi\u00e9rovej strane prip\u00e1jacej \u0161p\u00e1ry. V\u010faka verzii \u00ab\u00a0EW\u00a0\u00bb\u00a0 aplikovate\u013en\u00e1 do v\u0161etk\u00fdch be\u017en\u00fdch tvarov detailov. Predt\u00fdm bola f\u00f3lia distribuovan\u00e1 pod n\u00e1zvom ME511<\/p>\n<p>4 varianty prevedenia:<\/p>\n<ul>\n<li>Bez butylu: P\u00f4vodn\u00e9 prevedenie, ktor\u00e9 je bez lepidla, ktor\u00e9 fixuje f\u00f3liu k osteniu. Na upevnenie sa pou\u017e\u00edva SP025 alebo OT300 Aplik\u00e1cia od +5 \u00b0C do +40 \u00b0C.<\/li>\n<li>S butylom: Integrovan\u00fd samolepiaci pruh. Aplik\u00e1cia od +5 \u00b0C do +40 \u00b0C, pokia\u013e nie je pou\u017eit\u00e1 impregn\u00e1cia.<\/li>\n<li>S perlinkou: Na upevnenie f\u00f3lie k osteniu sl\u00fa\u017ei integrovan\u00e1 perlinka, ktor\u00e1 sa vklad\u00e1 do vrstvy cementov\u00e9ho lepidla.<\/li>\n<li>VV: F\u00f3lia opatren\u00e1 takmer celoplo\u0161ne lepidlom novej gener\u00e1cie. Aplik\u00e1cia od -10 \u00b0C a\u017e +40 \u00b0C.<\/li>\n<\/ul>\n<h2><span style=\"font-size: 80%;\">Farba<\/span><\/h2>\n<ul>\n<li>biela<\/li>\n<\/ul>\n<h2><span style=\"font-size: 80%;\">Prednosti<\/span><\/h2>\n<ul>\n<li><span style=\"font-family: Arial;\">4 varianty mont\u00e1\u017ee na ostenie\u00a0<\/span><span style=\"font-family: Arial;\"><br \/>\n<\/span><\/li>\n<li><span style=\"font-family: Arial;\">omietate\u013en\u00e1\u00a0<\/span><span style=\"font-family: Arial;\"><br \/>\n<\/span><\/li>\n<li><span style=\"font-family: Arial;\">vduchotesn\u00e1 a parobrzdiaca<\/span><span style=\"font-family: Arial;\"> \u00a0 <\/span><\/li>\n<\/ul>\n<p><span style=\"text-decoration: underline;\"><strong>Na stiahnutie <\/strong><\/span><\/p>\n<p><span style=\"font-family: Arial;\"><a href=\"https:\/\/www.brikol.sk\/wp-content\/uploads\/2023\/03\/Technicky-list.pdf\">Technick\u00fd list <\/a><\/span><\/p>\n<p><a href=\"https:\/\/www.brikol.sk\/wp-content\/uploads\/2023\/03\/Bezpecnostny-list.pdf\">Bezpe\u010dnostn\u00fd list<\/a><\/p>\n<p><a href=\"https:\/\/www.brikol.sk\/wp-content\/uploads\/2023\/03\/Vyhlasenie-o-parametroch.pdf\">Vyhl\u00e1senie o parametroch<\/a><\/p>\n<p><a href=\"https:\/\/www.brikol.sk\/wp-content\/uploads\/2023\/03\/Atest.pdf\">Atest<\/a><\/p>\n<p><span style=\"font-size: 75%;\">Tovar je na externom sklade jeho expedovanie je do 2 &#8211; 3 pracovn\u00fdch dn\u00ed<\/span><\/p>\n","protected":false},"excerpt":{"rendered":"<p><strong>INTERIOR MEMBRANE<\/strong>\u00a0 (Okenn\u00e1 f\u00f3lia Interi\u00e9r) je ur\u010den\u00e1 na vytvorenie vzduchotesnej izola\u010dnej vrstvy na interi\u00e9rovej strane prip\u00e1jacej \u0161p\u00e1ry.<\/p>\n<p>&nbsp;<\/p>\n","protected":false},"featured_media":7521,"comment_status":"open","ping_status":"closed","template":"","meta":[],"product_cat":[81],"product_tag":[],"_links":{"self":[{"href":"https:\/\/www.brikol.sk\/fr\/wp-json\/wp\/v2\/product\/7512"}],"collection":[{"href":"https:\/\/www.brikol.sk\/fr\/wp-json\/wp\/v2\/product"}],"about":[{"href":"https:\/\/www.brikol.sk\/fr\/wp-json\/wp\/v2\/types\/product"}],"replies":[{"embeddable":true,"href":"https:\/\/www.brikol.sk\/fr\/wp-json\/wp\/v2\/comments?post=7512"}],"wp:featuredmedia":[{"embeddable":true,"href":"https:\/\/www.brikol.sk\/fr\/wp-json\/wp\/v2\/media\/7521"}],"wp:attachment":[{"href":"https:\/\/www.brikol.sk\/fr\/wp-json\/wp\/v2\/media?parent=7512"}],"wp:term":[{"taxonomy":"product_cat","embeddable":true,"href":"https:\/\/www.brikol.sk\/fr\/wp-json\/wp\/v2\/product_cat?post=7512"},{"taxonomy":"product_tag","embeddable":true,"href":"https:\/\/www.brikol.sk\/fr\/wp-json\/wp\/v2\/product_tag?post=7512"}],"curies":[{"name":"wp","href":"https:\/\/api.w.org\/{rel}","templated":true}]}}