{"id":7524,"date":"2023-03-02T11:54:40","date_gmt":"2023-03-02T10:54:40","guid":{"rendered":"https:\/\/www.brikol.sk\/?post_type=product&#038;p=7524"},"modified":"2024-10-17T11:24:42","modified_gmt":"2024-10-17T09:24:42","slug":"okenna-folia-exterier-me321","status":"publish","type":"product","link":"https:\/\/www.brikol.sk\/fr\/produkt\/okenna-folia-exterier-me321\/","title":{"rendered":"Okenn\u00e1 f\u00f3lia exteri\u00e9r ME321"},"content":{"rendered":"<p><span style=\"font-size: 110%;\"><strong>Okenn\u00e1 f\u00f3lia exteri\u00e9r ME321<\/strong><\/span><\/p>\n<p><strong><span style=\"font-size: 115%;\">EXTERIOR MEMBRANE <\/span><\/strong>(Okenn\u00e1 f\u00f3lia exteri\u00e9r) je ur\u010den\u00e1 na vytvorenie vodotesnej a z\u00e1rove\u0148 vysoko paropriepustnej izola\u010dnej vrstvy na exteri\u00e9rovej strane prip\u00e1jacej \u0161p\u00e1ry. V\u010faka verzii \u00ab\u00a0EW\u00a0\u00bb je aplikovate\u013en\u00e1 do v\u0161etk\u00fdch be\u017en\u00fdch tvarov detailov. Predt\u00fdm bola f\u00f3lia distribuovan\u00e1 pod n\u00e1zvom ME510.<\/p>\n<ul>\n<li>len do exteri\u00e9ru<\/li>\n<li>aplik\u00e1cia od +5 \u00b0C do +45 \u00b0C<\/li>\n<\/ul>\n<h2><span style=\"font-size: 80%;\">Farba<\/span><\/h2>\n<ul>\n<li>l\u00edce: \u0161ed\u00e1<\/li>\n<li>rub: biela<\/li>\n<\/ul>\n<h2><span style=\"font-size: 80%;\">Prednosti:<\/span><\/h2>\n<ul>\n<li>4 varianty mont\u00e1\u017ee na ostenie<\/li>\n<li>UV\u00a0stabiln\u00e1 po dobu 2 mesiace<\/li>\n<li>omietate\u013en\u00e1<\/li>\n<li>vysoko dif\u00fazne otvoren\u00e1<\/li>\n<\/ul>\n<h2><span style=\"font-size: 80%;\">Prednosti<\/span><\/h2>\n<ul>\n<li><span style=\"font-family: Arial;\">3 varianty mont\u00e1\u017ee na ostenie\u00a0<\/span><span style=\"font-family: Arial;\"><br \/>\n<\/span><\/li>\n<li><span style=\"font-family: Arial;\">omietate\u013en\u00e1\u00a0<\/span><span style=\"font-family: Arial;\"><br \/>\n<\/span><\/li>\n<li><span style=\"font-family: Arial;\">vysoko dif\u00fazne otvoren\u00e1<\/span><\/li>\n<\/ul>\n<p><span style=\"text-decoration: underline;\"><strong>Na stiahnutie <\/strong><\/span><\/p>\n<p><a href=\"https:\/\/www.brikol.sk\/wp-content\/uploads\/2023\/03\/Technicky-list-1.pdf\">Technick\u00fd list<\/a><\/p>\n<p><a href=\"https:\/\/www.brikol.sk\/wp-content\/uploads\/2023\/03\/bezpecnostny-list.pdf\">Bezpe\u010dnostn\u00fd list<\/a><\/p>\n<p><a href=\"https:\/\/www.brikol.sk\/wp-content\/uploads\/2023\/03\/atest.pdf\">atest<\/a><\/p>\n<p><a href=\"https:\/\/www.brikol.sk\/wp-content\/uploads\/2023\/03\/vyhlasenie-o-parametroch.pdf\">Vyhl\u00e1senie o parametroch<\/a><\/p>\n<p><span style=\"font-size: 75%;\">Tovar na externom sklade jeho expedovanie do 2 &#8211; 3 pracovn\u00fdch dn\u00ed<\/span><\/p>\n","protected":false},"excerpt":{"rendered":"<p><strong>EXTERIOR MEMBRANE <\/strong>(Okenn\u00e1 f\u00f3lia exteri\u00e9r) je ur\u010den\u00e1 na vytvorenie vodotesnej a z\u00e1rove\u0148 vysoko paropriepustnej izola\u010dnej vrstvy na exteri\u00e9rovej strane prip\u00e1jacej \u0161p\u00e1ry. V\u010faka verzii \u00ab\u00a0EW\u00a0\u00bb je aplikovate\u013en\u00e1 do v\u0161etk\u00fdch be\u017en\u00fdch tvarov detailov.<\/p>\n","protected":false},"featured_media":7531,"comment_status":"open","ping_status":"closed","template":"","meta":[],"product_cat":[81],"product_tag":[],"_links":{"self":[{"href":"https:\/\/www.brikol.sk\/fr\/wp-json\/wp\/v2\/product\/7524"}],"collection":[{"href":"https:\/\/www.brikol.sk\/fr\/wp-json\/wp\/v2\/product"}],"about":[{"href":"https:\/\/www.brikol.sk\/fr\/wp-json\/wp\/v2\/types\/product"}],"replies":[{"embeddable":true,"href":"https:\/\/www.brikol.sk\/fr\/wp-json\/wp\/v2\/comments?post=7524"}],"wp:featuredmedia":[{"embeddable":true,"href":"https:\/\/www.brikol.sk\/fr\/wp-json\/wp\/v2\/media\/7531"}],"wp:attachment":[{"href":"https:\/\/www.brikol.sk\/fr\/wp-json\/wp\/v2\/media?parent=7524"}],"wp:term":[{"taxonomy":"product_cat","embeddable":true,"href":"https:\/\/www.brikol.sk\/fr\/wp-json\/wp\/v2\/product_cat?post=7524"},{"taxonomy":"product_tag","embeddable":true,"href":"https:\/\/www.brikol.sk\/fr\/wp-json\/wp\/v2\/product_tag?post=7524"}],"curies":[{"name":"wp","href":"https:\/\/api.w.org\/{rel}","templated":true}]}}