{"id":7576,"date":"2023-03-02T14:50:18","date_gmt":"2023-03-02T13:50:18","guid":{"rendered":"https:\/\/www.brikol.sk\/?post_type=product&#038;p=7576"},"modified":"2024-10-17T11:22:29","modified_gmt":"2024-10-17T09:22:29","slug":"okenna-tesniaca-paska","status":"publish","type":"product","link":"https:\/\/www.brikol.sk\/fr\/produkt\/okenna-tesniaca-paska\/","title":{"rendered":"Komprimovan\u00e1 p\u00e1ska ILLAC 300"},"content":{"rendered":"<p><span style=\"font-size: 120%;\"><strong>ILLAC 300<\/strong><\/span> je kvalitn\u00e1 okenn\u00e1 tesniaca p\u00e1ska ur\u010den\u00e1 na r\u00fdchle utesnenie dilata\u010dn\u00fdch \u0161p\u00e1r. Utesnen\u00e1 \u0161p\u00e1ra je vodotesn\u00e1 do 300 Pa a z\u00e1rove\u0148 v\u00fdborne tepelne izoluje.<\/p>\n<ul>\n<li>vhodn\u00e1 do exteri\u00e9ru<\/li>\n<li>aplika\u010dn\u00e1 teplota bez obmedzenia<\/li>\n<\/ul>\n<h2><span style=\"font-size: 80%;\">Farba<\/span><\/h2>\n<ul>\n<li>\u0161ed\u00e1<\/li>\n<\/ul>\n<h2><span style=\"font-size: 80%;\">Prednosti<\/span><\/h2>\n<ul>\n<li>in\u0161tal\u00e1cia nez\u00e1visl\u00e1 na po\u010das\u00ed a teplote<\/li>\n<li>minim\u00e1lny odpad pri aplik\u00e1cii<\/li>\n<\/ul>\n<ul>\n<li>estetick\u00fd vzh\u013ead a r\u00fdchla mont\u00e1\u017e<\/li>\n<\/ul>\n<p><span style=\"text-decoration: underline;\"><strong><span style=\"font-size: 130%;\">Na stiahnutie<\/span> <\/strong><\/span><\/p>\n<p><a href=\"https:\/\/www.brikol.sk\/wp-content\/uploads\/2023\/03\/Technicky-list-4.pdf\">Technick\u00fd list<\/a><\/p>\n<p><a href=\"https:\/\/www.brikol.sk\/wp-content\/uploads\/2023\/03\/Bezpecnostny-list-3.pdf\">Bezpe\u010dnostn\u00fd list<\/a><\/p>\n<p><a href=\"https:\/\/www.brikol.sk\/wp-content\/uploads\/2023\/03\/Certifikat-2.pdf\">Certifikat<\/a><\/p>\n<p><a href=\"https:\/\/www.brikol.sk\/wp-content\/uploads\/2023\/03\/Atest-PREHLAD.pdf\">Atest &#8211; PREH\u013dAD<\/a><\/p>\n<p><a href=\"https:\/\/www.brikol.sk\/wp-content\/uploads\/2023\/03\/Atest-vodostesnost-skarova-prievzdusnost.pdf\">Atest &#8211; vodostesnos\u0165 \u0161k\u00e1rov\u00e1 prievzdu\u0161nos\u0165<\/a><\/p>\n<p><a href=\"https:\/\/www.brikol.sk\/wp-content\/uploads\/2023\/03\/Vyhlasenie-o-parametroch-folie-a-pasky-2-4.pdf\">Vyhl\u00e1senie o parametroch &#8211; f\u00f3lie a p\u00e1sky-2-4<\/a><\/p>\n<p>&nbsp;<\/p>\n<p><span style=\"font-size: 75%;\">Tovar na externom sklade jeho expedovanie do 2 &#8211; 3 pracovn\u00fdch dn\u00ed<\/span><\/p>\n<p>&nbsp;<\/p>\n<p>&nbsp;<\/p>\n","protected":false},"excerpt":{"rendered":"<p><strong>ILLAC 300<\/strong> je kvalitn\u00e1 <strong>okenn\u00e1 tesniaca p\u00e1ska<\/strong> ur\u010den\u00e1 na r\u00fdchle utesnenie dilata\u010dn\u00fdch \u0161p\u00e1r. Utesnen\u00e1 \u0161p\u00e1ra je vodotesn\u00e1 do 300 Pa a z\u00e1rove\u0148 v\u00fdborne tepelne izoluje.<\/p>\n<p>Rolka: 7-15x30x6m<\/p>\n","protected":false},"featured_media":7587,"comment_status":"open","ping_status":"closed","template":"","meta":[],"product_cat":[81],"product_tag":[],"_links":{"self":[{"href":"https:\/\/www.brikol.sk\/fr\/wp-json\/wp\/v2\/product\/7576"}],"collection":[{"href":"https:\/\/www.brikol.sk\/fr\/wp-json\/wp\/v2\/product"}],"about":[{"href":"https:\/\/www.brikol.sk\/fr\/wp-json\/wp\/v2\/types\/product"}],"replies":[{"embeddable":true,"href":"https:\/\/www.brikol.sk\/fr\/wp-json\/wp\/v2\/comments?post=7576"}],"wp:featuredmedia":[{"embeddable":true,"href":"https:\/\/www.brikol.sk\/fr\/wp-json\/wp\/v2\/media\/7587"}],"wp:attachment":[{"href":"https:\/\/www.brikol.sk\/fr\/wp-json\/wp\/v2\/media?parent=7576"}],"wp:term":[{"taxonomy":"product_cat","embeddable":true,"href":"https:\/\/www.brikol.sk\/fr\/wp-json\/wp\/v2\/product_cat?post=7576"},{"taxonomy":"product_tag","embeddable":true,"href":"https:\/\/www.brikol.sk\/fr\/wp-json\/wp\/v2\/product_tag?post=7576"}],"curies":[{"name":"wp","href":"https:\/\/api.w.org\/{rel}","templated":true}]}}