{"id":7614,"date":"2023-03-03T09:33:21","date_gmt":"2023-03-03T08:33:21","guid":{"rendered":"https:\/\/www.brikol.sk\/?post_type=product&#038;p=7614"},"modified":"2024-10-17T11:15:19","modified_gmt":"2024-10-17T09:15:19","slug":"max-foam","status":"publish","type":"product","link":"https:\/\/www.brikol.sk\/fr\/produkt\/max-foam\/","title":{"rendered":"Mont\u00e1\u017ena pena MAX FOAM FM365"},"content":{"rendered":"<p>1 &#8211; komponentn\u00e1 polyuret\u00e1nov\u00e1 pena s mimoriadne vysokou v\u00fddatnos\u0165ou.<\/p>\n<ul>\n<li>Aplik\u00e1cia od 0 \u00b0C do +35 \u00b0C.<\/li>\n<li><strong>K d\u00e1vkovaniu peny z d\u00f3zy je potrebn\u00e1 aplika\u010dn\u00e1 pi\u0161to\u013e, ktor\u00e1 nie je s\u00fa\u010das\u0165ou balenia.<br \/>\n<\/strong><\/li>\n<\/ul>\n<h2><span style=\"font-size: 80%;\">Farba<\/span><\/h2>\n<ul>\n<li>zelen\u00e1<\/li>\n<\/ul>\n<h2><span style=\"font-size: 80%;\">Balenie<\/span><\/h2>\n<ul>\n<li>plechov\u00e1 d\u00f3za s plnen\u00edm\u00a0 880 ml<\/li>\n<li>18 mesiacov &#8211; doba skladovania<\/li>\n<\/ul>\n<h2><span style=\"font-size: 80%;\">Prednosti<\/span><\/h2>\n<ul>\n<li>v\u00fddatnos\u0165 cca 70 l z balenia 880 ml alebo cca 25 m v \u0161k\u00e1re 3&#215;7 cm<\/li>\n<li>aplik\u00e1cia mo\u017en\u00e1 pi\u0161to\u013eou aj trubi\u010dkou AA210<\/li>\n<\/ul>\n<p><span style=\"text-decoration: underline;\"><strong><span style=\"font-size: 130%;\">Na stiahnutie<\/span> <\/strong><\/span><\/p>\n<p><a href=\"https:\/\/www.brikol.sk\/wp-content\/uploads\/2023\/03\/Technicky-list-7.pdf\">Technick\u00fd list<\/a><\/p>\n<p><a href=\"https:\/\/www.brikol.sk\/wp-content\/uploads\/2023\/03\/Bezpecnostny-list-7.pdf\">Bezpe\u010dnostn\u00fd list<\/a><\/p>\n<p><a href=\"https:\/\/www.brikol.sk\/wp-content\/uploads\/2023\/03\/Certifikat-4.pdf\">Certifik\u00e1t<\/a><\/p>\n<p><span style=\"font-size: 75%;\">Tovar na externom sklade jeho expedovanie do 2 &#8211; 3 pracovn\u00fdch dn\u00ed<\/span><\/p>\n<p>&nbsp;<\/p>\n<p>&nbsp;<\/p>\n<p>&nbsp;<\/p>\n<p>&nbsp;<\/p>\n","protected":false},"excerpt":{"rendered":"<p>1 &#8211; komponentn\u00e1 polyuret\u00e1nov\u00e1 pena s mimoriadne vysokou v\u00fddatnos\u0165ou.<\/p>\n","protected":false},"featured_media":7618,"comment_status":"open","ping_status":"closed","template":"","meta":[],"product_cat":[81],"product_tag":[],"_links":{"self":[{"href":"https:\/\/www.brikol.sk\/fr\/wp-json\/wp\/v2\/product\/7614"}],"collection":[{"href":"https:\/\/www.brikol.sk\/fr\/wp-json\/wp\/v2\/product"}],"about":[{"href":"https:\/\/www.brikol.sk\/fr\/wp-json\/wp\/v2\/types\/product"}],"replies":[{"embeddable":true,"href":"https:\/\/www.brikol.sk\/fr\/wp-json\/wp\/v2\/comments?post=7614"}],"wp:featuredmedia":[{"embeddable":true,"href":"https:\/\/www.brikol.sk\/fr\/wp-json\/wp\/v2\/media\/7618"}],"wp:attachment":[{"href":"https:\/\/www.brikol.sk\/fr\/wp-json\/wp\/v2\/media?parent=7614"}],"wp:term":[{"taxonomy":"product_cat","embeddable":true,"href":"https:\/\/www.brikol.sk\/fr\/wp-json\/wp\/v2\/product_cat?post=7614"},{"taxonomy":"product_tag","embeddable":true,"href":"https:\/\/www.brikol.sk\/fr\/wp-json\/wp\/v2\/product_tag?post=7614"}],"curies":[{"name":"wp","href":"https:\/\/api.w.org\/{rel}","templated":true}]}}