{"id":7633,"date":"2023-03-03T10:38:48","date_gmt":"2023-03-03T09:38:48","guid":{"rendered":"https:\/\/www.brikol.sk\/?post_type=product&#038;p=7633"},"modified":"2024-08-16T11:42:57","modified_gmt":"2024-08-16T09:42:57","slug":"aplikacna-pur-pistol-standard","status":"publish","type":"product","link":"https:\/\/www.brikol.sk\/fr\/produkt\/aplikacna-pur-pistol-standard\/","title":{"rendered":"Aplika\u010dn\u00e1 PUR pi\u0161to\u013e \u0160tandard"},"content":{"rendered":"<p><strong>Aplika\u010dn\u00e1 PUR pi\u0161to\u013e \u0160tandard<\/strong><\/p>\n<p>Aplika\u010dn\u00e1 pi\u0161to\u013e pre pohodln\u00fa a presn\u00fa plik\u00e1ciu polyuret\u00e1nov\u00fdch pien.<\/p>\n<p><strong>Prednosti oproti aplika\u010dnej trubi\u010dke:<\/strong><\/p>\n<ul>\n<li>opakovan\u00e1 pou\u017eite\u013enos\u0165 PUR peny<\/li>\n<li>regul\u00e1cia prietoku peny pi\u0161to\u013eou<\/li>\n<li>presn\u00e1 a rovnomern\u00e1 aplik\u00e1cia peny<\/li>\n<li>v\u00e4\u010d\u0161ia v\u00fddatnos\u0165 peny<\/li>\n<li>lep\u0161ia \u0161trukt\u00fara peny<\/li>\n<li>ni\u017e\u0161ia post expanzia peny<\/li>\n<\/ul>\n<h2><span style=\"font-size: 80%;\">Farba<\/span><\/h2>\n<ul>\n<li>zelen\u00e1<\/li>\n<\/ul>\n<h2><span style=\"font-size: 80%;\">\u0160pecifik\u00e1cia\u00a0<\/span><\/h2>\n<ul>\n<li>telo pi\u0161tole: termoplast<\/li>\n<li>materi\u00e1l rukov\u00e4te: termoplast<\/li>\n<\/ul>\n<p><span style=\"font-size: 75%;\">Tovar na externom sklade jeho expedovanie do 2 &#8211; 3 pracovn\u00fdch dn\u00ed<\/span><\/p>\n<p>&nbsp;<\/p>\n<p>&nbsp;<\/p>\n<p>&nbsp;<\/p>\n","protected":false},"excerpt":{"rendered":"<p>Aplika\u010dn\u00e1 pi\u0161to\u013e pre pohodln\u00fa a presn\u00fa plik\u00e1ciu polyuret\u00e1nov\u00fdch pien.<\/p>\n","protected":false},"featured_media":7634,"comment_status":"open","ping_status":"closed","template":"","meta":[],"product_cat":[81],"product_tag":[],"_links":{"self":[{"href":"https:\/\/www.brikol.sk\/fr\/wp-json\/wp\/v2\/product\/7633"}],"collection":[{"href":"https:\/\/www.brikol.sk\/fr\/wp-json\/wp\/v2\/product"}],"about":[{"href":"https:\/\/www.brikol.sk\/fr\/wp-json\/wp\/v2\/types\/product"}],"replies":[{"embeddable":true,"href":"https:\/\/www.brikol.sk\/fr\/wp-json\/wp\/v2\/comments?post=7633"}],"wp:featuredmedia":[{"embeddable":true,"href":"https:\/\/www.brikol.sk\/fr\/wp-json\/wp\/v2\/media\/7634"}],"wp:attachment":[{"href":"https:\/\/www.brikol.sk\/fr\/wp-json\/wp\/v2\/media?parent=7633"}],"wp:term":[{"taxonomy":"product_cat","embeddable":true,"href":"https:\/\/www.brikol.sk\/fr\/wp-json\/wp\/v2\/product_cat?post=7633"},{"taxonomy":"product_tag","embeddable":true,"href":"https:\/\/www.brikol.sk\/fr\/wp-json\/wp\/v2\/product_tag?post=7633"}],"curies":[{"name":"wp","href":"https:\/\/api.w.org\/{rel}","templated":true}]}}