{"id":7636,"date":"2023-03-03T11:03:04","date_gmt":"2023-03-03T10:03:04","guid":{"rendered":"https:\/\/www.brikol.sk\/?post_type=product&#038;p=7636"},"modified":"2024-08-16T11:41:35","modified_gmt":"2024-08-16T09:41:35","slug":"cistiace-obrusky","status":"publish","type":"product","link":"https:\/\/www.brikol.sk\/fr\/produkt\/cistiace-obrusky\/","title":{"rendered":"\u010cistiace obr\u00fasky"},"content":{"rendered":"<p><strong><span style=\"font-size: 110%;\">Vlhk\u00e9 \u010distiace obr\u00fasky,<\/span> <\/strong>ur\u010den\u00e9 na r\u00fdchle a \u0161etrn\u00e9 odstr\u00e1nenie nevytvrdnut\u00fdch zvy\u0161kov polyuret\u00e1nov\u00fdch pien a tmelov z r\u00fak, pracovn\u00fdch pom\u00f4cok a hladk\u00fdch nesav\u00fdch pl\u00f4ch. Obr\u00fasky s\u00fa vhodn\u00e9 aj na odstr\u00e1nenie \u010derstv\u00fdch zvy\u0161kov farieb, tla\u010diarensk\u00fdch farieb, lakov a mastn\u00f4t. Vyu\u017eite\u013en\u00e9 aj na \u010distenie povrchov zne\u010disten\u00fdch plastov.<\/p>\n<h2><span style=\"font-size: 80%;\">\u00a0Balenie<\/span><\/h2>\n<ul>\n<li>plastov\u00e1 d\u00f3za s obsahom 100 ks<\/li>\n<\/ul>\n<h2><span style=\"font-size: 80%;\">Prednosti\u00a0<\/span><\/h2>\n<ul>\n<li>ve\u013emi \u0161etrn\u00e9 a d\u00f4kladn\u00e9 \u010distenie<\/li>\n<li>jednoducho uzatv\u00e1rate\u013en\u00e9 a praktick\u00e9 balenie<\/li>\n<li>pr\u00edjemn\u00e1 v\u00f4\u0148a<\/li>\n<li>pou\u017eite\u013en\u00e9 na \u0161irok\u00e9 spektrum ne\u010dist\u00f4t<\/li>\n<\/ul>\n<p>&nbsp;<\/p>\n<p><span style=\"font-size: 75%;\">Tovar na externom sklade jeho expedovanie do 2 &#8211; 3 pracovn\u00fdch dn\u00ed<\/span><\/p>\n<p>&nbsp;<\/p>\n<p>&nbsp;<\/p>\n<p>&nbsp;<\/p>\n<p>&nbsp;<\/p>\n","protected":false},"excerpt":{"rendered":"<p><strong>Vlhk\u00e9 \u010distiace obr\u00fasky, <\/strong>ur\u010den\u00e9 na r\u00fdchle a \u0161etrn\u00e9 odstr\u00e1nenie nevytvrdnut\u00fdch zvy\u0161kov polyuret\u00e1nov\u00fdch pien a tmelov z r\u00fak, pracovn\u00fdch pom\u00f4cok a hladk\u00fdch nesav\u00fdch pl\u00f4ch. Obr\u00fasky s\u00fa vhodn\u00e9 aj na odstr\u00e1nenie \u010derstv\u00fdch zvy\u0161kov farieb, tla\u010diarensk\u00fdch farieb, lakov a mastn\u00f4t. Vyu\u017eite\u013en\u00e9 aj na \u010distenie povrchov zne\u010disten\u00fdch plastov.<\/p>\n","protected":false},"featured_media":7637,"comment_status":"open","ping_status":"closed","template":"","meta":[],"product_cat":[81],"product_tag":[],"_links":{"self":[{"href":"https:\/\/www.brikol.sk\/fr\/wp-json\/wp\/v2\/product\/7636"}],"collection":[{"href":"https:\/\/www.brikol.sk\/fr\/wp-json\/wp\/v2\/product"}],"about":[{"href":"https:\/\/www.brikol.sk\/fr\/wp-json\/wp\/v2\/types\/product"}],"replies":[{"embeddable":true,"href":"https:\/\/www.brikol.sk\/fr\/wp-json\/wp\/v2\/comments?post=7636"}],"wp:featuredmedia":[{"embeddable":true,"href":"https:\/\/www.brikol.sk\/fr\/wp-json\/wp\/v2\/media\/7637"}],"wp:attachment":[{"href":"https:\/\/www.brikol.sk\/fr\/wp-json\/wp\/v2\/media?parent=7636"}],"wp:term":[{"taxonomy":"product_cat","embeddable":true,"href":"https:\/\/www.brikol.sk\/fr\/wp-json\/wp\/v2\/product_cat?post=7636"},{"taxonomy":"product_tag","embeddable":true,"href":"https:\/\/www.brikol.sk\/fr\/wp-json\/wp\/v2\/product_tag?post=7636"}],"curies":[{"name":"wp","href":"https:\/\/api.w.org\/{rel}","templated":true}]}}