{"id":7644,"date":"2023-03-03T11:42:12","date_gmt":"2023-03-03T10:42:12","guid":{"rendered":"https:\/\/www.brikol.sk\/?post_type=product&#038;p=7644"},"modified":"2024-10-17T11:18:49","modified_gmt":"2024-10-17T09:18:49","slug":"stahovaci-popruh-na-komprimovane-pasky","status":"publish","type":"product","link":"https:\/\/www.brikol.sk\/fr\/produkt\/stahovaci-popruh-na-komprimovane-pasky\/","title":{"rendered":"S\u0165ahovac\u00ed popruh na komprimovan\u00e9 p\u00e1sky"},"content":{"rendered":"<h1><span style=\"font-size: 75%;\"><strong>S\u0165ahovac\u00ed popruh na komprimovan\u00e9 p\u00e1sky<\/strong><\/span><\/h1>\n<div class=\"popisObsah\">S\u0165ahovac\u00ed popruh na komprimovan\u00e9 p\u00e1sky otvoren\u00e1 rolka popruhu dlhodobo zabra\u0148uje ne\u017eiaducej expanzii komprimovan\u00fdch p\u00e1sok zo \u0161p\u00e1rovej v\u00fdplne. Ur\u010den\u00fd pre \u0161p\u00e1ry so \u0161\u00edrkou nad 30 mm.<\/div>\n<div><\/div>\n<div><span style=\"font-size: 75%;\">Tovar nach\u00e1dzaj\u00faci na externom sklade. Jeho expedovanie\u00a0 do 2 &#8211; 3 pracovn\u00fdch dn\u00ed<\/span><\/div>\n<p>&nbsp;<\/p>\n<p>&nbsp;<\/p>\n<p>&nbsp;<\/p>\n","protected":false},"excerpt":{"rendered":"<p>Otvoren\u00e1 rolka popruhu dlhodobo zabra\u0148uje ne\u017eiaducej expanzii komprimovan\u00fdch p\u00e1sok zo \u0161p\u00e1rovej v\u00fdplne. Ur\u010den\u00fd pre \u0161p\u00e1ry so \u0161\u00edrkou nad 30 mm.<\/p>\n","protected":false},"featured_media":7647,"comment_status":"open","ping_status":"closed","template":"","meta":[],"product_cat":[81],"product_tag":[],"_links":{"self":[{"href":"https:\/\/www.brikol.sk\/fr\/wp-json\/wp\/v2\/product\/7644"}],"collection":[{"href":"https:\/\/www.brikol.sk\/fr\/wp-json\/wp\/v2\/product"}],"about":[{"href":"https:\/\/www.brikol.sk\/fr\/wp-json\/wp\/v2\/types\/product"}],"replies":[{"embeddable":true,"href":"https:\/\/www.brikol.sk\/fr\/wp-json\/wp\/v2\/comments?post=7644"}],"wp:featuredmedia":[{"embeddable":true,"href":"https:\/\/www.brikol.sk\/fr\/wp-json\/wp\/v2\/media\/7647"}],"wp:attachment":[{"href":"https:\/\/www.brikol.sk\/fr\/wp-json\/wp\/v2\/media?parent=7644"}],"wp:term":[{"taxonomy":"product_cat","embeddable":true,"href":"https:\/\/www.brikol.sk\/fr\/wp-json\/wp\/v2\/product_cat?post=7644"},{"taxonomy":"product_tag","embeddable":true,"href":"https:\/\/www.brikol.sk\/fr\/wp-json\/wp\/v2\/product_tag?post=7644"}],"curies":[{"name":"wp","href":"https:\/\/api.w.org\/{rel}","templated":true}]}}