{"id":794,"date":"2018-12-05T12:12:04","date_gmt":"2018-12-05T11:12:04","guid":{"rendered":"https:\/\/www.brikol.sk\/?post_type=product&#038;p=794"},"modified":"2026-02-26T14:00:59","modified_gmt":"2026-02-26T13:00:59","slug":"krytky-pantov-gu","status":"publish","type":"product","link":"https:\/\/www.brikol.sk\/fr\/produkt\/krytky-pantov-gu\/","title":{"rendered":"Krytky p\u00e1ntov GU \/ sada"},"content":{"rendered":"<p>Krytky p\u00e1ntov ur\u010den\u00e9 pre kovanie GU na plastov\u00e9 okn\u00e1. S\u00fa\u010das\u0165ou balenia:\u00a0 spodn\u00e9 krytky z\u00e1vesu a vrchn\u00e9 krytky z\u00e1vesu.<\/p>\n<p>Vrchn\u00e1 krytka r\u00e1mov\u00e9ho lo\u017eiska &#8211; 95 mm, rozte\u010d 62 mm<br \/>\nVrchn\u00e1 krytka kr\u00eddlov\u00e9ho uholn\u00edku &#8211; 61 mm<br \/>\nSpodn\u00e1 krytka r\u00e1mov\u00e9ho dielu mal\u00e1 &#8211; 18 mm<br \/>\nSpodn\u00e1 krytka kr\u00eddlov\u00e9ho dielu -80 mm<\/p>\n","protected":false},"excerpt":{"rendered":"<p>Krytky p\u00e1ntov ur\u010den\u00e9 pre kovanie GU na plastov\u00e9 okn\u00e1. S\u00fa\u010das\u0165ou s\u00fa spodn\u00e9 krytky z\u00e1vesu a vrchn\u00e9 krytky z\u00e1vesu.<\/p>\n","protected":false},"featured_media":7786,"comment_status":"open","ping_status":"closed","template":"","meta":[],"product_cat":[68,211,91,212],"product_tag":[],"_links":{"self":[{"href":"https:\/\/www.brikol.sk\/fr\/wp-json\/wp\/v2\/product\/794"}],"collection":[{"href":"https:\/\/www.brikol.sk\/fr\/wp-json\/wp\/v2\/product"}],"about":[{"href":"https:\/\/www.brikol.sk\/fr\/wp-json\/wp\/v2\/types\/product"}],"replies":[{"embeddable":true,"href":"https:\/\/www.brikol.sk\/fr\/wp-json\/wp\/v2\/comments?post=794"}],"wp:featuredmedia":[{"embeddable":true,"href":"https:\/\/www.brikol.sk\/fr\/wp-json\/wp\/v2\/media\/7786"}],"wp:attachment":[{"href":"https:\/\/www.brikol.sk\/fr\/wp-json\/wp\/v2\/media?parent=794"}],"wp:term":[{"taxonomy":"product_cat","embeddable":true,"href":"https:\/\/www.brikol.sk\/fr\/wp-json\/wp\/v2\/product_cat?post=794"},{"taxonomy":"product_tag","embeddable":true,"href":"https:\/\/www.brikol.sk\/fr\/wp-json\/wp\/v2\/product_tag?post=794"}],"curies":[{"name":"wp","href":"https:\/\/api.w.org\/{rel}","templated":true}]}}