{"id":8219,"date":"2023-05-18T15:16:49","date_gmt":"2023-05-18T13:16:49","guid":{"rendered":"https:\/\/www.brikol.sk\/?post_type=product&#038;p=8219"},"modified":"2026-01-08T08:40:29","modified_gmt":"2026-01-08T07:40:29","slug":"univerzalny-pant-pre-plastove-okna","status":"publish","type":"product","link":"https:\/\/www.brikol.sk\/fr\/produkt\/univerzalny-pant-pre-plastove-okna\/","title":{"rendered":"Univerz\u00e1lny p\u00e1nt pre plastov\u00e9 okn\u00e1"},"content":{"rendered":"<p>Vhodn\u00fd pre plastov\u00e9 sklopn\u00e9 okn\u00e1<\/p>\n<ul>\n<li>priemer 14 mm<\/li>\n<li>\u00a0v\u00fd\u0161ka 80 mm<\/li>\n<li>bez\u00fadr\u017ebov\u00e9 pou\u017e\u00edvanie<\/li>\n<li>dlh\u00e1 \u017eivotnos\u0165<\/li>\n<\/ul>\n<p><span style=\"text-decoration: underline;\"><strong>Na stiahnutie<\/strong><\/span><\/p>\n<p><a href=\"https:\/\/www.brikol.sk\/wp-content\/uploads\/2023\/05\/technicky-list.pdf\">technicky list<\/a><\/p>\n","protected":false},"excerpt":{"rendered":"<p>Vhodn\u00fd pre plastov\u00e9 sklopn\u00e9 okn\u00e1<\/p>\n<ul>\n<li>priemer 14 mm<\/li>\n<li>\u00a0v\u00fd\u0161ka 80 mm<\/li>\n<li>bez\u00fadr\u017ebov\u00e9 pou\u017e\u00edvanie<\/li>\n<li>dlh\u00e1 \u017eivotnos\u0165<\/li>\n<\/ul>\n","protected":false},"featured_media":8227,"comment_status":"open","ping_status":"closed","template":"","meta":[],"product_cat":[68,211,90,91,92,93,101],"product_tag":[],"_links":{"self":[{"href":"https:\/\/www.brikol.sk\/fr\/wp-json\/wp\/v2\/product\/8219"}],"collection":[{"href":"https:\/\/www.brikol.sk\/fr\/wp-json\/wp\/v2\/product"}],"about":[{"href":"https:\/\/www.brikol.sk\/fr\/wp-json\/wp\/v2\/types\/product"}],"replies":[{"embeddable":true,"href":"https:\/\/www.brikol.sk\/fr\/wp-json\/wp\/v2\/comments?post=8219"}],"wp:featuredmedia":[{"embeddable":true,"href":"https:\/\/www.brikol.sk\/fr\/wp-json\/wp\/v2\/media\/8227"}],"wp:attachment":[{"href":"https:\/\/www.brikol.sk\/fr\/wp-json\/wp\/v2\/media?parent=8219"}],"wp:term":[{"taxonomy":"product_cat","embeddable":true,"href":"https:\/\/www.brikol.sk\/fr\/wp-json\/wp\/v2\/product_cat?post=8219"},{"taxonomy":"product_tag","embeddable":true,"href":"https:\/\/www.brikol.sk\/fr\/wp-json\/wp\/v2\/product_tag?post=8219"}],"curies":[{"name":"wp","href":"https:\/\/api.w.org\/{rel}","templated":true}]}}