{"id":8279,"date":"2023-06-02T11:13:37","date_gmt":"2023-06-02T09:13:37","guid":{"rendered":"https:\/\/www.brikol.sk\/?post_type=product&#038;p=8279"},"modified":"2026-01-08T08:39:46","modified_gmt":"2026-01-08T07:39:46","slug":"roto-krytka-pritlacneho-pantu-biela-ks-kopia","status":"publish","type":"product","link":"https:\/\/www.brikol.sk\/fr\/produkt\/roto-krytka-pritlacneho-pantu-biela-ks-kopia\/","title":{"rendered":"Krytka pr\u00edtla\u010dn\u00e9ho p\u00e1ntu Roto biela \/ p\u00e1r"},"content":{"rendered":"<p>Krytka pr\u00edtla\u010dn\u00e9ho p\u00e1ntu obsahuje 1r\u00e1mov\u00fa krytku a 1 krytku kr\u00eddlov\u00fa. Krytky sa nas\u00favaj\u00fa na diel pr\u00edtla\u010dn\u00e9ho z\u00e1vesu .<\/p>\n<p>&nbsp;<\/p>\n<p>&nbsp;<\/p>\n","protected":false},"excerpt":{"rendered":"<p>Krytka pr\u00edtla\u010dn\u00e9ho p\u00e1ntu Roto.<\/p>\n","protected":false},"featured_media":8283,"comment_status":"open","ping_status":"closed","template":"","meta":[],"product_cat":[68,93,212],"product_tag":[],"_links":{"self":[{"href":"https:\/\/www.brikol.sk\/fr\/wp-json\/wp\/v2\/product\/8279"}],"collection":[{"href":"https:\/\/www.brikol.sk\/fr\/wp-json\/wp\/v2\/product"}],"about":[{"href":"https:\/\/www.brikol.sk\/fr\/wp-json\/wp\/v2\/types\/product"}],"replies":[{"embeddable":true,"href":"https:\/\/www.brikol.sk\/fr\/wp-json\/wp\/v2\/comments?post=8279"}],"wp:featuredmedia":[{"embeddable":true,"href":"https:\/\/www.brikol.sk\/fr\/wp-json\/wp\/v2\/media\/8283"}],"wp:attachment":[{"href":"https:\/\/www.brikol.sk\/fr\/wp-json\/wp\/v2\/media?parent=8279"}],"wp:term":[{"taxonomy":"product_cat","embeddable":true,"href":"https:\/\/www.brikol.sk\/fr\/wp-json\/wp\/v2\/product_cat?post=8279"},{"taxonomy":"product_tag","embeddable":true,"href":"https:\/\/www.brikol.sk\/fr\/wp-json\/wp\/v2\/product_tag?post=8279"}],"curies":[{"name":"wp","href":"https:\/\/api.w.org\/{rel}","templated":true}]}}