{"id":8624,"date":"2023-07-17T09:24:21","date_gmt":"2023-07-17T07:24:21","guid":{"rendered":"https:\/\/www.brikol.sk\/?post_type=product&#038;p=8624"},"modified":"2024-07-09T10:33:16","modified_gmt":"2024-07-09T08:33:16","slug":"distancna-podlozka-pod-zaluzie-climax-par","status":"publish","type":"product","link":"https:\/\/www.brikol.sk\/fr\/produkt\/distancna-podlozka-pod-zaluzie-climax-par\/","title":{"rendered":"Distan\u010dn\u00e1 podlo\u017eka pod \u017eal\u00fazie Climax biela \/ p\u00e1r"},"content":{"rendered":"<p><strong>Distan\u010dn\u00e1 podlo\u017eka pod \u017eal\u00fazie CLIMAX<\/strong><\/p>\n<p>Podlo\u017eka ur\u010den\u00e1 pod z\u00e1kladn\u00fa \u010das\u0165 IDS.<\/p>\n<p>V\u00fd\u0161ka podlo\u017eky &#8211; <strong>4 mm<\/strong><\/p>\n<p>Pou\u017e\u00edva sa v pr\u00edpade \u00fazkych zasklievac\u00edch l\u00ed\u0161t, aby bolo mo\u017en\u00e9 ot\u00e1\u010da\u0165 lamely \u017eal\u00fazie a t\u00fdm zabezpe\u010d\u00ed ich funk\u010dnos\u0165.<\/p>\n<p>&nbsp;<\/p>\n","protected":false},"excerpt":{"rendered":"<p>Podlo\u017eka je ur\u010den\u00e1 pod <strong><a href=\"https:\/\/www.brikol.sk\/produkt\/zakladna-cast-pre-climax\/\">z\u00e1kladn\u00fa \u010das\u0165<\/a><\/strong> IDS.<\/p>\n<p>V\u00fd\u0161ka podlo\u017eky je 4 mm, pou\u017e\u00edva sa v pr\u00edpade \u00fazkych zasklievac\u00edch l\u00ed\u0161t, aby bolo mo\u017en\u00e9 ot\u00e1\u010da\u0165 lamely \u017eal\u00fazie a t\u00fdm zabezpe\u010d\u00ed ich funk\u010dnos\u0165.<\/p>\n","protected":false},"featured_media":8629,"comment_status":"open","ping_status":"closed","template":"","meta":[],"product_cat":[65,87],"product_tag":[],"_links":{"self":[{"href":"https:\/\/www.brikol.sk\/fr\/wp-json\/wp\/v2\/product\/8624"}],"collection":[{"href":"https:\/\/www.brikol.sk\/fr\/wp-json\/wp\/v2\/product"}],"about":[{"href":"https:\/\/www.brikol.sk\/fr\/wp-json\/wp\/v2\/types\/product"}],"replies":[{"embeddable":true,"href":"https:\/\/www.brikol.sk\/fr\/wp-json\/wp\/v2\/comments?post=8624"}],"wp:featuredmedia":[{"embeddable":true,"href":"https:\/\/www.brikol.sk\/fr\/wp-json\/wp\/v2\/media\/8629"}],"wp:attachment":[{"href":"https:\/\/www.brikol.sk\/fr\/wp-json\/wp\/v2\/media?parent=8624"}],"wp:term":[{"taxonomy":"product_cat","embeddable":true,"href":"https:\/\/www.brikol.sk\/fr\/wp-json\/wp\/v2\/product_cat?post=8624"},{"taxonomy":"product_tag","embeddable":true,"href":"https:\/\/www.brikol.sk\/fr\/wp-json\/wp\/v2\/product_tag?post=8624"}],"curies":[{"name":"wp","href":"https:\/\/api.w.org\/{rel}","templated":true}]}}