{"id":8632,"date":"2023-07-17T11:44:00","date_gmt":"2023-07-17T09:44:00","guid":{"rendered":"https:\/\/www.brikol.sk\/?post_type=product&#038;p=8632"},"modified":"2025-12-14T22:33:12","modified_gmt":"2025-12-14T21:33:12","slug":"konzolka-lamely-25-mm-zaluzie-ks","status":"publish","type":"product","link":"https:\/\/www.brikol.sk\/fr\/produkt\/konzolka-lamely-25-mm-zaluzie-ks\/","title":{"rendered":"Konzolka prvej lamely \u017eal\u00fazie 25 mm \/ ks"},"content":{"rendered":"<div id=\"konzola-prvej-lamely\">\n<p><span style=\"font-size: 100%;\"><strong>Konzolka<\/strong> prvej lamely 25 mm \u017eal\u00fazie, sl\u00fa\u017ei pre uchytenie rebr\u00ed\u010dku na prvej lamele \u017eal\u00fazie. <\/span><\/p>\n<p>Pou\u017e\u00edvan\u00e9 namiesto predt\u00fdm pou\u017e\u00edvan\u00fdch konzoliek prvej lamely z hlin\u00edkov\u00e9ho plechu, ktor\u00e9mu \u010dasto opadnu \u00ab\u00a0u\u0161k\u00e1\u00a0\u00bb a potom der\u00fa textiln\u00fa p\u00e1sku pre vytahovanie lamiel \u017eal\u00fazie. Plastov\u00e1 konzolka sa nacvakne na prv\u00fa lamelu pod horn\u00fdm profilom (lamela sa mierne zatla\u010d\u00ed medzi prstami)<\/p>\n<h3><\/h3>\n<p>&nbsp;<\/p>\n<\/div>\n","protected":false},"excerpt":{"rendered":"<p><strong>Konzolka<\/strong> prvej lamely 25mm \u017eal\u00fazie, sl\u00fa\u017ei pre uchytenie rebr\u00ed\u010dku na prvej lamele \u017eal\u00fa&#8230;<a href=\"#konzola-prvej-lamely\"><span style=\"text-decoration: underline; color: #0000ff;\"><strong>Viac v popise<\/strong><\/span><\/a><\/p>\n","protected":false},"featured_media":8633,"comment_status":"open","ping_status":"closed","template":"","meta":[],"product_cat":[65,87],"product_tag":[],"_links":{"self":[{"href":"https:\/\/www.brikol.sk\/fr\/wp-json\/wp\/v2\/product\/8632"}],"collection":[{"href":"https:\/\/www.brikol.sk\/fr\/wp-json\/wp\/v2\/product"}],"about":[{"href":"https:\/\/www.brikol.sk\/fr\/wp-json\/wp\/v2\/types\/product"}],"replies":[{"embeddable":true,"href":"https:\/\/www.brikol.sk\/fr\/wp-json\/wp\/v2\/comments?post=8632"}],"wp:featuredmedia":[{"embeddable":true,"href":"https:\/\/www.brikol.sk\/fr\/wp-json\/wp\/v2\/media\/8633"}],"wp:attachment":[{"href":"https:\/\/www.brikol.sk\/fr\/wp-json\/wp\/v2\/media?parent=8632"}],"wp:term":[{"taxonomy":"product_cat","embeddable":true,"href":"https:\/\/www.brikol.sk\/fr\/wp-json\/wp\/v2\/product_cat?post=8632"},{"taxonomy":"product_tag","embeddable":true,"href":"https:\/\/www.brikol.sk\/fr\/wp-json\/wp\/v2\/product_tag?post=8632"}],"curies":[{"name":"wp","href":"https:\/\/api.w.org\/{rel}","templated":true}]}}