{"id":8644,"date":"2023-07-18T10:30:26","date_gmt":"2023-07-18T08:30:26","guid":{"rendered":"https:\/\/www.brikol.sk\/?post_type=product&#038;p=8644"},"modified":"2026-04-20T16:16:35","modified_gmt":"2026-04-20T14:16:35","slug":"nahradna-sietovina-80-cm","status":"publish","type":"product","link":"https:\/\/www.brikol.sk\/fr\/produkt\/nahradna-sietovina-80-cm\/","title":{"rendered":"N\u00e1hradn\u00e1 sie\u0165ovina pre sie\u0165ky proti hmyzu 80cm\/meter"},"content":{"rendered":"<div class=\"product-short-description\">\n<p data-start=\"829\" data-end=\"1014\">N\u00e1hradn\u00e1 sie\u0165ovina 80 cm je vhodn\u00e1 na opravu alebo v\u00fdmenu po\u0161kodenej siete v okenn\u00fdch a dverov\u00fdch r\u00e1moch.<br data-start=\"934\" data-end=\"937\" \/>Ide\u00e1lne rie\u0161enie pri roztrhnut\u00ed, po\u0161koden\u00ed alebo opotrebovan\u00ed p\u00f4vodnej siete.<\/p>\n<p data-start=\"1016\" data-end=\"1140\">Sie\u0165ovina je UV stabiln\u00e1, odoln\u00e1 vo\u010di poveternostn\u00fdm vplyvom a zachov\u00e1va si st\u00e1ly farebn\u00fd odtie\u0148 aj pri dlhodobom pou\u017e\u00edvan\u00ed.<\/p>\n<p data-start=\"1142\" data-end=\"1255\">Predaj na cel\u00e9 metre:<br data-start=\"1163\" data-end=\"1166\" \/>1 ks = 1 meter sie\u0165oviny v s\u00favislom kuse.<br data-start=\"1207\" data-end=\"1210\" \/>Pri objedn\u00e1vke 4 ks dod\u00e1vame 4 metre v celku.<\/p>\n<p data-start=\"1257\" data-end=\"1357\">Najdlh\u0161\u00ed nerozdelen\u00fd n\u00e1vin je 30 m.<br data-start=\"1292\" data-end=\"1295\" \/>Objedn\u00e1vky nad 30 m bud\u00fa rozdelen\u00e9 (napr. 40 m = 30 m + 10 m).<\/p>\n<p data-start=\"1359\" data-end=\"1470\">Odpor\u00fa\u010danie:<br data-start=\"1371\" data-end=\"1374\" \/>Pre v\u00fdmenu siete v be\u017enom okne (cca 70 cm x 120\/140 cm) odpor\u00fa\u010dame 2 metre sie\u0165oviny.<\/p>\n<p data-start=\"1472\" data-end=\"1533\">Pre kompletn\u00fa v\u00fdmenu odpor\u00fa\u010dame objedna\u0165 aj <a href=\"https:\/\/www.brikol.sk\/produkt\/zaistovacia-guma-na-uchytenie-sietoviny-do-ramu-sietky-proti-hmyzu\/\">zais\u0165ovaciu gumu<\/a>.<\/p>\n<p><strong>Sie\u0165ovinu dod\u00e1vame VCELKU pod\u013ea objednan\u00e9ho po\u010dtu metrov.<\/strong><\/p>\n<div class=\"p-short-description\" data-testid=\"productCardShortDescr\">\n<p><span style=\"color: #ff0000;\">Maxim\u00e1lna d\u013a\u017eka neobmedzen\u00e1, av\u0161ak najdlh\u0161\u00ed nerozdelen\u00fd n\u00e1vin &#8211; 30 m.<br \/>\nObjedn\u00e1vky dlh\u0161ie ako 30 m bud\u00fa rozdelen\u00e9 na 2 a viac kusov (napr. 40 m =\u00a0 30 m + 10 m). Pri objednan\u00ed napr. 4m, zadan\u00ed do ko\u0161\u00edka \u010d\u00edslo 4 &#8211; sie\u0165ovina nameran\u00e1 v CELKU s\u00favisle 4m.<\/span><\/p>\n<p>&nbsp;<\/p>\n<p><strong>Videon\u00e1vod na v\u00fdmenu sie\u0165oviny:<\/strong><strong> <a href=\"https:\/\/www.youtube.com\/watch?v=LL8OxADOhLU\"><span style=\"color: #000080;\">TU<\/span><\/a><\/strong><\/p>\n<p>&nbsp;<\/p>\n<\/div>\n<\/div>\n","protected":false},"excerpt":{"rendered":"<p>N\u00e1hradn\u00e1 sie\u0165ovina \u0161\u00edrky 80 cm na v\u00fdmenu po\u0161kodenej siete v okn\u00e1ch a dver\u00e1ch.<\/p>\n<p>&nbsp;<\/p>\n<p>Predaj na cel\u00e9 metre \u2013 1 ks = 1 meter v celku.<br data-start=\"689\" data-end=\"692\" \/>Pre be\u017en\u00e9 okno (cca 70cm x 120\/140 cm) odpor\u00fa\u010dame 2 metre sie\u0165oviny.<\/p>\n<div data-testid=\"productCardShortDescr\">\n<p><span style=\"color: #ff0000;\">Maxim\u00e1lna d\u013a\u017eka nie je\u00a0 obmedzen\u00e1, av\u0161ak najdlh\u0161\u00ed nerozdelen\u00fd n\u00e1vin je 30 m.<\/span><br \/>\n<span style=\"color: #ff0000;\">Objedn\u00e1vky dlh\u0161ie ako 30 m bud\u00fa rozdelen\u00e9 na 2 a viac kusov (napr. 40 m =\u00a0 30 m + 10 m). Pri objednan\u00ed napr. 4m a zadan\u00ed do ko\u0161\u00edka \u010d\u00edslo 4 bude sie\u0165ovina v celku 4m.<\/span><\/p>\n<\/div>\n","protected":false},"featured_media":8647,"comment_status":"open","ping_status":"closed","template":"","meta":[],"product_cat":[83,99],"product_tag":[],"_links":{"self":[{"href":"https:\/\/www.brikol.sk\/fr\/wp-json\/wp\/v2\/product\/8644"}],"collection":[{"href":"https:\/\/www.brikol.sk\/fr\/wp-json\/wp\/v2\/product"}],"about":[{"href":"https:\/\/www.brikol.sk\/fr\/wp-json\/wp\/v2\/types\/product"}],"replies":[{"embeddable":true,"href":"https:\/\/www.brikol.sk\/fr\/wp-json\/wp\/v2\/comments?post=8644"}],"wp:featuredmedia":[{"embeddable":true,"href":"https:\/\/www.brikol.sk\/fr\/wp-json\/wp\/v2\/media\/8647"}],"wp:attachment":[{"href":"https:\/\/www.brikol.sk\/fr\/wp-json\/wp\/v2\/media?parent=8644"}],"wp:term":[{"taxonomy":"product_cat","embeddable":true,"href":"https:\/\/www.brikol.sk\/fr\/wp-json\/wp\/v2\/product_cat?post=8644"},{"taxonomy":"product_tag","embeddable":true,"href":"https:\/\/www.brikol.sk\/fr\/wp-json\/wp\/v2\/product_tag?post=8644"}],"curies":[{"name":"wp","href":"https:\/\/api.w.org\/{rel}","templated":true}]}}