{"id":8690,"date":"2023-07-22T17:18:21","date_gmt":"2023-07-22T15:18:21","guid":{"rendered":"https:\/\/www.brikol.sk\/?post_type=product&#038;p=8690"},"modified":"2025-10-17T07:12:51","modified_gmt":"2025-10-17T05:12:51","slug":"zakladna-cast-pre-idk-par","status":"publish","type":"product","link":"https:\/\/www.brikol.sk\/fr\/produkt\/zakladna-cast-pre-idk-par\/","title":{"rendered":"Z\u00e1kladn\u00e1 \u010das\u0165 pre IDK \/ p\u00e1r"},"content":{"rendered":"<p>T\u00e1to z\u00e1kladn\u00e1 \u010das\u0165 je pou\u017eit\u00e9 iba u \u017eal\u00fazi\u00ed<strong> Climax &#8211; IDK.<\/strong><\/p>\n<p>Vedenie je zo str\u00e1n nasunut\u00e9 do horn\u00e9ho profilu \u017eal\u00fazie, na jednej strane ( pravej\/\u013eavej ) je veden\u00e1 retiazka.<\/p>\n<p>&nbsp;<\/p>\n","protected":false},"excerpt":{"rendered":"<p>Z\u00e1kladn\u00e1 \u010das\u0165 pre IDK toto vedenie je pou\u017eit\u00fa iba u \u017eal\u00fazi\u00ed <strong>Climax &#8211; IDK<\/strong><\/p>\n","protected":false},"featured_media":8691,"comment_status":"open","ping_status":"closed","template":"","meta":[],"product_cat":[65,87],"product_tag":[],"_links":{"self":[{"href":"https:\/\/www.brikol.sk\/fr\/wp-json\/wp\/v2\/product\/8690"}],"collection":[{"href":"https:\/\/www.brikol.sk\/fr\/wp-json\/wp\/v2\/product"}],"about":[{"href":"https:\/\/www.brikol.sk\/fr\/wp-json\/wp\/v2\/types\/product"}],"replies":[{"embeddable":true,"href":"https:\/\/www.brikol.sk\/fr\/wp-json\/wp\/v2\/comments?post=8690"}],"wp:featuredmedia":[{"embeddable":true,"href":"https:\/\/www.brikol.sk\/fr\/wp-json\/wp\/v2\/media\/8691"}],"wp:attachment":[{"href":"https:\/\/www.brikol.sk\/fr\/wp-json\/wp\/v2\/media?parent=8690"}],"wp:term":[{"taxonomy":"product_cat","embeddable":true,"href":"https:\/\/www.brikol.sk\/fr\/wp-json\/wp\/v2\/product_cat?post=8690"},{"taxonomy":"product_tag","embeddable":true,"href":"https:\/\/www.brikol.sk\/fr\/wp-json\/wp\/v2\/product_tag?post=8690"}],"curies":[{"name":"wp","href":"https:\/\/api.w.org\/{rel}","templated":true}]}}