{"id":8692,"date":"2023-07-22T17:45:55","date_gmt":"2023-07-22T15:45:55","guid":{"rendered":"https:\/\/www.brikol.sk\/?post_type=product&#038;p=8692"},"modified":"2026-04-21T09:25:31","modified_gmt":"2026-04-21T07:25:31","slug":"fixacny-kolik-cuplik-silonu-climax-3-mm-ks","status":"publish","type":"product","link":"https:\/\/www.brikol.sk\/fr\/produkt\/fixacny-kolik-cuplik-silonu-climax-3-mm-ks\/","title":{"rendered":"Fixa\u010dn\u00fd kol\u00edk (cupl\u00edk) sil\u00f3nu Climax   \/ ks"},"content":{"rendered":"<p><strong><span style=\"font-size: 115%;\">Fixa\u010dn\u00fd kol\u00edk (cupl\u00edk) sil\u00f3nu Climax<\/span> <\/strong><\/p>\n<p>Fixa\u010dn\u00fd kol\u00edk (cupl\u00edk) sil\u00f3nu s priemerom 3 mm pre horizont\u00e1lne \u017eal\u00fazie sl\u00fa\u017ei na zafixovanie sil\u00f3nu (vodiacieho lanka) do dierky na zasklievacej li\u0161te plastov\u00e9ho alebo dreven\u00e9ho okna.<\/p>\n<p>Pokia\u013e sa V\u00e1m tieto fixa\u010dn\u00e9 kol\u00edky k \u017eal\u00faziam po\u0161kodili a potrebujete ich vymeni\u0165, sta\u010d\u00ed si zvo\u013ei\u0165 vami po\u017eadovan\u00fd po\u010det kusov a farbu. V ponuke m\u00e1me viacer\u00e9 farebn\u00e9 prevedenia kol\u00edkov :<\/p>\n<ul>\n<li>biela<\/li>\n<li>svetlohned\u00e1<\/li>\n<li>tmavohned\u00e1<\/li>\n<li>siv\u00e1<\/li>\n<\/ul>\n<p>Fixa\u010dn\u00fd kol\u00edk (cupl\u00edk) sil\u00f3nu Climax\u00a0 sa vklad\u00e1 do dierky na vodiacej li\u0161te.\u00a0 Pokia\u013e sa jedn\u00e1 o nov\u00e9 okno a dierka tam e\u0161te nie je, je potrebn\u00e9 ju do zasklievacej li\u0161ty vyv\u0155ta\u0165. Pri danom type fixa\u010dn\u00e9ho kol\u00edku pou\u017e\u00edvame vrt\u00e1k o priemere 3 mm.<\/p>\n<p>Ak sa v dierke nach\u00e1dza zvy\u0161ok sil\u00f3nu, pok\u00fasime sa ho vybra\u0165. Za\u010dneme t\u00fdm \u017ee si najprv povol\u00edme vodiaci sil\u00f3n a to tak, \u017ee na vrchnom nosn\u00edku \u017eal\u00fazie zlo\u017e\u00edme <strong><a href=\"https:\/\/www.brikol.sk\/produkt\/bocne-krytky-isoline-nahradne-diely-na-zaluzie\/\">bo\u010dn\u00e9 krytky<\/a><\/strong> (v\u00e4\u010d\u0161inou s\u00fa len nacvaknut\u00e9 alebo len nasunut\u00e9). Na <strong><a href=\"https:\/\/www.brikol.sk\/produkt\/zakladna-cast-isoline-nahradne-diely-na-zaluzie\/\">z\u00e1kladnej \u010dasti<\/a><\/strong> kotr\u00e1 sa pod nimi nach\u00e1dza povol\u00edme <strong><a href=\"https:\/\/www.brikol.sk\/produkt\/silon-zilka-zaluzie\/\">vodiaci sil\u00f3n<\/a><\/strong>. Pri\u010dom over\u00edme jeho kvalitu, aby sa pr\u00edpadn\u00e1 v\u00fdmena mohla vykona\u0165 naraz. Dalej sa fixa\u010dn\u00fd kol\u00edk navle\u010die na vodiaci sil\u00f3n (lanko), za kol\u00edkom na konci urob\u00edme uzl\u00edk, ktor\u00fd poriadne zatiahneme. Ten vlo\u017e\u00edme do pripravenej dierky v zaslievacej li\u0161te okna a potom ho zafixujeme kol\u00edkom. Nakoniec napneme vodiaci sil\u00f3n na hornom profile z\u00e1kladnej \u010dasti.<\/p>\n<p>&nbsp;<\/p>\n","protected":false},"excerpt":{"rendered":"<p><strong>Fixa\u010dn\u00fd kol\u00edk sil\u00f3nu 3 mm<\/strong> pre horizont\u00e1lne \u017eal\u00fazie sl\u00fa\u017ei na zafixovanie sil\u00f3nu do dierky, ktor\u00e1 sa v\u0155ta do profilu plastov\u00e9ho alebo dreven\u00e9ho okna.<\/p>\n","protected":false},"featured_media":9869,"comment_status":"closed","ping_status":"closed","template":"","meta":[],"product_cat":[65,87,85,84,86,88,96],"product_tag":[],"_links":{"self":[{"href":"https:\/\/www.brikol.sk\/fr\/wp-json\/wp\/v2\/product\/8692"}],"collection":[{"href":"https:\/\/www.brikol.sk\/fr\/wp-json\/wp\/v2\/product"}],"about":[{"href":"https:\/\/www.brikol.sk\/fr\/wp-json\/wp\/v2\/types\/product"}],"replies":[{"embeddable":true,"href":"https:\/\/www.brikol.sk\/fr\/wp-json\/wp\/v2\/comments?post=8692"}],"wp:featuredmedia":[{"embeddable":true,"href":"https:\/\/www.brikol.sk\/fr\/wp-json\/wp\/v2\/media\/9869"}],"wp:attachment":[{"href":"https:\/\/www.brikol.sk\/fr\/wp-json\/wp\/v2\/media?parent=8692"}],"wp:term":[{"taxonomy":"product_cat","embeddable":true,"href":"https:\/\/www.brikol.sk\/fr\/wp-json\/wp\/v2\/product_cat?post=8692"},{"taxonomy":"product_tag","embeddable":true,"href":"https:\/\/www.brikol.sk\/fr\/wp-json\/wp\/v2\/product_tag?post=8692"}],"curies":[{"name":"wp","href":"https:\/\/api.w.org\/{rel}","templated":true}]}}