{"id":8865,"date":"2023-08-09T09:28:37","date_gmt":"2023-08-09T07:28:37","guid":{"rendered":"https:\/\/www.brikol.sk\/?post_type=product&#038;p=8865"},"modified":"2026-04-07T16:19:22","modified_gmt":"2026-04-07T14:19:22","slug":"drziak-siete-proti-hmyzu","status":"publish","type":"product","link":"https:\/\/www.brikol.sk\/fr\/produkt\/drziak-siete-proti-hmyzu\/","title":{"rendered":"Dr\u017eiak siete &#8211; u\u0161ko okennej sie\u0165e proti hmyzu"},"content":{"rendered":"<h1 class=\"avatar-container ng-tns-c3353267260-53 ng-trigger ng-trigger-scaleDown\"><span style=\"font-size: 80%;\"><strong>Dr\u017eiak siete &#8211; u\u0161ko: U\u013eah\u010dite si mont\u00e1\u017e okenn\u00fdch siet\u00ed proti hmyzu<\/strong><\/span><\/h1>\n<div class=\"avatar_spinner_animation ng-tns-c3353267260-53 ng-star-inserted\">\n<div class=\"avatar_spinner_animation ng-tns-c3353267260-53 ng-star-inserted\">\n<p data-sourcepos=\"5:1-5:339\"><strong>Predov\u0161etk\u00fdm<\/strong>, mont\u00e1\u017e okenn\u00fdch siet\u00ed proti hmyzu m\u00f4\u017ee by\u0165 niekedy n\u00e1ro\u010dn\u00e1, <strong>obzvl\u00e1\u0161\u0165<\/strong> ak nem\u00e1te spr\u00e1vne pom\u00f4cky. <strong>V tomto pr\u00edpade<\/strong> dr\u017eiak siete proti hmyzu predstavuje ide\u00e1lne rie\u0161enie pre jednoduch\u00fa a r\u00fdchlu manipul\u00e1ciu pri mont\u00e1\u017ei. <strong>V\u010faka nemu, prirodzene,<\/strong> zvl\u00e1dnete upevnenie sie\u0165ky na r\u00e1m okna bez zbyto\u010dn\u00e9ho stresu a n\u00e1mahy.<\/p>\n<h2 data-sourcepos=\"7:1-7:29\"><span style=\"font-size: 75%;\"><strong>Ako funguje dr\u017eiak siete?<\/strong><\/span><\/h2>\n<p data-sourcepos=\"9:1-9:219\"><strong>N\u00e1sledne<\/strong> je dr\u017eiak siete navrhnut\u00fd tak, aby ste ho jednoducho vlo\u017eili medzi sie\u0165ku a zatl\u00e1\u010daciu gumu. <strong>Tento praktick\u00fd dr\u017eiak, okrem in\u00e9ho,<\/strong> v\u00e1m poskytne pevn\u00fd \u00fachop a umo\u017en\u00ed presn\u00e9 umiestnenie sie\u0165ky na r\u00e1m okna.<\/p>\n<p data-sourcepos=\"11:1-11:43\"><strong>Dizajn, ktor\u00fd sa prisp\u00f4sob\u00ed va\u0161im okn\u00e1m<\/strong><\/p>\n<p data-sourcepos=\"13:1-13:269\"><strong>V skuto\u010dnosti,<\/strong> na\u0161e dr\u017eiaky siet\u00ed na sie\u0165ku proti hmyzu pon\u00fakame v \u0161tyroch praktick\u00fdch farb\u00e1ch, ktor\u00e9 sa hodia ku ka\u017ed\u00e9mu typu okenn\u00e9ho r\u00e1mu. <strong>Konkr\u00e9tne,<\/strong> vyberte si z odtie\u0148ov tmavohned\u00e1, svetlohned\u00e1, biela alebo \u010d\u00edra a zla\u010fte dr\u017eiak siete s farbou va\u0161ich okien.<\/p>\n<ul data-sourcepos=\"15:1-19:0\">\n<li data-sourcepos=\"15:1-15:91\"><strong>Napr\u00edklad,<\/strong> tmavohned\u00e1: Ide\u00e1lna pre okn\u00e1 s tmav\u00fdmi dreven\u00fdmi alebo hlin\u00edkov\u00fdmi r\u00e1mami.<\/li>\n<li data-sourcepos=\"16:1-16:79\"><strong>\u010ealej,<\/strong> svetlohned\u00e1: Perfektne lad\u00ed s oknami v pr\u00edrodn\u00fdch odtie\u0148och dreva.<\/li>\n<li data-sourcepos=\"17:1-17:81\"><strong>Navy\u0161e,<\/strong> biela: Klasick\u00e1 a univerz\u00e1lna farba, ktor\u00e1 sa hod\u00ed k v\u00e4\u010d\u0161ine okien.<\/li>\n<li data-sourcepos=\"18:1-19:0\"><strong>Nakoniec,<\/strong> \u010d\u00edra: Nen\u00e1padn\u00fd dizajn, ktor\u00fd nenaru\u0161\u00ed vzh\u013ead okna.<\/li>\n<\/ul>\n<p data-sourcepos=\"20:1-20:147\"><strong>Preto,<\/strong> v\u010faka \u0161irokej \u0161k\u00e1le farieb si m\u00f4\u017eete vybra\u0165 dr\u017eiak siete, ktor\u00fd najlep\u0161ie dopln\u00ed va\u0161e okn\u00e1 a zabezpe\u010d\u00ed estetick\u00fd vzh\u013ead v\u00e1\u0161ho interi\u00e9ru.<\/p>\n<h2 data-sourcepos=\"22:1-22:25\"><span style=\"font-size: 75%;\"><strong>V\u00fdhody dr\u017eiaku siete:<\/strong><\/span><\/h2>\n<ul data-sourcepos=\"24:1-29:0\">\n<li data-sourcepos=\"24:1-24:93\"><strong>Po prv\u00e9,<\/strong> jednoduch\u00e1 manipul\u00e1cia: U\u013eah\u010duje mont\u00e1\u017e a demont\u00e1\u017e okenn\u00fdch siet\u00ed proti hmyzu.<\/li>\n<li data-sourcepos=\"25:1-25:94\"><strong>Okrem toho,<\/strong> praktick\u00fd dizajn: Vlo\u017e\u00edte ho medzi sie\u0165ku a zatl\u00e1\u010daciu gumu pre pevn\u00fd \u00fachop.<\/li>\n<li data-sourcepos=\"26:1-26:97\"><strong>Samozrejme,<\/strong> univerz\u00e1lna farba: Priesvitn\u00e9 prevedenie sa hod\u00ed ku v\u0161etk\u00fdm farb\u00e1m r\u00e1mov okien.<\/li>\n<li data-sourcepos=\"27:1-27:84\"><strong>Taktie\u017e,<\/strong> \u0161etr\u00ed \u010das a n\u00e1mahu: Zjednodu\u0161uje in\u0161tal\u00e1ciu a manipul\u00e1ciu so sie\u0165kou.<\/li>\n<li data-sourcepos=\"28:1-29:0\"><strong>V kone\u010dnom d\u00f4sledku,<\/strong> zvy\u0161uje efektivitu: S dr\u017eiakom siete zvl\u00e1dnete mont\u00e1\u017e r\u00fdchlej\u0161ie a prec\u00edznej\u0161ie.<\/li>\n<\/ul>\n<p data-sourcepos=\"30:1-30:37\"><strong>Pre\u010do si vybra\u0165 n\u00e1\u0161 dr\u017eiak siete?<\/strong><\/p>\n<p data-sourcepos=\"32:1-32:260\"><strong>V podstate,<\/strong> n\u00e1\u0161 dr\u017eiak siete je vyroben\u00fd z kvalitn\u00e9ho materi\u00e1lu, ktor\u00fd zaru\u010duje dlh\u00fa \u017eivotnos\u0165 a odolnos\u0165. <strong>Z tohto d\u00f4vodu,<\/strong> v\u010faka jeho praktick\u00e9mu dizajnu a univerz\u00e1lnemu pou\u017eitiu sa stane neocenite\u013en\u00fdm pomocn\u00edkom pri mont\u00e1\u017ei okenn\u00fdch siet\u00ed proti hmyzu.<\/p>\n<p data-sourcepos=\"42:1-42:244\"><strong>Celkovo,<\/strong> u\u013eah\u010dite si mont\u00e1\u017e okenn\u00fdch siet\u00ed proti hmyzu s na\u0161\u00edm praktick\u00fdm dr\u017eiakom siete. <strong>Preto\u017ee,<\/strong> jeho univerz\u00e1lny dizajn a jednoduch\u00e9 pou\u017eitie v\u00e1m u\u0161etria \u010das a n\u00e1mahu. <strong>In\u00fdmi slovami,<\/strong> vyberte si kvalitu a efektivitu pre v\u00e1\u0161 domov.<\/p>\n<\/div>\n<\/div>\n<p>&nbsp;<\/p>\n<p>&nbsp;<\/p>\n<p><img loading=\"lazy\" class=\"alignnone size-medium wp-image-10201\" src=\"https:\/\/www.brikol.sk\/wp-content\/uploads\/2023\/08\/usko-sietky--320x400.jpg\" alt=\"\" width=\"320\" height=\"400\" srcset=\"https:\/\/www.brikol.sk\/wp-content\/uploads\/2023\/08\/usko-sietky--320x400.jpg 320w, https:\/\/www.brikol.sk\/wp-content\/uploads\/2023\/08\/usko-sietky--640x800.jpg 640w, https:\/\/www.brikol.sk\/wp-content\/uploads\/2023\/08\/usko-sietky--768x960.jpg 768w, https:\/\/www.brikol.sk\/wp-content\/uploads\/2023\/08\/usko-sietky--1229x1536.jpg 1229w, https:\/\/www.brikol.sk\/wp-content\/uploads\/2023\/08\/usko-sietky--1638x2048.jpg 1638w, https:\/\/www.brikol.sk\/wp-content\/uploads\/2023\/08\/usko-sietky--600x750.jpg 600w, https:\/\/www.brikol.sk\/wp-content\/uploads\/2023\/08\/usko-sietky-.jpg 1800w\" sizes=\"(max-width: 320px) 100vw, 320px\" \/><\/p>\n<p><a href=\"https:\/\/www.youtube.com\/shorts\/oWE4u1LEb7U\"><strong>Viedo<\/strong><\/a><\/p>\n","protected":false},"excerpt":{"rendered":"<h1 class=\"avatar-container ng-tns-c3353267260-53 ng-trigger ng-trigger-scaleDown\"><span style=\"font-size: 80%;\"><strong>Dr\u017eiak siete &#8211; u\u0161ko<\/strong><\/span><\/h1>\n<p>Dr\u017eiak siete proti hmyzu u\u013eah\u010duje mont\u00e1\u017e okenn\u00fdch siet\u00ed. Vyberte si z farieb tmavohned\u00e1, svetlohned\u00e1, biela alebo \u010d\u00edra a zjednodu\u0161te si manipul\u00e1ciu so sie\u0165kou.<\/p>\n<p>&nbsp;<\/p>\n<p>&nbsp;<\/p>\n","protected":false},"featured_media":21299,"comment_status":"open","ping_status":"closed","template":"","meta":[],"product_cat":[83,100],"product_tag":[],"_links":{"self":[{"href":"https:\/\/www.brikol.sk\/fr\/wp-json\/wp\/v2\/product\/8865"}],"collection":[{"href":"https:\/\/www.brikol.sk\/fr\/wp-json\/wp\/v2\/product"}],"about":[{"href":"https:\/\/www.brikol.sk\/fr\/wp-json\/wp\/v2\/types\/product"}],"replies":[{"embeddable":true,"href":"https:\/\/www.brikol.sk\/fr\/wp-json\/wp\/v2\/comments?post=8865"}],"wp:featuredmedia":[{"embeddable":true,"href":"https:\/\/www.brikol.sk\/fr\/wp-json\/wp\/v2\/media\/21299"}],"wp:attachment":[{"href":"https:\/\/www.brikol.sk\/fr\/wp-json\/wp\/v2\/media?parent=8865"}],"wp:term":[{"taxonomy":"product_cat","embeddable":true,"href":"https:\/\/www.brikol.sk\/fr\/wp-json\/wp\/v2\/product_cat?post=8865"},{"taxonomy":"product_tag","embeddable":true,"href":"https:\/\/www.brikol.sk\/fr\/wp-json\/wp\/v2\/product_tag?post=8865"}],"curies":[{"name":"wp","href":"https:\/\/api.w.org\/{rel}","templated":true}]}}