{"id":889,"date":"2019-03-10T18:48:04","date_gmt":"2019-03-10T17:48:04","guid":{"rendered":"https:\/\/www.brikol.sk\/?post_type=product&#038;p=889"},"modified":"2026-04-20T16:04:27","modified_gmt":"2026-04-20T14:04:27","slug":"maco-spodne-lozisko-pant-pre-plastove-okn","status":"publish","type":"product","link":"https:\/\/www.brikol.sk\/fr\/produkt\/maco-spodne-lozisko-pant-pre-plastove-okn\/","title":{"rendered":"MACO spodn\u00e9 lo\u017eisko (p\u00e1nt) pre plastov\u00e9 okn\u00e1 \/ks"},"content":{"rendered":"<h3>MACO spodn\u00e9 lo\u017eisko (p\u00e1nt) pre plastov\u00e9 okn\u00e1 komplet<\/h3>\n<p>MACO spodn\u00fd p\u00e1nt \/ lo\u017eisko \/ z\u00e1ves \/\u00a0 pre otv\u00e1rav\u00e9 a otv\u00e1ravo-sklopn\u00e9 okn\u00e1 a balk\u00f3nov\u00e9 dvere okut\u00e9 s kovan\u00edm MACO MULTI-TREND \u00a0a MACO MULTI-MATIC. S\u00fa\u010das\u0165ou balenia s\u00fa aj mont\u00e1\u017ene skrutky so samoreznou hl\u00e1vkou do plastu.<\/p>\n<h4><strong>Technick\u00e9 \u00fadaje:<\/strong><\/h4>\n<ul>\n<li>nosnos\u0165 \u010dapu 120 kg<\/li>\n<li>hr\u00fabka nosn\u00e9ho \u010dapu 7 mm<\/li>\n<li>d\u013a\u017eka nosn\u00e9ho \u010dapu 23 mm<\/li>\n<li>pravo-\u013eav\u00e9<\/li>\n<li>farba strieborn\u00e1<\/li>\n<li>ur\u010den\u00e9 pre v\u0161etky plastov\u00e9 okn\u00e1 a balk\u00f3nov\u00e9 dvere<\/li>\n<\/ul>\n","protected":false},"excerpt":{"rendered":"<p>MACO spodn\u00e9 lo\u017eisko \/ p\u00e1nt \/ z\u00e1ves pre otv\u00e1rav\u00e9\u00a0 a otv\u00e1ravo-sklopn\u00e9 plastov\u00e9 okn\u00e1 a balk\u00f3nov\u00e9 dvere okut\u00e9 s kovan\u00edm MACO MULTI-TREND \u00a0a MACO MULTI-MATIC. S\u00fa\u010das\u0165ou balenia s\u00fa aj mont\u00e1\u017ene skrutky so samoreznou hl\u00e1vkou do plastu<\/p>\n","protected":false},"featured_media":8078,"comment_status":"open","ping_status":"closed","template":"","meta":[],"product_cat":[68,211,92],"product_tag":[],"_links":{"self":[{"href":"https:\/\/www.brikol.sk\/fr\/wp-json\/wp\/v2\/product\/889"}],"collection":[{"href":"https:\/\/www.brikol.sk\/fr\/wp-json\/wp\/v2\/product"}],"about":[{"href":"https:\/\/www.brikol.sk\/fr\/wp-json\/wp\/v2\/types\/product"}],"replies":[{"embeddable":true,"href":"https:\/\/www.brikol.sk\/fr\/wp-json\/wp\/v2\/comments?post=889"}],"wp:featuredmedia":[{"embeddable":true,"href":"https:\/\/www.brikol.sk\/fr\/wp-json\/wp\/v2\/media\/8078"}],"wp:attachment":[{"href":"https:\/\/www.brikol.sk\/fr\/wp-json\/wp\/v2\/media?parent=889"}],"wp:term":[{"taxonomy":"product_cat","embeddable":true,"href":"https:\/\/www.brikol.sk\/fr\/wp-json\/wp\/v2\/product_cat?post=889"},{"taxonomy":"product_tag","embeddable":true,"href":"https:\/\/www.brikol.sk\/fr\/wp-json\/wp\/v2\/product_tag?post=889"}],"curies":[{"name":"wp","href":"https:\/\/api.w.org\/{rel}","templated":true}]}}