{"id":9045,"date":"2023-09-06T13:37:24","date_gmt":"2023-09-06T11:37:24","guid":{"rendered":"https:\/\/www.brikol.sk\/?post_type=product&#038;p=9045"},"modified":"2026-01-08T11:33:19","modified_gmt":"2026-01-08T10:33:19","slug":"univerzalny-cistic-cosmo-cl-360-110","status":"publish","type":"product","link":"https:\/\/www.brikol.sk\/fr\/produkt\/univerzalny-cistic-cosmo-cl-360-110\/","title":{"rendered":"Univerz\u00e1lny \u010disti\u010d COSMO CL-360.110"},"content":{"rendered":"<div class=\"content_section position-1\">\n<article id=\"Article_idm15103734866348742333009-48\">\n<div class=\"Article notab_br decoration-none\">\n<div class=\"article_indents\">\n<p class=\"article_indent align-left\">\u010cistiaci akt\u00edvny tenzidov\u00fd prostriedok na\u00a0v\u0161etky povrchy v\u00a0celej drevenej, plastovej a\u00a0hlin\u00edkovej, okennej, dverovej a\u00a0fas\u00e1dnej kon\u0161trukcii.<\/p>\n<p class=\"article_indent align-left article-separator-horizontal_space1\"><strong>Vlastnosti produktu:<\/strong><br class=\"one-br\" \/>&#8211;\u00a0 \u00a0 intenz\u00edvny a\u00a0z\u00e1rove\u0148 jemn\u00fd \u010distiaci \u00fa\u010dinok\u00a0<br class=\"one-br\" \/>&#8211;\u00a0 \u00a0 vynikaj\u00faci \u010distiaci \u00fa\u010dinok aj pri zrieden\u00ed s\u00a0vodou v\u00a0pomere 1:3 a\u017e 1:5\u00a0<br class=\"one-br\" \/>&#8211;\u00a0 \u00a0 PH neutr\u00e1lne\u00a0<br class=\"one-br\" \/>\u00a0&#8211;\u00a0 \u00a0\u0161etrn\u00fd k poko\u017eke<\/p>\n<p><span style=\"text-decoration: underline;\"><strong><span style=\"color: #ff0000; text-decoration: underline;\"><a style=\"color: #ff0000; text-decoration: underline;\" href=\"https:\/\/www.brikol.sk\/wp-content\/uploads\/2023\/09\/Postup-cistenia-jednotlivych-povrchov.pdf\">Postup \u010distenia jednotliv\u00fdch povrchov<\/a><\/span><\/strong><\/span><\/p>\n<p class=\"article_indent align-left\">\n<\/div>\n<\/div>\n<\/article>\n<\/div>\n","protected":false},"excerpt":{"rendered":"<p class=\"article_indent align-left\">\u010cistiaci akt\u00edvny tenzidov\u00fd prostriedok na\u00a0v\u0161etky povrchy v\u00a0celej drevenej, plastovej a\u00a0hlin\u00edkovej, okennej, dverovej a\u00a0fas\u00e1dnej kon\u0161trukcii.<\/p>\n<p class=\"article_indent align-left article-separator-horizontal_space1\"><strong>Vlastnosti produktu:<\/strong><br class=\"one-br\" \/>&#8211;\u00a0 \u00a0 intenz\u00edvny a\u00a0z\u00e1rove\u0148 jemn\u00fd \u010distiaci \u00fa\u010dinok\u00a0<br class=\"one-br\" \/>&#8211;\u00a0 \u00a0 vynikaj\u00faci \u010distiaci \u00fa\u010dinok aj pri zrieden\u00ed s\u00a0vodou v\u00a0pomere 1:3 a\u017e 1:5\u00a0<br class=\"one-br\" \/>&#8211;\u00a0 \u00a0 PH neutr\u00e1lne\u00a0<br class=\"one-br\" \/>\u00a0&#8211;\u00a0 \u00a0\u0161etrn\u00fd k poko\u017eke<\/p>\n","protected":false},"featured_media":9047,"comment_status":"open","ping_status":"closed","template":"","meta":[],"product_cat":[68,212],"product_tag":[],"_links":{"self":[{"href":"https:\/\/www.brikol.sk\/fr\/wp-json\/wp\/v2\/product\/9045"}],"collection":[{"href":"https:\/\/www.brikol.sk\/fr\/wp-json\/wp\/v2\/product"}],"about":[{"href":"https:\/\/www.brikol.sk\/fr\/wp-json\/wp\/v2\/types\/product"}],"replies":[{"embeddable":true,"href":"https:\/\/www.brikol.sk\/fr\/wp-json\/wp\/v2\/comments?post=9045"}],"wp:featuredmedia":[{"embeddable":true,"href":"https:\/\/www.brikol.sk\/fr\/wp-json\/wp\/v2\/media\/9047"}],"wp:attachment":[{"href":"https:\/\/www.brikol.sk\/fr\/wp-json\/wp\/v2\/media?parent=9045"}],"wp:term":[{"taxonomy":"product_cat","embeddable":true,"href":"https:\/\/www.brikol.sk\/fr\/wp-json\/wp\/v2\/product_cat?post=9045"},{"taxonomy":"product_tag","embeddable":true,"href":"https:\/\/www.brikol.sk\/fr\/wp-json\/wp\/v2\/product_tag?post=9045"}],"curies":[{"name":"wp","href":"https:\/\/api.w.org\/{rel}","templated":true}]}}