{"id":9077,"date":"2023-09-08T09:48:37","date_gmt":"2023-09-08T07:48:37","guid":{"rendered":"https:\/\/www.brikol.sk\/?post_type=product&#038;p=9077"},"modified":"2025-08-20T08:30:51","modified_gmt":"2025-08-20T06:30:51","slug":"drziak-zaluzie-kovovy","status":"publish","type":"product","link":"https:\/\/www.brikol.sk\/fr\/produkt\/drziak-zaluzie-kovovy\/","title":{"rendered":"Dr\u017eiak \u017eal\u00fazie kovov\u00fd 25&#215;25 \/ ks"},"content":{"rendered":"<p>Dr\u017eiak \u017eal\u00fazie kovov\u00fd 25&#215;25\u00a0 &#8211; otv\u00e1rate\u013en\u00fd, sl\u00fa\u017ei pre uchytenie star\u0161\u00edch typov \u017eal\u00fazi\u00ed ovl\u00e1dan\u00e9 \u0161n\u00farkou a pali\u010dkou.<br \/>\nNa vrchnej strane je p\u00e1\u010dkov\u00fd mechanizmus, ktor\u00edm sa uchyt\u00ed vrchn\u00fd profil \u017eal\u00fazie.<\/p>\n","protected":false},"excerpt":{"rendered":"<p>Dr\u017eiak interi\u00e9rovej \u017eal\u00fazie kovov\u00fd &#8211; otv\u00e1rate\u013en\u00fd, sl\u00fa\u017ei pre uchytenie star\u0161\u00edch typov \u017eal\u00fazi\u00ed, ktor\u00e9 s\u00fa ovl\u00e1dan\u00e9 \u0161n\u00farkou a pali\u010dkou.<br \/>\nNa vrchnej strane je p\u00e1\u010dkov\u00fd mechanizmus, ktor\u00edm sa uchyt\u00ed vrchn\u00fd profil \u017eal\u00fazie.<\/p>\n","protected":false},"featured_media":9080,"comment_status":"open","ping_status":"closed","template":"","meta":[],"product_cat":[65,88],"product_tag":[],"_links":{"self":[{"href":"https:\/\/www.brikol.sk\/fr\/wp-json\/wp\/v2\/product\/9077"}],"collection":[{"href":"https:\/\/www.brikol.sk\/fr\/wp-json\/wp\/v2\/product"}],"about":[{"href":"https:\/\/www.brikol.sk\/fr\/wp-json\/wp\/v2\/types\/product"}],"replies":[{"embeddable":true,"href":"https:\/\/www.brikol.sk\/fr\/wp-json\/wp\/v2\/comments?post=9077"}],"wp:featuredmedia":[{"embeddable":true,"href":"https:\/\/www.brikol.sk\/fr\/wp-json\/wp\/v2\/media\/9080"}],"wp:attachment":[{"href":"https:\/\/www.brikol.sk\/fr\/wp-json\/wp\/v2\/media?parent=9077"}],"wp:term":[{"taxonomy":"product_cat","embeddable":true,"href":"https:\/\/www.brikol.sk\/fr\/wp-json\/wp\/v2\/product_cat?post=9077"},{"taxonomy":"product_tag","embeddable":true,"href":"https:\/\/www.brikol.sk\/fr\/wp-json\/wp\/v2\/product_tag?post=9077"}],"curies":[{"name":"wp","href":"https:\/\/api.w.org\/{rel}","templated":true}]}}