{"id":9111,"date":"2023-09-13T13:23:01","date_gmt":"2023-09-13T11:23:01","guid":{"rendered":"https:\/\/www.brikol.sk\/?post_type=product&#038;p=9111"},"modified":"2026-04-19T11:09:22","modified_gmt":"2026-04-19T09:09:22","slug":"kovove-madielko-pre-sietove-dvere","status":"publish","type":"product","link":"https:\/\/www.brikol.sk\/fr\/produkt\/kovove-madielko-pre-sietove-dvere\/","title":{"rendered":"Kovov\u00e9 madielko (\u00fachytka) \/ ks"},"content":{"rendered":"<p><strong>Kovov\u00e9 madielko pre sie\u0165ov\u00e9 dvere<\/strong><\/p>\n<p>Kovov\u00e9 vonkaj\u0161ie madielko na otv\u00e1ranie sie\u0165ov\u00fdch dver\u00ed proti hmyzu.<\/p>\n<p>Mont\u00e1\u017ene skrutky s\u00fa s\u00fa\u010das\u0165ou balenia. Madlo mo\u017eete pripevni\u0165 aj pomocou <a href=\"https:\/\/www.brikol.sk\/produkt\/nit-trhaci-al-4x6mm-ks\/\">nitov<\/a> (nity nie su s\u00fa\u010das\u0165ou balenia)<\/p>\n<p>&nbsp;<\/p>\n","protected":false},"excerpt":{"rendered":"<p>Kovov\u00e9 vonkaj\u0161ie madielko na otv\u00e1ranie sie\u0165ov\u00fdch dver\u00ed proti hmyzu.<\/p>\n<p>Mont\u00e1\u017ene skrutky s\u00fa s\u00fa\u010dastou balenia.<\/p>\n<p>Madlo je mo\u017en\u00e9 pripevni\u0165 aj pomocou nitov.<\/p>\n","protected":false},"featured_media":9117,"comment_status":"closed","ping_status":"closed","template":"","meta":[],"product_cat":[83,100,90,91,92,93,82,215],"product_tag":[],"_links":{"self":[{"href":"https:\/\/www.brikol.sk\/fr\/wp-json\/wp\/v2\/product\/9111"}],"collection":[{"href":"https:\/\/www.brikol.sk\/fr\/wp-json\/wp\/v2\/product"}],"about":[{"href":"https:\/\/www.brikol.sk\/fr\/wp-json\/wp\/v2\/types\/product"}],"replies":[{"embeddable":true,"href":"https:\/\/www.brikol.sk\/fr\/wp-json\/wp\/v2\/comments?post=9111"}],"wp:featuredmedia":[{"embeddable":true,"href":"https:\/\/www.brikol.sk\/fr\/wp-json\/wp\/v2\/media\/9117"}],"wp:attachment":[{"href":"https:\/\/www.brikol.sk\/fr\/wp-json\/wp\/v2\/media?parent=9111"}],"wp:term":[{"taxonomy":"product_cat","embeddable":true,"href":"https:\/\/www.brikol.sk\/fr\/wp-json\/wp\/v2\/product_cat?post=9111"},{"taxonomy":"product_tag","embeddable":true,"href":"https:\/\/www.brikol.sk\/fr\/wp-json\/wp\/v2\/product_tag?post=9111"}],"curies":[{"name":"wp","href":"https:\/\/api.w.org\/{rel}","templated":true}]}}