{"id":9127,"date":"2023-09-13T14:13:15","date_gmt":"2023-09-13T12:13:15","guid":{"rendered":"https:\/\/www.brikol.sk\/?post_type=product&#038;p=9127"},"modified":"2026-03-10T14:17:29","modified_gmt":"2026-03-10T13:17:29","slug":"hlinikove-madielko-uchytka-ks","status":"publish","type":"product","link":"https:\/\/www.brikol.sk\/fr\/produkt\/hlinikove-madielko-uchytka-ks\/","title":{"rendered":"Hlin\u00edkov\u00e9 madielko (\u00fachytka) \/ ks"},"content":{"rendered":"<p><strong>Hlin\u00edkov\u00e9 madielko<\/strong><\/p>\n<p>Hlin\u00edkov\u00e9 vonkaj\u0161ie madielko na otv\u00e1ranie sie\u0165ov\u00fdch dver\u00ed proti hmyzu.<\/p>\n<p>Madlo pripev\u0148ujeme pomocou nitov. Nity s\u00fa s\u00fa\u010das\u0165ou balenia.<\/p>\n<p>R\u00f4zne farby : biela, svetlohned\u00e1, tmavohned\u00e1, antracit<\/p>\n<p>&nbsp;<\/p>\n","protected":false},"excerpt":{"rendered":"<p>Hlin\u00edkov\u00e9 vonkaj\u0161ie madielko na otv\u00e1ranie sie\u0165ov\u00fdch dver\u00ed proti hmyzu.<\/p>\n<p>Madlo je mo\u017en\u00e9 pripevni\u0165 pomocov nitov. Nity s\u00fa s\u00fa\u010das\u0165ou balenia.<\/p>\n","protected":false},"featured_media":9130,"comment_status":"closed","ping_status":"closed","template":"","meta":[],"product_cat":[83,100,82,215],"product_tag":[],"_links":{"self":[{"href":"https:\/\/www.brikol.sk\/fr\/wp-json\/wp\/v2\/product\/9127"}],"collection":[{"href":"https:\/\/www.brikol.sk\/fr\/wp-json\/wp\/v2\/product"}],"about":[{"href":"https:\/\/www.brikol.sk\/fr\/wp-json\/wp\/v2\/types\/product"}],"replies":[{"embeddable":true,"href":"https:\/\/www.brikol.sk\/fr\/wp-json\/wp\/v2\/comments?post=9127"}],"wp:featuredmedia":[{"embeddable":true,"href":"https:\/\/www.brikol.sk\/fr\/wp-json\/wp\/v2\/media\/9130"}],"wp:attachment":[{"href":"https:\/\/www.brikol.sk\/fr\/wp-json\/wp\/v2\/media?parent=9127"}],"wp:term":[{"taxonomy":"product_cat","embeddable":true,"href":"https:\/\/www.brikol.sk\/fr\/wp-json\/wp\/v2\/product_cat?post=9127"},{"taxonomy":"product_tag","embeddable":true,"href":"https:\/\/www.brikol.sk\/fr\/wp-json\/wp\/v2\/product_tag?post=9127"}],"curies":[{"name":"wp","href":"https:\/\/api.w.org\/{rel}","templated":true}]}}