{"id":9202,"date":"2023-09-22T13:58:32","date_gmt":"2023-09-22T11:58:32","guid":{"rendered":"https:\/\/www.brikol.sk\/?post_type=product&#038;p=9202"},"modified":"2026-01-08T11:16:32","modified_gmt":"2026-01-08T10:16:32","slug":"klucka-gula-hoppe-liverpool","status":"publish","type":"product","link":"https:\/\/www.brikol.sk\/fr\/produkt\/klucka-gula-hoppe-liverpool\/","title":{"rendered":"K\u013eu\u010dka &#8211; Gu\u013ea Hoppe Liverpool"},"content":{"rendered":"<p><strong>K\u013eu\u010dka &#8211; Gu\u013ea Hoppe Liverpool<\/strong><\/p>\n<p>Kvalitn\u00e9 bezpe\u010dnostn\u00e9 kovanie HOPPE Liverpool s \u00fazkym \u0161t\u00edtom.<\/p>\n<p>Mont\u00e1\u017eny set je s\u00fa\u010dastou balenia.<\/p>\n<ul>\n<li>Rozte\u010d: 92 mm (medzi k\u013eu\u010dkou a vlo\u017ekou)<\/li>\n<li>Pre hr\u00fabku dver\u00ed: 67-72 mm<\/li>\n<li>Materi\u00e1l: Hlin\u00edk<\/li>\n<li>Rozmer \u0161tvorhranu: 8 mm<\/li>\n<\/ul>\n","protected":false},"excerpt":{"rendered":"<p>Kvalitn\u00e9 bezpe\u010dnostn\u00e9 kovanie HOPPE Liverpool s \u00fazkym \u0161t\u00edtom.<\/p>\n<p>Mont\u00e1\u017eny set je s\u00fa\u010dastou balenia.<\/p>\n","protected":false},"featured_media":9206,"comment_status":"open","ping_status":"closed","template":"","meta":[],"product_cat":[82,214],"product_tag":[],"_links":{"self":[{"href":"https:\/\/www.brikol.sk\/fr\/wp-json\/wp\/v2\/product\/9202"}],"collection":[{"href":"https:\/\/www.brikol.sk\/fr\/wp-json\/wp\/v2\/product"}],"about":[{"href":"https:\/\/www.brikol.sk\/fr\/wp-json\/wp\/v2\/types\/product"}],"replies":[{"embeddable":true,"href":"https:\/\/www.brikol.sk\/fr\/wp-json\/wp\/v2\/comments?post=9202"}],"wp:featuredmedia":[{"embeddable":true,"href":"https:\/\/www.brikol.sk\/fr\/wp-json\/wp\/v2\/media\/9206"}],"wp:attachment":[{"href":"https:\/\/www.brikol.sk\/fr\/wp-json\/wp\/v2\/media?parent=9202"}],"wp:term":[{"taxonomy":"product_cat","embeddable":true,"href":"https:\/\/www.brikol.sk\/fr\/wp-json\/wp\/v2\/product_cat?post=9202"},{"taxonomy":"product_tag","embeddable":true,"href":"https:\/\/www.brikol.sk\/fr\/wp-json\/wp\/v2\/product_tag?post=9202"}],"curies":[{"name":"wp","href":"https:\/\/api.w.org\/{rel}","templated":true}]}}