{"id":9229,"date":"2023-09-25T14:24:50","date_gmt":"2023-09-25T12:24:50","guid":{"rendered":"https:\/\/www.brikol.sk\/?post_type=product&#038;p=9229"},"modified":"2025-11-01T10:32:02","modified_gmt":"2025-11-01T09:32:02","slug":"kolik-pre-vodiaci-silon","status":"publish","type":"product","link":"https:\/\/www.brikol.sk\/fr\/produkt\/kolik-pre-vodiaci-silon\/","title":{"rendered":"Kol\u00edk pre vodiaci sil\u00f3n"},"content":{"rendered":"<p><strong>Kol\u00edk pre vodiaci sil\u00f3n<\/strong><\/p>\n<div dir=\"auto\">Popis produktu:<\/div>\n<div dir=\"auto\">H\u013ead\u00e1te spo\u013eahliv\u00e9 a kvalitn\u00e9 uchytenie pre vodiaci sil\u00f3n va\u0161ich \u017eal\u00fazi\u00ed? Tento kol\u00edk v tvare val\u010deka s integrovan\u00fdm \u0161raubom je nevyhnutn\u00fd komponent, ktor\u00fd zabezpe\u010d\u00ed spr\u00e1vne napnutie a vedenie sil\u00f3nu, \u010do je k\u013e\u00fa\u010dov\u00e9 pre hladk\u00e9 a bezprobl\u00e9mov\u00e9 fungovanie \u017eal\u00fazi\u00ed.<\/div>\n<div dir=\"auto\">Tento kol\u00edk je kompatibiln\u00fd s horizont\u00e1lnimi \u017eal\u00faziami a je vyroben\u00fd z odoln\u00e9ho materi\u00e1lu, ktor\u00fd zaru\u010duje dlh\u00fa \u017eivotnos\u0165 a spo\u013eahliv\u00fa funkciu.<\/div>\n<div dir=\"auto\"><strong>Vlastnosti a v\u00fdhody:<\/strong><\/div>\n<div dir=\"auto\">\u00a0Fixaxn\u00fd val\u010dek : U\u013eah\u010duje uchytenie a napnutie sil\u00f3nu a zabezpe\u010duje jeho stabiln\u00e9 vedenie.<\/div>\n<div dir=\"auto\">\u00a0\u0160raub pre\u00a0 zaistenie: Mal\u00fd \u0161raub umo\u017e\u0148uje dodato\u010dn\u00e9 zaistenie sil\u00f3nu, \u010d\u00edm sa minimalizuje riziko jeho uvo\u013enenia<\/div>\n<div dir=\"auto\">\u00a0Jednoduch\u00e1 in\u0161tal\u00e1cia: Kol\u00edk sa \u013eahko in\u0161taluje<\/div>\n<div dir=\"auto\">\u00a0Stabiln\u00e9 uchytenie: Zabezpe\u010duje pevn\u00e9 a stabiln\u00e9 uchytenie sil\u00f3nu , \u010d\u00edm zabra\u0148uje ich ne\u017eiaducemu pohybu alebo po\u0161kodeniu.<\/div>\n<div dir=\"auto\">\u00a0Odoln\u00fd materi\u00e1l: Vyroben\u00fd z kvalitn\u00e9ho a odoln\u00e9ho materi\u00e1lu, ktor\u00fd je odoln\u00fd vo\u010di poveternostn\u00fdm vplyvom a kor\u00f3zii, \u010do zaru\u010duje dlh\u00fa \u017eivotnos\u0165.<\/div>\n<div dir=\"auto\"><\/div>\n<div dir=\"auto\">Technick\u00e9 \u0161pecifik\u00e1cie:<\/div>\n<div dir=\"auto\">\u00a0* Materi\u00e1l: kov<\/div>\n<div dir=\"auto\">\u00a0* Farba: kovov\u00e1<\/div>\n<div dir=\"auto\"><\/div>\n<div dir=\"auto\">Pou\u017eitie:<\/div>\n<div dir=\"auto\">Kol\u00edk pre vodiaci sil\u00f3n sa pou\u017e\u00edva na uchytenie a napnutie vodiaceho sil\u00f3nu k r\u00e1mu okna alebo dver\u00ed. Je d\u00f4le\u017eit\u00e9 si vybra\u0165 kol\u00edk, ktor\u00fd je kompatibiln\u00fd s va\u0161im typom \u017eal\u00fazi\u00ed a ktor\u00fd je vyroben\u00fd z kvalitn\u00e9ho materi\u00e1lu.<\/div>\n<div dir=\"auto\"><\/div>\n<div dir=\"auto\">Dopl\u0148uj\u00face inform\u00e1cie:<\/div>\n<div dir=\"auto\">V pr\u00edpade ak\u00fdchko\u013evek ot\u00e1zok alebo nejasnost\u00ed n\u00e1s nev\u00e1hajte kontaktova\u0165. Radi v\u00e1m pom\u00f4\u017eeme s v\u00fdberom spr\u00e1vneho kol\u00edka pre va\u0161e \u017eal\u00fazie.<\/div>\n","protected":false},"excerpt":{"rendered":"<p>Fixa\u010dn\u00fd val\u010dek s mal\u00fdm \u0161roubom pre zaistenie a napnutie bo\u010dn\u00e9ho vodiacieho sil\u00f3nu alebo ocelov\u00e9ho lanka.<\/p>\n","protected":false},"featured_media":17973,"comment_status":"open","ping_status":"closed","template":"","meta":[],"product_cat":[65,88,96],"product_tag":[],"_links":{"self":[{"href":"https:\/\/www.brikol.sk\/fr\/wp-json\/wp\/v2\/product\/9229"}],"collection":[{"href":"https:\/\/www.brikol.sk\/fr\/wp-json\/wp\/v2\/product"}],"about":[{"href":"https:\/\/www.brikol.sk\/fr\/wp-json\/wp\/v2\/types\/product"}],"replies":[{"embeddable":true,"href":"https:\/\/www.brikol.sk\/fr\/wp-json\/wp\/v2\/comments?post=9229"}],"wp:featuredmedia":[{"embeddable":true,"href":"https:\/\/www.brikol.sk\/fr\/wp-json\/wp\/v2\/media\/17973"}],"wp:attachment":[{"href":"https:\/\/www.brikol.sk\/fr\/wp-json\/wp\/v2\/media?parent=9229"}],"wp:term":[{"taxonomy":"product_cat","embeddable":true,"href":"https:\/\/www.brikol.sk\/fr\/wp-json\/wp\/v2\/product_cat?post=9229"},{"taxonomy":"product_tag","embeddable":true,"href":"https:\/\/www.brikol.sk\/fr\/wp-json\/wp\/v2\/product_tag?post=9229"}],"curies":[{"name":"wp","href":"https:\/\/api.w.org\/{rel}","templated":true}]}}