{"id":9345,"date":"2023-10-09T14:21:09","date_gmt":"2023-10-09T12:21:09","guid":{"rendered":"https:\/\/www.brikol.sk\/?post_type=product&#038;p=9345"},"modified":"2026-03-28T16:26:51","modified_gmt":"2026-03-28T15:26:51","slug":"samolepiace-tesnenie-m","status":"publish","type":"product","link":"https:\/\/www.brikol.sk\/fr\/produkt\/samolepiace-tesnenie-m\/","title":{"rendered":"Samolepiace tesnenie \/ m"},"content":{"rendered":"<p>Samolepiace tesnenie<\/p>\n<p>Je va\u0161e origin\u00e1lne tesnenie na okn\u00e1ch alebo dver\u00e1ch star\u00e9, popraskan\u00e9 alebo po\u0161koden\u00e9? V\u00fdmenu zvl\u00e1dnete \u013eahko a r\u00fdchlo so samolepiacim tesnen\u00edm. P\u00e1sku je mo\u017en\u00e9 \u013eubovo\u013ene skracova\u0165 pod\u013ea potreby. V\u010faka svojmu univerz\u00e1lnemu prevedeniu pasuje do v\u0161etk\u00fdch typov dver\u00ed. P\u00e1ska chr\u00e1ni dvere a okn\u00e1 pred prudk\u00fdm n\u00e1razom, utesn\u00ed \u0161k\u00e1ry, zabr\u00e1ni zatekaniu vody a zni\u017euje hluk. Samolepiace tesnenie z EPDM gumy poskytuje vynikaj\u00face tesniace vlastnosti. Tesnenia na okn\u00e1 a dvere s\u00fa potiahnut\u00e9 vrstvou ve\u013emi pevn\u00e9ho lepidla ( pr\u00edrodn\u00fd kau\u010duk) dodato\u010dne vystu\u017eenej sklenen\u00fdm vl\u00e1knom. Tieto tesnenia na okn\u00e1 a dvere vedia ide\u00e1lne utesni\u0165 okn\u00e1 a dvere, chr\u00e1nia pred tepeln\u00fdmi stratami, hlukom a prachom.<\/p>\n<p>Ako nain\u0161talova\u0165 tesnenie na okn\u00e1 a dvere :<\/p>\n<ul>\n<li>pred nalepen\u00edm tesnenia povrch odmast\u00edme<\/li>\n<li>nalep\u00edme, postupne odstr\u00e1nime ochrann\u00fa p\u00e1sku<\/li>\n<li>tesnenie dobre pritla\u010d\u00edme k povrchu<\/li>\n<li>nalep\u00edme pri teplote nad +5\u00b0C<\/li>\n<\/ul>\n<p>Farebn\u00e9 prevedenia: Biela, \u010dierna, hned\u00e1<\/p>\n<p>&nbsp;<\/p>\n","protected":false},"excerpt":{"rendered":"<p>Gumov\u00e9 tesnenie na okn\u00e1 a dvere. Samolepiace tesnenie na okn\u00e1 a dvere su ide\u00e1lne na tesnenie vonkaj\u0161\u00edch a vn\u00fatorn\u00fdch dver\u00ed. Samolepiace tesnenie z EPDM gumy poskytuje vynikaj\u00face tesneniace vlastnosti. Samolepiace tesnenia na okn\u00e1 a dvere s\u00fa potiahnut\u00e9 vrstvou ve\u013emi pevn\u00e9ho lepidla ( pr\u00edrdn\u00fd kau\u010duk) dodato\u010dne vystu\u017eenej sklenen\u00fdm vl\u00e1knom. Samolepi\u00e1ace tesnenia na okn\u00e1 a dvere s\u00fa ide\u00e1lne na utesnenie okien a dver\u00ed, chr\u00e1nia pred tepeln\u00fdmi stratami, hlukom a prachom.<\/p>\n","protected":false},"featured_media":9361,"comment_status":"open","ping_status":"closed","template":"","meta":[],"product_cat":[73],"product_tag":[],"_links":{"self":[{"href":"https:\/\/www.brikol.sk\/fr\/wp-json\/wp\/v2\/product\/9345"}],"collection":[{"href":"https:\/\/www.brikol.sk\/fr\/wp-json\/wp\/v2\/product"}],"about":[{"href":"https:\/\/www.brikol.sk\/fr\/wp-json\/wp\/v2\/types\/product"}],"replies":[{"embeddable":true,"href":"https:\/\/www.brikol.sk\/fr\/wp-json\/wp\/v2\/comments?post=9345"}],"wp:featuredmedia":[{"embeddable":true,"href":"https:\/\/www.brikol.sk\/fr\/wp-json\/wp\/v2\/media\/9361"}],"wp:attachment":[{"href":"https:\/\/www.brikol.sk\/fr\/wp-json\/wp\/v2\/media?parent=9345"}],"wp:term":[{"taxonomy":"product_cat","embeddable":true,"href":"https:\/\/www.brikol.sk\/fr\/wp-json\/wp\/v2\/product_cat?post=9345"},{"taxonomy":"product_tag","embeddable":true,"href":"https:\/\/www.brikol.sk\/fr\/wp-json\/wp\/v2\/product_tag?post=9345"}],"curies":[{"name":"wp","href":"https:\/\/api.w.org\/{rel}","templated":true}]}}