{"id":9451,"date":"2023-10-25T19:01:06","date_gmt":"2023-10-25T17:01:06","guid":{"rendered":"https:\/\/www.brikol.sk\/?post_type=product&#038;p=9451"},"modified":"2026-04-07T16:19:22","modified_gmt":"2026-04-07T14:19:22","slug":"otocny-drziak-na-sietku-proti-hmyzu-ks","status":"publish","type":"product","link":"https:\/\/www.brikol.sk\/fr\/produkt\/otocny-drziak-na-sietku-proti-hmyzu-ks\/","title":{"rendered":"Oto\u010dn\u00fd h\u00e1\u010dik (dr\u017eiak) na sie\u0165ku proti hmyzu \/ks"},"content":{"rendered":"<div id=\"otocny-hacik\">\n<p><strong>Oto\u010dn\u00fd h\u00e1\u010dik (dr\u017eiak)<\/strong> na sie\u0165ku proti hmyzu sl\u00fa\u017ei na prichytenie pevnej siete proti hmyzu k r\u00e1mu okna.<\/p>\n<p>H\u00e1\u010dik je nanitovan\u00fd na hlin\u00edkov\u00fd r\u00e1mik siete proti hmyzu. Dr\u017eiak sa oto\u010den\u00edm uzatv\u00e1ra za <span style=\"text-decoration: underline;\"><strong><a href=\"https:\/\/www.brikol.sk\/kategoria\/tesnenia-na-okna\/\">r\u00e1mov\u00e9 tesnenie<\/a><\/strong><\/span> plastov\u00e9ho okna (z interi\u00e9ru).<\/p>\n<p>H\u00e1\u010dik je pou\u017e\u00edvan\u00fd u celej rady profilov, preto uv\u00e1dzame skuto\u010dn\u00fa v\u00fd\u0161ku dr\u017eiaka.<\/p>\n<p>Ku dr\u017eiaku odpor\u00fa\u010dame dok\u00fapi\u0165 <span style=\"text-decoration: underline;\"><strong><a href=\"https:\/\/www.brikol.sk\/produkt\/nit-trhaci-al-4x6mm-ks\/\">nity.<\/a><\/strong><\/span><\/p>\n<p><span style=\"text-decoration: underline;\"><strong>N\u00e1vod na zameranie<\/strong><\/span><\/p>\n<p><span style=\"color: #ed1c24;\"><a style=\"color: #ed1c24;\" href=\"https:\/\/www.brikol.sk\/wp-content\/uploads\/2023\/02\/Navod-na-zameranie-vysky-otocneho-drziaka.pdf\">N\u00e1vod na zameranie v\u00fd\u0161ky oto\u010dn\u00e9ho dr\u017eiaka<\/a><\/span><\/p>\n<p><a href=\"https:\/\/www.youtube.com\/watch?v=4QgE_UjN5W0\"><strong>N\u00e1vod na v\u00fdmenu h\u00e1\u010dika<\/strong><\/a><\/p>\n<div class=\"oSioSc\">\n<div id=\"tw-target\">\n<div id=\"kAz1tf\" class=\"g9WsWb\">\n<div id=\"tw-target-text-container\" class=\"tw-ta-container hide-focus-ring tw-nfl\" tabindex=\"0\">\n<p class=\"tw-data-text tw-text-large XcVN5d tw-ta\" dir=\"ltr\" data-placeholder=\"P\u0159eklad\">\n<\/div>\n<\/div>\n<\/div>\n<\/div>\n<\/div>\n","protected":false},"excerpt":{"rendered":"<p><strong>Oto\u010dn\u00fd h\u00e1\u010dik (dr\u017eiak)<\/strong> na sie\u0165ku proti hmyzu sl\u00fa\u017ei na prichytenie pevnej siete proti hmyzu k r\u00e1mu okna.<\/p>\n<p>H\u00e1\u010dik je nanitovan\u00fd na hlin\u00edkov\u00fd r\u00e1mik siete proti hmyzu. Dr\u017eiak sa oto\u010den\u00edm uzatv\u00e1ra za <strong><a href=\"https:\/\/www.brikol.sk\/kategoria\/tesnenia-na-okna\/\">r\u00e1mov\u00e9 tesnenie<\/a><\/strong> plastov\u00e9ho okna (z interi\u00e9ru).<\/p>\n<p>H\u00e1\u010dik je pou\u017e\u00edvan\u00fd u celej rady profilov, preto uv\u00e1dzame skuto\u010dn\u00fa v\u00fd\u0161ku dr\u017eiaka.<\/p>\n<p>Ku dr\u017eiaku odpor\u00fa\u010dame dok\u00fapi\u0165 <strong><a href=\"https:\/\/www.brikol.sk\/produkt\/nit-trhaci-al-4x6mm-ks\/\">nity.<\/a><\/strong><\/p>\n<p>&nbsp;<\/p>\n","protected":false},"featured_media":9464,"comment_status":"open","ping_status":"closed","template":"","meta":[],"product_cat":[83,100],"product_tag":[],"_links":{"self":[{"href":"https:\/\/www.brikol.sk\/fr\/wp-json\/wp\/v2\/product\/9451"}],"collection":[{"href":"https:\/\/www.brikol.sk\/fr\/wp-json\/wp\/v2\/product"}],"about":[{"href":"https:\/\/www.brikol.sk\/fr\/wp-json\/wp\/v2\/types\/product"}],"replies":[{"embeddable":true,"href":"https:\/\/www.brikol.sk\/fr\/wp-json\/wp\/v2\/comments?post=9451"}],"wp:featuredmedia":[{"embeddable":true,"href":"https:\/\/www.brikol.sk\/fr\/wp-json\/wp\/v2\/media\/9464"}],"wp:attachment":[{"href":"https:\/\/www.brikol.sk\/fr\/wp-json\/wp\/v2\/media?parent=9451"}],"wp:term":[{"taxonomy":"product_cat","embeddable":true,"href":"https:\/\/www.brikol.sk\/fr\/wp-json\/wp\/v2\/product_cat?post=9451"},{"taxonomy":"product_tag","embeddable":true,"href":"https:\/\/www.brikol.sk\/fr\/wp-json\/wp\/v2\/product_tag?post=9451"}],"curies":[{"name":"wp","href":"https:\/\/api.w.org\/{rel}","templated":true}]}}