{"id":9622,"date":"2023-11-23T09:23:14","date_gmt":"2023-11-23T08:23:14","guid":{"rendered":"https:\/\/www.brikol.sk\/?post_type=product&#038;p=9622"},"modified":"2026-04-14T20:34:59","modified_gmt":"2026-04-14T18:34:59","slug":"spojka-gulickovej-snury-isoline","status":"publish","type":"product","link":"https:\/\/www.brikol.sk\/fr\/produkt\/spojka-gulickovej-snury-isoline\/","title":{"rendered":"Spojka guli\u010dkovej \u0161n\u00fary (retiazky) ISOLINE \/ ks"},"content":{"rendered":"<p><strong>Spojka guli\u010dkovej \u0161n\u00fary ISOLINE<\/strong> je univerz\u00e1lna spojka, ktor\u00e1 je ur\u010den\u00e1 pre v\u0161etky typi horizont\u00e1lnych \u017eak\u00fazi\u00ed ovladan\u00fdch <a href=\"https:\/\/www.brikol.sk\/produkt\/gulickova-snura-retiazka-na-zaluzie-nahradne-diely-na-zaluzie\/\">retiazkou s priemerom 3,2mm.<\/a><\/p>\n<p>Upevnenie retiazky v spojke guli\u010dkovej \u0161n\u00fary ISOLINE je jednoduch\u00e9. Zoberiete jeden koniec guli\u010dkovej \u0161n\u00fary, posledn\u00fa guli\u010dku ktor\u00fa v strede spojky zatla\u010d\u00edte do dr\u00e1\u017eky. Z druh\u00fdm koncom guli\u010dkovej \u0161n\u00fary zopakujete. Posledn\u00fa guli\u010dku v\u00a0 strede spojky zatla\u010d\u00edte do dr\u00e1\u017eky. Spojka zabezpe\u010d\u00ed, aby ste mohli znova manipulova\u0165 svojimi \u017eal\u00faziami, t\u00fdm \u017ee sfunk\u010dn\u00ed guli\u010dkov\u00fa \u0161n\u00faru na ovl\u00e1danie \u017eal\u00fazie.<\/p>\n<p>Vybra\u0165 si m\u00f4\u017eete z r\u00f4zneho farebn\u00e9ho prevedenia spojok:<\/p>\n<ul>\n<li>Biela<\/li>\n<li>Svetlohned\u00e1<\/li>\n<li>Tmavohned\u00e1<\/li>\n<li>\u0160ed\u00e1<\/li>\n<li>Priesvitn\u00e1<\/li>\n<\/ul>\n<p>Priesvitn\u00e1 farba spojky je farba ktor\u00e1 V\u00e1m bude ladi\u0165 k akejko\u013evek farbe guli\u010dkovej \u0161n\u00fary a plastov\u00fdm doplnkom na \u017eal\u00fazi\u00ed.<\/p>\n<p>&nbsp;<\/p>\n<p>&nbsp;<\/p>\n<div class=\"tab tab-1\">\n<div class=\"text\">\n<p>&nbsp;<\/p>\n<\/div>\n<\/div>\n","protected":false},"excerpt":{"rendered":"<p>Univerz\u00e1lna spojka ur\u010den\u00e1 pre horizont\u00e1lne \u017eal\u00fazie ovl\u00e1dan\u00e9 <span style=\"text-decoration: underline;\"><strong>retiazkou s priemerom 3,2 mm.<\/strong><\/span><\/p>\n","protected":false},"featured_media":9630,"comment_status":"open","ping_status":"closed","template":"","meta":[],"product_cat":[65,87,85,84,86,88,96],"product_tag":[],"_links":{"self":[{"href":"https:\/\/www.brikol.sk\/fr\/wp-json\/wp\/v2\/product\/9622"}],"collection":[{"href":"https:\/\/www.brikol.sk\/fr\/wp-json\/wp\/v2\/product"}],"about":[{"href":"https:\/\/www.brikol.sk\/fr\/wp-json\/wp\/v2\/types\/product"}],"replies":[{"embeddable":true,"href":"https:\/\/www.brikol.sk\/fr\/wp-json\/wp\/v2\/comments?post=9622"}],"wp:featuredmedia":[{"embeddable":true,"href":"https:\/\/www.brikol.sk\/fr\/wp-json\/wp\/v2\/media\/9630"}],"wp:attachment":[{"href":"https:\/\/www.brikol.sk\/fr\/wp-json\/wp\/v2\/media?parent=9622"}],"wp:term":[{"taxonomy":"product_cat","embeddable":true,"href":"https:\/\/www.brikol.sk\/fr\/wp-json\/wp\/v2\/product_cat?post=9622"},{"taxonomy":"product_tag","embeddable":true,"href":"https:\/\/www.brikol.sk\/fr\/wp-json\/wp\/v2\/product_tag?post=9622"}],"curies":[{"name":"wp","href":"https:\/\/api.w.org\/{rel}","templated":true}]}}