{"id":9646,"date":"2023-11-23T14:03:05","date_gmt":"2023-11-23T13:03:05","guid":{"rendered":"https:\/\/www.brikol.sk\/?post_type=product&#038;p=9646"},"modified":"2025-10-25T16:29:57","modified_gmt":"2025-10-25T14:29:57","slug":"samonavijaci-automat-pre-vonkajsie-rolety","status":"publish","type":"product","link":"https:\/\/www.brikol.sk\/fr\/produkt\/samonavijaci-automat-pre-vonkajsie-rolety\/","title":{"rendered":"Samonav\u00edjac\u00ed automat pre vonkaj\u0161ie rolety \/ ks"},"content":{"rendered":"<h1>Samonav\u00edjac\u00ed automat pre vonkaj\u0161ie rolety<\/h1>\n<p>&#8211; plastov\u00e9 puzdro s plastovymi oto\u010dn\u00fdmi \u00fachytmi<\/p>\n<p>&#8211; puzdro bez vidite\u013en\u00fdch skrutiek<\/p>\n<p>&#8211; univerz\u00e1lny- vhodn\u00fd ako na gu\u013eat\u00fa \u0161n\u00faru,\u00a0tak aj na ploch\u00fa \u0161n\u00faru (s plie\u0161kom &#8211; vi\u010f posledn\u00fa detailn\u00fa fotku)<\/p>\n<p>&#8211; samo\u010dinn\u00e1 brzda- automat zablokuje \u0161n\u00faru\/ p\u00e1sku vo vybratej polohe<\/p>\n<p>rozmery puzdra: 12,8 x 12,8 cm; hr\u00fabka 2,2 cm;\u00a0rozte\u010d: 15,2 cm<\/p>\n<p><a href=\"https:\/\/www.brikol.sk\/produkt\/snura-pre-vonkajsie-rolety\/\"><strong>\u0160n\u00fara<\/strong><\/a> nie je s\u00fa\u010das\u0165ou samonav\u00edjacieho automatu.<\/p>\n","protected":false},"excerpt":{"rendered":"<p>Navij\u00e1k pre vonkaj\u0161ie plastov\u00e9 a hlin\u00edkov\u00e9 rolety.<\/p>\n<p>Plastov\u00e9 \u00fachyty.<\/p>\n<p>Univerz\u00e1lny- na plochu aj gu\u013eat\u00fa \u0161nuru.<\/p>\n","protected":false},"featured_media":9654,"comment_status":"open","ping_status":"closed","template":"","meta":[],"product_cat":[97],"product_tag":[],"_links":{"self":[{"href":"https:\/\/www.brikol.sk\/fr\/wp-json\/wp\/v2\/product\/9646"}],"collection":[{"href":"https:\/\/www.brikol.sk\/fr\/wp-json\/wp\/v2\/product"}],"about":[{"href":"https:\/\/www.brikol.sk\/fr\/wp-json\/wp\/v2\/types\/product"}],"replies":[{"embeddable":true,"href":"https:\/\/www.brikol.sk\/fr\/wp-json\/wp\/v2\/comments?post=9646"}],"wp:featuredmedia":[{"embeddable":true,"href":"https:\/\/www.brikol.sk\/fr\/wp-json\/wp\/v2\/media\/9654"}],"wp:attachment":[{"href":"https:\/\/www.brikol.sk\/fr\/wp-json\/wp\/v2\/media?parent=9646"}],"wp:term":[{"taxonomy":"product_cat","embeddable":true,"href":"https:\/\/www.brikol.sk\/fr\/wp-json\/wp\/v2\/product_cat?post=9646"},{"taxonomy":"product_tag","embeddable":true,"href":"https:\/\/www.brikol.sk\/fr\/wp-json\/wp\/v2\/product_tag?post=9646"}],"curies":[{"name":"wp","href":"https:\/\/api.w.org\/{rel}","templated":true}]}}