{"id":9655,"date":"2023-11-23T14:12:51","date_gmt":"2023-11-23T13:12:51","guid":{"rendered":"https:\/\/www.brikol.sk\/?post_type=product&#038;p=9655"},"modified":"2026-04-06T19:14:36","modified_gmt":"2026-04-06T17:14:36","slug":"snura-pre-vonkajsie-rolety","status":"publish","type":"product","link":"https:\/\/www.brikol.sk\/fr\/produkt\/snura-pre-vonkajsie-rolety\/","title":{"rendered":"\u0160n\u00fara pre vonkaj\u0161ie rolety \/ m"},"content":{"rendered":"<div class=\"p-short-description\" data-testid=\"productCardShortDescr\">\n<p><strong>\u0160n\u00fara pre vonkaj\u0161ie rolety<\/strong><\/p>\n<p>Roletov\u00e1 \u0161n\u00fara biela \u017e\u00edhan\u00e1, pri manipul\u00e1cii s roletou sa nav\u00edja do nav\u00edjacieho automatu.<\/p>\n<p>priemer \u0161n\u00fary 4,3 mm<\/p>\n<p><strong>Tovar sa dod\u00e1va na be\u017en\u00e9 metre.<\/strong><\/p>\n<p><strong>\u00a0<\/strong><\/p>\n<\/div>\n","protected":false},"excerpt":{"rendered":"<p>Roletov\u00e1 \u0161n\u00fara biela \u017e\u00edhan\u00e1, pri manipul\u00e1cii s roletou sa nav\u00edja do nav\u00edjacieho automatu.<\/p>\n<p>priemer \u0161n\u00fary 4,3 mm<\/p>\n<p><strong>Tovar sa dod\u00e1va na be\u017en\u00e9 metre.<\/strong><\/p>\n<p><strong>Objedn\u00e1vkov\u00fd ko\u0161\u00edk ukazuje po\u010det objednan\u00fdch metrov.<\/strong><\/p>\n","protected":false},"featured_media":9687,"comment_status":"open","ping_status":"closed","template":"","meta":[],"product_cat":[97],"product_tag":[],"_links":{"self":[{"href":"https:\/\/www.brikol.sk\/fr\/wp-json\/wp\/v2\/product\/9655"}],"collection":[{"href":"https:\/\/www.brikol.sk\/fr\/wp-json\/wp\/v2\/product"}],"about":[{"href":"https:\/\/www.brikol.sk\/fr\/wp-json\/wp\/v2\/types\/product"}],"replies":[{"embeddable":true,"href":"https:\/\/www.brikol.sk\/fr\/wp-json\/wp\/v2\/comments?post=9655"}],"wp:featuredmedia":[{"embeddable":true,"href":"https:\/\/www.brikol.sk\/fr\/wp-json\/wp\/v2\/media\/9687"}],"wp:attachment":[{"href":"https:\/\/www.brikol.sk\/fr\/wp-json\/wp\/v2\/media?parent=9655"}],"wp:term":[{"taxonomy":"product_cat","embeddable":true,"href":"https:\/\/www.brikol.sk\/fr\/wp-json\/wp\/v2\/product_cat?post=9655"},{"taxonomy":"product_tag","embeddable":true,"href":"https:\/\/www.brikol.sk\/fr\/wp-json\/wp\/v2\/product_tag?post=9655"}],"curies":[{"name":"wp","href":"https:\/\/api.w.org\/{rel}","templated":true}]}}