{"id":9708,"date":"2023-11-30T09:10:32","date_gmt":"2023-11-30T08:10:32","guid":{"rendered":"https:\/\/www.brikol.sk\/?post_type=product&#038;p=9708"},"modified":"2026-04-30T18:56:41","modified_gmt":"2026-04-30T16:56:41","slug":"vzorkovnik-lamiel-zaluzii","status":"publish","type":"product","link":"https:\/\/www.brikol.sk\/fr\/produkt\/vzorkovnik-lamiel-zaluzii\/","title":{"rendered":"Vzorkovn\u00edk lamiel \u017eal\u00fazi\u00ed \/ sada"},"content":{"rendered":"<p><strong>Vzorkovn\u00edk lamiel \u017eal\u00fazi\u00ed<\/strong><\/p>\n<p>Vzorkovn\u00edk obsahuje lamely horizont\u00e1lnych \u017eal\u00fazii ISOLINE<\/p>\n<p>Sklad\u00e1 z 83 r\u00f4znych vzoriek lamiel, farebn\u00e9 prevedenia od klasickej bielej a striebornej lamely \u017eal\u00fazie a\u017e k oran\u017eovej, \u017eltej a dokonca aj k \u010diernej farbe lamiel. Rovnako vo vzorkovn\u00edku n\u00e1jdete aj vzorky lamiel \u017eal\u00fazie s dekor\u00e1ciou dreva. Hladk\u00e9 lamely ale rovnako aj vzorovan\u00e9 a z nerovn\u00fdm povrchom. Ve\u013ek\u00fd v\u00fdber z rozmanitosti farebn\u00fdch preveden\u00ed a preto odpor\u00fa\u010dame objedna\u0165 vzorkovn\u00edk lamiel \u017eal\u00fazi\u00ed priamo k V\u00e1m domov.<\/p>\n<p>Vn\u00edmanie farieb je subjekt\u00edvne, a preto sa farebn\u00e9 t\u00f3ny ur\u010duj\u00fa pod\u013ea vzorkovn\u00edkov najlep\u0161ie. Pokia\u013e si svoju farbu bud\u00facej \u017eal\u00fazie vyberiete pod\u013ea vzorkovn\u00edka lamiel, budete ma\u0165 jasn\u00fa predstavu o v\u00fdbere a v\u00fdslednom farebnom odtieni lamiel \u017eal\u00fazie. Vzorkovn\u00edk m\u00f4\u017eete v pohodl\u00ed v\u00e1\u0161ho domova prilo\u017ei\u0165 k oknu, v\u010faka \u010domu m\u00f4\u017eete prirovna\u0165 farbu lamiel k farbe vo va\u0161om interi\u00e9ri. Z\u00e1rove\u0148 uvid\u00edte odtiene lamiel priamo na svetle kedy m\u00f4\u017eu p\u00f4sobi\u0165 inak ako ke\u010f ich vid\u00edte len na obr\u00e1zku. Navo\u013ete si dizajn lamiel pod\u013ea V\u00e1s.<\/p>\n<p>V zmysle obchodn\u00fdch podmienok n\u00e1m m\u00f4\u017eete vzorkovn\u00edk vr\u00e1ti\u0165 do 14 kalend\u00e1rnych dn\u00ed a bude v\u00e1m vr\u00e1ten\u00e1 pln\u00e1 suma vr\u00e1tane po\u0161tovn\u00e9ho (po\u0161tovn\u00e9 na vr\u00e1tenie zn\u00e1\u0161a z\u00e1kazn\u00edk, preto odpor\u00fa\u010dame vzorkovn\u00edk posla\u0165 ako doporu\u010den\u00fd list 2. triedy, \u010do je najlacnej\u0161\u00ed sp\u00f4sob na vr\u00e1tenie). Pri vracan\u00ed vzorkovn\u00edku v\u00e1s popros\u00edme o uvedenie \u010d\u00edsla \u00fa\u010dtu na ktor\u00ed m\u00e1me posla\u0165 peniaze.<\/p>\n<p>&nbsp;<\/p>\n","protected":false},"excerpt":{"rendered":"<p>Vzorkovn\u00edk obsahuje lamely horizont\u00e1lnych \u017eal\u00fazi\u00ed Isoline .<\/p>\n<p>V zmysle obchodn\u00fdch podmienok n\u00e1m m\u00f4\u017eete vzorkovn\u00edk vr\u00e1ti\u0165 do 14 kalend\u00e1rnych dn\u00ed a bude v\u00e1m vr\u00e1ten\u00e1 pln\u00e1 suma vr\u00e1tane po\u0161tovn\u00e9ho (po\u0161tovn\u00e9 na vr\u00e1tenie zn\u00e1\u0161a z\u00e1kazn\u00edk, preto odpor\u00fa\u010dame vzorkovn\u00edk posla\u0165 ako doporu\u010den\u00fd list 2. triedy, \u010do je najlacnej\u0161\u00ed sp\u00f4sob na vr\u00e1tenie). Pri vracan\u00ed vzorkovn\u00edku v\u00e1s popros\u00edme o uvedenie \u010d\u00edsla \u00fa\u010dtu na ktor\u00ed m\u00e1me posla\u0165 peniaze.<\/p>\n","protected":false},"featured_media":9709,"comment_status":"open","ping_status":"closed","template":"","meta":[],"product_cat":[75],"product_tag":[],"_links":{"self":[{"href":"https:\/\/www.brikol.sk\/fr\/wp-json\/wp\/v2\/product\/9708"}],"collection":[{"href":"https:\/\/www.brikol.sk\/fr\/wp-json\/wp\/v2\/product"}],"about":[{"href":"https:\/\/www.brikol.sk\/fr\/wp-json\/wp\/v2\/types\/product"}],"replies":[{"embeddable":true,"href":"https:\/\/www.brikol.sk\/fr\/wp-json\/wp\/v2\/comments?post=9708"}],"wp:featuredmedia":[{"embeddable":true,"href":"https:\/\/www.brikol.sk\/fr\/wp-json\/wp\/v2\/media\/9709"}],"wp:attachment":[{"href":"https:\/\/www.brikol.sk\/fr\/wp-json\/wp\/v2\/media?parent=9708"}],"wp:term":[{"taxonomy":"product_cat","embeddable":true,"href":"https:\/\/www.brikol.sk\/fr\/wp-json\/wp\/v2\/product_cat?post=9708"},{"taxonomy":"product_tag","embeddable":true,"href":"https:\/\/www.brikol.sk\/fr\/wp-json\/wp\/v2\/product_tag?post=9708"}],"curies":[{"name":"wp","href":"https:\/\/api.w.org\/{rel}","templated":true}]}}