{"id":9712,"date":"2023-11-30T10:41:07","date_gmt":"2023-11-30T09:41:07","guid":{"rendered":"https:\/\/www.brikol.sk\/?post_type=product&#038;p=9712"},"modified":"2026-01-07T14:39:48","modified_gmt":"2026-01-07T13:39:48","slug":"noznice-pre-sikme-rezy","status":"publish","type":"product","link":"https:\/\/www.brikol.sk\/fr\/produkt\/noznice-pre-sikme-rezy\/","title":{"rendered":"No\u017enice pre \u0161ikm\u00e9 rezy \/ ks"},"content":{"rendered":"<p>K strihaniu plastov\u00fdch, gumov\u00fdch a m\u00e4kk\u00fdch dreven\u00fdch profilov bez ich deform\u00e1cie, tie\u017e pre ploch\u00fd k\u00e1bel do \u0161\u00edrky 56 mm.<\/p>\n<p>V\u00fdmenn\u00e9 ulo\u017eenie britu s dorazov\u00fdm uhlom pre rezy pod uhlom 45 \u00b0 a zna\u010dkami pre rezy pod uhlom 60 \u00b0, 75 \u00b0 a 90 \u00b0.<\/p>\n<p>S otv\u00e1racou pru\u017einou a blokovacou z\u00e1padkou.<\/p>\n<p>Teleso n\u00e1stroja:<\/p>\n<p>\u0161peci\u00e1lna n\u00e1strojov\u00e1 oce\u013e, valcovan\u00e1, kalen\u00e1 v oleji.<\/p>\n<p>\u010depe\u013e: \u0161tandardn\u00e1 lichobe\u017en\u00edkov\u00e1 \u010depe\u013e, vymenite\u013en\u00e1.<\/p>\n","protected":false},"excerpt":{"rendered":"<p>K strihaniu plastov\u00fdch, gumov\u00fdch a m\u00e4kk\u00fdch dreven\u00fdch profilov bez ich deform\u00e1cie, tie\u017e pre ploch\u00fd k\u00e1bel do \u0161\u00edrky 56 mm.<\/p>\n<p>V\u00fdmenn\u00e9 ulo\u017eenie britu s dorazov\u00fdm uhlom pre rezy pod uhlom 45 \u00b0 a zna\u010dkami pre rezy pod uhlom 60 \u00b0, 75 \u00b0 a 90 \u00b0.<\/p>\n<p>S otv\u00e1racou pru\u017einou a blokovacou z\u00e1padkou.<\/p>\n<p><span style=\"text-decoration: underline;\">Teleso n\u00e1stroja:<\/span> \u0161peci\u00e1lna n\u00e1strojov\u00e1 oce\u013e, valcovan\u00e1, kalen\u00e1 v oleji.<\/p>\n<p><span style=\"text-decoration: underline;\">\u010cepe\u013e:<\/span> \u0161tandardn\u00e1 lichobe\u017en\u00edkov\u00e1 \u010depe\u013e, vymenite\u013en\u00e1.<\/p>\n","protected":false},"featured_media":9714,"comment_status":"open","ping_status":"closed","template":"","meta":[],"product_cat":[73,74,68],"product_tag":[],"_links":{"self":[{"href":"https:\/\/www.brikol.sk\/fr\/wp-json\/wp\/v2\/product\/9712"}],"collection":[{"href":"https:\/\/www.brikol.sk\/fr\/wp-json\/wp\/v2\/product"}],"about":[{"href":"https:\/\/www.brikol.sk\/fr\/wp-json\/wp\/v2\/types\/product"}],"replies":[{"embeddable":true,"href":"https:\/\/www.brikol.sk\/fr\/wp-json\/wp\/v2\/comments?post=9712"}],"wp:featuredmedia":[{"embeddable":true,"href":"https:\/\/www.brikol.sk\/fr\/wp-json\/wp\/v2\/media\/9714"}],"wp:attachment":[{"href":"https:\/\/www.brikol.sk\/fr\/wp-json\/wp\/v2\/media?parent=9712"}],"wp:term":[{"taxonomy":"product_cat","embeddable":true,"href":"https:\/\/www.brikol.sk\/fr\/wp-json\/wp\/v2\/product_cat?post=9712"},{"taxonomy":"product_tag","embeddable":true,"href":"https:\/\/www.brikol.sk\/fr\/wp-json\/wp\/v2\/product_tag?post=9712"}],"curies":[{"name":"wp","href":"https:\/\/api.w.org\/{rel}","templated":true}]}}