{"id":9865,"date":"2024-01-03T09:47:15","date_gmt":"2024-01-03T08:47:15","guid":{"rendered":"https:\/\/www.brikol.sk\/?post_type=product&#038;p=9865"},"modified":"2026-03-18T19:32:07","modified_gmt":"2026-03-18T18:32:07","slug":"montazna-klucka-maco-2","status":"publish","type":"product","link":"https:\/\/www.brikol.sk\/fr\/produkt\/montazna-klucka-maco-2\/","title":{"rendered":"Mont\u00e1\u017ena k\u013eu\u010dka MACO \/ ks"},"content":{"rendered":"<p><strong>Mont\u00e1\u017ena k\u013eu\u010dka MACO<\/strong>\u00a0 sa pou\u017e\u00edva predov\u0161etk\u00fdm pri mont\u00e1\u017ei okien, pokia\u013e nem\u00e1te osaden\u00e9 k\u013eu\u010dky na kr\u00eddlach. Je to r\u00fdchly pomocn\u00edk preto\u017ee k\u013eu\u010dkou uvo\u013en\u00edte a vytiahnete vrchn\u00fd zais\u0165ovac\u00ed kol\u00edk zo z\u00e1vesu.<\/p>\n<p>Mont\u00e1\u017ena k\u013eu\u010dka sa pou\u017e\u00edva aj na stavb\u00e1ch kde prebiehaj\u00fa \u010fal\u0161ie stavebn\u00e9 pr\u00e1ce aby sa k\u013eu\u010dky okna nepo\u0161kodili alebo neu\u0161pinili.<\/p>\n<p>K\u013eu\u010dku mo\u017eete pou\u017ei\u0165<strong> aj na in\u00e9 kovania<\/strong> ako <a href=\"https:\/\/www.brikol.sk\/produkt\/nahradna-prevodovka-maco\/\">kovanie MACO.<\/a><\/p>\n<p>&nbsp;<\/p>\n","protected":false},"excerpt":{"rendered":"<p>Mont\u00e1\u017ena k\u013eu\u010dka MACO sa pou\u017e\u00edva predov\u0161etk\u00fdm pri mont\u00e1\u017ei okien, kde nie s\u00fa osaden\u00e9 na kr\u00eddlach k\u013eu\u010dky.<\/p>\n<p>Je to r\u00fdchly pomocn\u00edk preto\u017ee k\u013eu\u010dkou uvo\u013en\u00edte a vytiahnete vrchn\u00fd zais\u0165ovac\u00ed kol\u00edk zo z\u00e1vesu.<\/p>\n<p>K\u013eu\u010dku je mo\u017en\u00e9 pou\u017ei\u0165<strong> aj na in\u00e9 kovania<\/strong> ako je MACO.<\/p>\n","protected":false},"featured_media":9866,"comment_status":"closed","ping_status":"closed","template":"","meta":[],"product_cat":[68,216],"product_tag":[],"_links":{"self":[{"href":"https:\/\/www.brikol.sk\/fr\/wp-json\/wp\/v2\/product\/9865"}],"collection":[{"href":"https:\/\/www.brikol.sk\/fr\/wp-json\/wp\/v2\/product"}],"about":[{"href":"https:\/\/www.brikol.sk\/fr\/wp-json\/wp\/v2\/types\/product"}],"replies":[{"embeddable":true,"href":"https:\/\/www.brikol.sk\/fr\/wp-json\/wp\/v2\/comments?post=9865"}],"wp:featuredmedia":[{"embeddable":true,"href":"https:\/\/www.brikol.sk\/fr\/wp-json\/wp\/v2\/media\/9866"}],"wp:attachment":[{"href":"https:\/\/www.brikol.sk\/fr\/wp-json\/wp\/v2\/media?parent=9865"}],"wp:term":[{"taxonomy":"product_cat","embeddable":true,"href":"https:\/\/www.brikol.sk\/fr\/wp-json\/wp\/v2\/product_cat?post=9865"},{"taxonomy":"product_tag","embeddable":true,"href":"https:\/\/www.brikol.sk\/fr\/wp-json\/wp\/v2\/product_tag?post=9865"}],"curies":[{"name":"wp","href":"https:\/\/api.w.org\/{rel}","templated":true}]}}