{"id":9892,"date":"2024-01-08T13:19:53","date_gmt":"2024-01-08T12:19:53","guid":{"rendered":"https:\/\/www.brikol.sk\/?post_type=product&#038;p=9892"},"modified":"2025-11-25T12:35:32","modified_gmt":"2025-11-25T11:35:32","slug":"zakladna-cast-isoline-prim-par","status":"publish","type":"product","link":"https:\/\/www.brikol.sk\/fr\/produkt\/zakladna-cast-isoline-prim-par\/","title":{"rendered":"Z\u00e1kladn\u00e1 \u010das\u0165 ISOLINE PRIM \/ p\u00e1r"},"content":{"rendered":"<p><span style=\"font-size: 110%;\"><strong>Z\u00e1kladn\u00e1 \u010das\u0165 ISOLINE PRIM<\/strong><\/span><\/p>\n<ul>\n<li><span lang=\"sk\">vedenie retiazky (bok \u017eal\u00fazie)<\/span><\/li>\n<li>nas\u00fava sa na horn\u00fd profil \u017eal\u00fazie z oboch str\u00e1n<\/li>\n<li><span lang=\"sk\">kompatibiln\u00e9 iba so \u017eal\u00faziami <strong>Kasko &#8211; Prim &#8211;\u00a0<\/strong>jedn\u00e1 sa o \u017eal\u00fazie s obl\u00fa\u010dikov\u00fdm horn\u00fdm profilom\u00a0<\/span><\/li>\n<\/ul>\n<p>&nbsp;<\/p>\n","protected":false},"excerpt":{"rendered":"<ul>\n<li><span lang=\"sk\">vedenie retiazky (bok \u017eal\u00fazie)<\/span><\/li>\n<li>je nasunut\u00e1 na hornom profile \u017eal\u00fazie z oboch str\u00e1n. Z jednej strany vedie gu\u013e\u00f4\u010dkov\u00e1 \u0161n\u00fara na ovl\u00e1danie lamiel \u017eal\u00fazie<\/li>\n<li><span lang=\"sk\">kompatibiln\u00e9 iba so \u017eal\u00faziami <strong>Kasko &#8211; Prim &#8211;\u00a0<\/strong>jedn\u00e1 sa o \u017eal\u00fazie s obl\u00fa\u010dikov\u00fdm horn\u00fdm profilom\u00a0<\/span><\/li>\n<\/ul>\n","protected":false},"featured_media":9893,"comment_status":"open","ping_status":"closed","template":"","meta":[],"product_cat":[65,85],"product_tag":[],"_links":{"self":[{"href":"https:\/\/www.brikol.sk\/fr\/wp-json\/wp\/v2\/product\/9892"}],"collection":[{"href":"https:\/\/www.brikol.sk\/fr\/wp-json\/wp\/v2\/product"}],"about":[{"href":"https:\/\/www.brikol.sk\/fr\/wp-json\/wp\/v2\/types\/product"}],"replies":[{"embeddable":true,"href":"https:\/\/www.brikol.sk\/fr\/wp-json\/wp\/v2\/comments?post=9892"}],"wp:featuredmedia":[{"embeddable":true,"href":"https:\/\/www.brikol.sk\/fr\/wp-json\/wp\/v2\/media\/9893"}],"wp:attachment":[{"href":"https:\/\/www.brikol.sk\/fr\/wp-json\/wp\/v2\/media?parent=9892"}],"wp:term":[{"taxonomy":"product_cat","embeddable":true,"href":"https:\/\/www.brikol.sk\/fr\/wp-json\/wp\/v2\/product_cat?post=9892"},{"taxonomy":"product_tag","embeddable":true,"href":"https:\/\/www.brikol.sk\/fr\/wp-json\/wp\/v2\/product_tag?post=9892"}],"curies":[{"name":"wp","href":"https:\/\/api.w.org\/{rel}","templated":true}]}}