{"id":9928,"date":"2024-01-12T10:52:38","date_gmt":"2024-01-12T09:52:38","guid":{"rendered":"https:\/\/www.brikol.sk\/?post_type=product&#038;p=9928"},"modified":"2026-04-24T13:11:39","modified_gmt":"2026-04-24T11:11:39","slug":"samozatvaraci-pant-na-sietove-dvere-kus","status":"publish","type":"product","link":"https:\/\/www.brikol.sk\/fr\/produkt\/samozatvaraci-pant-na-sietove-dvere-kus\/","title":{"rendered":"Samozatv\u00e1rac\u00ed p\u00e1nt na sie\u0165ov\u00e9 dvere \/ kus"},"content":{"rendered":"<h2><strong>Samozatv\u00e1rac\u00ed plastov\u00fd p\u00e1nt na sie\u0165ov\u00e9 dvere<\/strong><\/h2>\n<p>Samozatv\u00e1rac\u00ed p\u00e1nt na sie\u0165ov\u00e9 dvere ur\u010den\u00fd pre sie\u0165ov\u00e9 dvere vyroben\u00e9 z profilu 40&#215;20 alebo 50&#215;20.<\/p>\n<p>Nastavite\u013en\u00e1 sila pr\u00edtlaku p\u00e1ntu. Nastavuje sa nato\u010den\u00edm pru\u017einy.<\/p>\n<p>V\u00e4\u010d\u0161inou sa na jedny sie\u0165kov\u00e9 dvere pou\u017e\u00edvaj\u00fa dva samozatv\u00e1racie p\u00e1nty a\u00a0jeden oby\u010dajn\u00fd, no m\u00f4\u017eete vymeni\u0165 v\u0161etky tri na samozatv\u00e1racie.<\/p>\n<p>P\u00e1nt sa mus\u00ed po namontovan\u00ed napru\u017ei\u0165, \u010di\u017ee nato\u010di\u0165 pru\u017einu.<\/p>\n<p>Samozatv\u00e1raciu funkciu je mo\u017en\u00e9 zapn\u00fa\u0165 aj vypn\u00fa\u0165, ak by bola potreba necha\u0165 sie\u0165ov\u00e9 dvere v otvorenej polohe. Zatla\u010den\u00edm alebo vytiahnut\u00edm dolnej skrutky jednoducho vypnete funkciu samozatv\u00e1rania.<\/p>\n<p><strong>Zatla\u010den\u00e1<\/strong> &#8211; dvere sa samy zatv\u00e1raj\u00fa<\/p>\n<p><strong>Vytiahnut\u00e1<\/strong> &#8211; dvere ostan\u00fa otvoren\u00e9<\/p>\n<p><strong>Pozor! Po uvo\u013enen\u00ed pru\u017einy je potrebn\u00e9 p\u00e1nt znova napru\u017ei\u0165 pomocou skrutkova\u010da a a\u017e vtedy zatla\u010di\u0165 skrutku.<\/strong><\/p>\n<p><span style=\"text-decoration: underline;\"><strong>Ako zisti\u0165 \u010di s\u00fa p\u00e1nty prav\u00e9 alebo \u013eav\u00e9?\u00a0<\/strong><\/span><\/p>\n<p>Postavte sa pred sie\u0165ov\u00e9 dvere tak, aby smer otv\u00e1rania bol na V\u00e1s. Pokia\u013e p\u00e1nty m\u00e1te na pravej strane, tak s\u00fa prav\u00e9 a ke\u010f na \u013eavej strane tak m\u00e1te \u013eav\u00e9 p\u00e1nty.<\/p>\n<p><span style=\"font-size: 105%;\"><strong><span style=\"color: #ed1c24;\">P\u00e1nty sa v\u0161ak daj\u00fa namontova\u0165 na dvere univerz\u00e1lne bez oh\u013eadu \u010di je prav\u00fd alebo \u013eav\u00fd, skrutkou nadol alebo nahor . Funkcia p\u00e1ntov sa zachovan\u00e1 rovnako.<\/span><\/strong><\/span><\/p>\n<p>P\u00e1nty m\u00f4\u017eete navoli\u0165 pod\u013ea farby r\u00e1mu dvernej sie\u0165ky.<\/p>\n<p>Farebn\u00e9 prevedenie:<\/p>\n<ul>\n<li>Biela<\/li>\n<li>Zlat\u00fd dub<\/li>\n<li>Svetlohned\u00e1<\/li>\n<li>Tmavohned\u00e1<\/li>\n<\/ul>\n<p>V pr\u00edpade po\u0161kodenia sie\u0165oviny na dver\u00e1ch n\u00e1jdete v na\u0161ej ponuke aj <a href=\"https:\/\/www.brikol.sk\/produkt\/nahradna-sietovina-pre-sietky-proti-hmyzu-100-cm-meter\/\">n\u00e1hradn\u00e1 sie\u0165ovina<\/a> a zais\u0165ovacie tesnenie.<\/p>\n","protected":false},"excerpt":{"rendered":"<h2><strong>Samozatv\u00e1rac\u00ed plastov\u00fd p\u00e1nt na sie\u0165ov\u00e9 dvere<\/strong><\/h2>\n<p>Ur\u010den\u00fd pre sie\u0165ov\u00e9 dvere vyroben\u00e9 z profilu 40&#215;20 alebo 50&#215;20.<\/p>\n<p>Nastavite\u013en\u00e1 sila pr\u00edtlaku p\u00e1ntu.<\/p>\n<p>P\u00e1nt je po namontovan\u00ed potrebn\u00e9 napru\u017ei\u0165, \u010di\u017ee nato\u010di\u0165 pru\u017einu.<\/p>\n<p>Samozatv\u00e1raciu funkciu je mo\u017en\u00e9 zapn\u00fa\u0165 aj vypn\u00fa\u0165.<\/p>\n<p><span style=\"font-size: 105%;\"><strong><span style=\"color: #ed1c24;\">P\u00e1nty sa v\u0161ak daj\u00fa namontova\u0165 na dvere univerz\u00e1lne bez oh\u013eadu \u010di je prav\u00fd alebo \u013eav\u00fd, skrutkou nadol alebo nahor . Ich funkcia bude zachovan\u00e1 rovnako.<\/span><\/strong><\/span><\/p>\n","protected":false},"featured_media":9933,"comment_status":"open","ping_status":"closed","template":"","meta":[],"product_cat":[83,100],"product_tag":[],"_links":{"self":[{"href":"https:\/\/www.brikol.sk\/fr\/wp-json\/wp\/v2\/product\/9928"}],"collection":[{"href":"https:\/\/www.brikol.sk\/fr\/wp-json\/wp\/v2\/product"}],"about":[{"href":"https:\/\/www.brikol.sk\/fr\/wp-json\/wp\/v2\/types\/product"}],"replies":[{"embeddable":true,"href":"https:\/\/www.brikol.sk\/fr\/wp-json\/wp\/v2\/comments?post=9928"}],"wp:featuredmedia":[{"embeddable":true,"href":"https:\/\/www.brikol.sk\/fr\/wp-json\/wp\/v2\/media\/9933"}],"wp:attachment":[{"href":"https:\/\/www.brikol.sk\/fr\/wp-json\/wp\/v2\/media?parent=9928"}],"wp:term":[{"taxonomy":"product_cat","embeddable":true,"href":"https:\/\/www.brikol.sk\/fr\/wp-json\/wp\/v2\/product_cat?post=9928"},{"taxonomy":"product_tag","embeddable":true,"href":"https:\/\/www.brikol.sk\/fr\/wp-json\/wp\/v2\/product_tag?post=9928"}],"curies":[{"name":"wp","href":"https:\/\/api.w.org\/{rel}","templated":true}]}}