{"id":9984,"date":"2024-01-18T09:00:43","date_gmt":"2024-01-18T08:00:43","guid":{"rendered":"https:\/\/www.brikol.sk\/?post_type=product&#038;p=9984"},"modified":"2026-03-31T13:48:33","modified_gmt":"2026-03-31T11:48:33","slug":"ovladaci-bowden-zaluzie","status":"publish","type":"product","link":"https:\/\/www.brikol.sk\/fr\/produkt\/ovladaci-bowden-zaluzie\/","title":{"rendered":"Ovl\u00e1dac\u00ed bowden \u017eal\u00fazie \/ kus"},"content":{"rendered":"<p>Ovl\u00e1dac\u00ed bowden \u017eal\u00fazie je spojnica medzi oskou vn\u00fatri \u017eal\u00fazie a tiahlom mimo \u017eal\u00fazie.<\/p>\n<p>Na jednej strane je kovov\u00fd otvor ktor\u00fd sa nasad\u00ed na osku, na druhej strane je koncovka pre nasadenie tiahla.<\/p>\n<p>&nbsp;<\/p>\n","protected":false},"excerpt":{"rendered":"<p>Ovl\u00e1dac\u00ed bowden \u017eal\u00fazie je spojnica medzi oskou vn\u00fatri \u017eal\u00fazie a tiahlom mimo \u017eal\u00fazie.<\/p>\n<p>Na jednej strane je kovov\u00fd otvor ktor\u00fd sa nasad\u00ed na osku, na druhej strane je koncovka pre nasadenie tiahla.<\/p>\n<p>&nbsp;<\/p>\n<p>&nbsp;<\/p>\n","protected":false},"featured_media":9985,"comment_status":"open","ping_status":"closed","template":"","meta":[],"product_cat":[65,88],"product_tag":[],"_links":{"self":[{"href":"https:\/\/www.brikol.sk\/fr\/wp-json\/wp\/v2\/product\/9984"}],"collection":[{"href":"https:\/\/www.brikol.sk\/fr\/wp-json\/wp\/v2\/product"}],"about":[{"href":"https:\/\/www.brikol.sk\/fr\/wp-json\/wp\/v2\/types\/product"}],"replies":[{"embeddable":true,"href":"https:\/\/www.brikol.sk\/fr\/wp-json\/wp\/v2\/comments?post=9984"}],"wp:featuredmedia":[{"embeddable":true,"href":"https:\/\/www.brikol.sk\/fr\/wp-json\/wp\/v2\/media\/9985"}],"wp:attachment":[{"href":"https:\/\/www.brikol.sk\/fr\/wp-json\/wp\/v2\/media?parent=9984"}],"wp:term":[{"taxonomy":"product_cat","embeddable":true,"href":"https:\/\/www.brikol.sk\/fr\/wp-json\/wp\/v2\/product_cat?post=9984"},{"taxonomy":"product_tag","embeddable":true,"href":"https:\/\/www.brikol.sk\/fr\/wp-json\/wp\/v2\/product_tag?post=9984"}],"curies":[{"name":"wp","href":"https:\/\/api.w.org\/{rel}","templated":true}]}}