{"id":10099,"date":"2024-02-06T12:45:52","date_gmt":"2024-02-06T11:45:52","guid":{"rendered":"https:\/\/www.brikol.sk\/?post_type=product&#038;p=10099"},"modified":"2026-03-03T13:05:30","modified_gmt":"2026-03-03T12:05:30","slug":"teleso-samozatvaraca-geze-ts-2000-v-ks","status":"publish","type":"product","link":"https:\/\/www.brikol.sk\/hu\/produkt\/teleso-samozatvaraca-geze-ts-2000-v-ks\/","title":{"rendered":"Teleso samozatv\u00e1ra\u010da GEZE &#8211; TS 2000 V  \/ ks"},"content":{"rendered":"<div id=\"samozatvarac-gz\">\n<p><span style=\"font-size: 105%;\"><strong>Teleso samozatvara\u010da GEZE &#8211; TS 2000 V<\/strong><\/span><\/p>\n<p>Teleso samozatvara\u010da GEZE &#8211; TS 2000 V (brano, zatv\u00e1ra) je vyroben\u00e9 z hlin\u00edka je povrchovo upraven\u00fd. Samozatv\u00e1ra\u010d sp\u013a\u0148a po\u017eiadavky normy STN EN 1154 a je testovan\u00fd na min. 500 000 zatv\u00e1rac\u00edch cyklov. Vyzna\u010duje sa bezporuchovou prev\u00e1dzkou a dlhodobou \u017eivotnos\u0165ou.<br \/>\nPri v\u00fdbere samozatv\u00e1ra\u010da sa dodr\u017eiavaj\u00fa po\u017eiadavky normy STN EN 1154, ktor\u00e1 stanovuje ve\u013ekos\u0165 samozatv\u00e1ra\u010da (zatv\u00e1raciu silu) vzh\u013eadom na \u0161\u00edrku dvern\u00e9ho kr\u00eddla.<\/p>\n<p>Dvern\u00fd samozatv\u00e1ra\u010d GEZE \u2013 TS 2000 V m\u00e1 silu zatv\u00e1rania pod\u013ea STN EN 1154 v troch ve\u013ekostiach a to konkr\u00e9tne 2\/4\/5.<\/p>\n<p><span style=\"text-decoration: underline;\">Sila zatv\u00e1rania pod\u013ea ve\u013ekosti:<\/span><\/p>\n<ul>\n<li>\u00a02 pod\u013ea STN EN 1154 &#8211; je pre \u0161\u00edrku dvern\u00e9ho kr\u00eddla od 750 mm do 850 mm, nesmie by\u0165 nastaven\u00e1 na protipo\u017eiarnych dver\u00e1ch<\/li>\n<li>\u00a04 pod\u013ea STN EN 1154 &#8211; je pre \u0161\u00edrku dvern\u00e9ho kr\u00eddla od 950 mm do 1 100 mm<\/li>\n<li>\u00a05 pod\u013ea STN EN 1154 &#8211; je pre \u0161\u00edrku dvern\u00e9ho kr\u00eddla od 1100 mm do 1 250 mm<\/li>\n<\/ul>\n<p>Doporu\u010den\u00e1 v\u00e1ha dvern\u00e9ho kr\u00eddla pod\u013ea STN EN 1154 pre tento samozatv\u00e1ra\u010d 100 kg.<\/p>\n<p>Dvern\u00fd samozatv\u00e1ra\u010d GEZE \u2013 TS 2000 V m\u00e1 mo\u017enos\u0165 nastavenia r\u00fdchlosti zatv\u00e1rania dver\u00ed a hydraulick\u00e9ho koncov\u00e9ho dorazu pri zatv\u00e1ran\u00ed (ramienko). Taktie\u017e nastavenie polohy trval\u00e9ho otvorenia \u2013 70\u00b0 &#8211; 150\u00b0 s aret\u00e1ciou.<br \/>\n<strong>Pou\u017eitie:<\/strong><br \/>\nNa \u0165a\u017e\u0161ie interi\u00e9rov\u00e9\/exteri\u00e9rov\u00e9 dvere z materi\u00e1lu &#8211; drevo\/sklo (nie pri protipo\u017eiarnych a dymotesn\u00fdch dver\u00e1ch; oce\u013e\/hlin\u00edk\/plast<br \/>\nNa protipo\u017eiarne a dymotesn\u00e9 dvere<br \/>\nOrient\u00e1cia dver\u00ed \u2013 pre \u013eav\u00e9 aj prav\u00e9 dvere<br \/>\nSp\u00f4sob mont\u00e1\u017ee \u2013 na dvernom kr\u00eddle na strane p\u00e1ntov \/ oproti p\u00e1ntom alebo na r\u00e1m na strane oproti p\u00e1ntom<\/p>\n<p>K produktu odpor\u00fa\u010dame zak\u00fapi\u0165 aj <a href=\"https:\/\/www.brikol.sk\/produkt\/ramienko-samozatvaraca-s-aretaciou-gz-k-ts-2000-4000\/?preview=true\">samozatv\u00e1racie ramienko<\/a> .<\/p>\n<\/div>\n","protected":false},"excerpt":{"rendered":"<p><strong><span style=\"font-size: 110%;\">Teleso samozatv\u00e1ra\u010da GZ- TS 2000 V\u00a0<\/span><\/strong><\/p>\n<p>Teleso dvern\u00e9ho samozatv\u00e1ra\u010da GEZE \u2013 TS 2000 V je vyroben\u00fd z hlin\u00edka a je povrchovo upraven\u00fd.<\/p>\n<p>Samozatv\u00e1ra\u010d sp\u013a\u0148a po\u017eiadavky normy STN EN 1154 a je testovan\u00fd na min. 500 000 zatv\u00e1rac\u00edch cyklov. Vyzna\u010duje sa bezporuchovou prev\u00e1dzkou a dlhodobou \u017eivotnos\u0165ou.<br \/>\nPri v\u00fdbere samozatv\u00e1ra\u010da je nevyhnutn\u00e9 dodr\u017ea\u0165 po\u017eiadavky normy STN EN 1154, ktor\u00e1&#8230;<strong><a href=\"#samozatvarac-gz\"><span style=\"color: #0000ff;\"> Viac v popise<\/span><\/a><\/strong><\/p>\n","protected":false},"featured_media":10106,"comment_status":"open","ping_status":"closed","template":"","meta":[],"product_cat":[68,72],"product_tag":[],"_links":{"self":[{"href":"https:\/\/www.brikol.sk\/hu\/wp-json\/wp\/v2\/product\/10099"}],"collection":[{"href":"https:\/\/www.brikol.sk\/hu\/wp-json\/wp\/v2\/product"}],"about":[{"href":"https:\/\/www.brikol.sk\/hu\/wp-json\/wp\/v2\/types\/product"}],"replies":[{"embeddable":true,"href":"https:\/\/www.brikol.sk\/hu\/wp-json\/wp\/v2\/comments?post=10099"}],"wp:featuredmedia":[{"embeddable":true,"href":"https:\/\/www.brikol.sk\/hu\/wp-json\/wp\/v2\/media\/10106"}],"wp:attachment":[{"href":"https:\/\/www.brikol.sk\/hu\/wp-json\/wp\/v2\/media?parent=10099"}],"wp:term":[{"taxonomy":"product_cat","embeddable":true,"href":"https:\/\/www.brikol.sk\/hu\/wp-json\/wp\/v2\/product_cat?post=10099"},{"taxonomy":"product_tag","embeddable":true,"href":"https:\/\/www.brikol.sk\/hu\/wp-json\/wp\/v2\/product_tag?post=10099"}],"curies":[{"name":"wp","href":"https:\/\/api.w.org\/{rel}","templated":true}]}}