{"id":1160,"date":"2019-06-21T15:48:52","date_gmt":"2019-06-21T13:48:52","guid":{"rendered":"https:\/\/www.brikol.sk\/?post_type=product&#038;p=1160"},"modified":"2026-04-21T16:19:35","modified_gmt":"2026-04-21T14:19:35","slug":"koncovka-textilnej-pasky-isoline","status":"publish","type":"product","link":"https:\/\/www.brikol.sk\/hu\/produkt\/koncovka-textilnej-pasky-isoline\/","title":{"rendered":"Koncovka textilnej p\u00e1sky ISOLINE biela \/ ks"},"content":{"rendered":"<p>Koncovka textilnej p\u00e1sky ISOLINE sl\u00fa\u017ei na zafixovanie textilnej nav\u00edjacej p\u00e1sky v spodnom profile horizont\u00e1lnej \u017eal\u00fazie.<\/p>\n<p>(D x \u0160x V) 23 x 9 x 9 mm<\/p>\n","protected":false},"excerpt":{"rendered":"<p>Koncovka textilnej p\u00e1sky ISOLINE sl\u00fa\u017ei na zafixovanie textilnej nav\u00edjacej p\u00e1sky v spodnom profile horizont\u00e1lnej \u017eal\u00fazie.<\/p>\n","protected":false},"featured_media":6489,"comment_status":"open","ping_status":"closed","template":"","meta":[],"product_cat":[65,85],"product_tag":[],"_links":{"self":[{"href":"https:\/\/www.brikol.sk\/hu\/wp-json\/wp\/v2\/product\/1160"}],"collection":[{"href":"https:\/\/www.brikol.sk\/hu\/wp-json\/wp\/v2\/product"}],"about":[{"href":"https:\/\/www.brikol.sk\/hu\/wp-json\/wp\/v2\/types\/product"}],"replies":[{"embeddable":true,"href":"https:\/\/www.brikol.sk\/hu\/wp-json\/wp\/v2\/comments?post=1160"}],"wp:featuredmedia":[{"embeddable":true,"href":"https:\/\/www.brikol.sk\/hu\/wp-json\/wp\/v2\/media\/6489"}],"wp:attachment":[{"href":"https:\/\/www.brikol.sk\/hu\/wp-json\/wp\/v2\/media?parent=1160"}],"wp:term":[{"taxonomy":"product_cat","embeddable":true,"href":"https:\/\/www.brikol.sk\/hu\/wp-json\/wp\/v2\/product_cat?post=1160"},{"taxonomy":"product_tag","embeddable":true,"href":"https:\/\/www.brikol.sk\/hu\/wp-json\/wp\/v2\/product_tag?post=1160"}],"curies":[{"name":"wp","href":"https:\/\/api.w.org\/{rel}","templated":true}]}}