{"id":1485,"date":"2019-11-22T10:27:40","date_gmt":"2019-11-22T09:27:40","guid":{"rendered":"https:\/\/www.brikol.sk\/?post_type=product&#038;p=1485"},"modified":"2026-04-15T11:41:24","modified_gmt":"2026-04-15T09:41:24","slug":"balkonova-zapadka-gu-pre-plastove-okna-ks","status":"publish","type":"product","link":"https:\/\/www.brikol.sk\/hu\/produkt\/balkonova-zapadka-gu-pre-plastove-okna-ks\/","title":{"rendered":"Balk\u00f3nov\u00e1 z\u00e1padka GU pre plastov\u00e9 okn\u00e1 \/ ks"},"content":{"rendered":"<div id=\"balkonova-zapadka-gu-pre-plastove-okna\">\n<p><strong>Balk\u00f3nov\u00e1 z\u00e1padka GU<\/strong><\/p>\n<p>Balk\u00f3nov\u00e1 z\u00e1padka (z\u00e1klopka) GU ur\u010den\u00e1 pre plastov\u00e9 okn\u00e1. Univerz\u00e1lna z\u00e1padka ur\u010den\u00e1 pre v\u0161etky typy kovan\u00ed, rozdiel je v\u0161ak v type profilu. Do kr\u00eddla dver\u00ed sa montuje len mal\u00fd hr\u00edbik, ktor\u00fd namontujete tak, \u017ee vykr\u00fatite ktor\u00fako\u013evek skrutku prilo\u017e\u00edte hr\u00edbik a prikr\u00fatite dlh\u0161ou skrutkou, ktor\u00e1 je s\u00fa\u010das\u0165ou balenia. Samotn\u00fd zachyt\u00e1vac\u00ed mechanizmus namontujete oproti hr\u00edbiku aby smeroval do stredu. Zachyt\u00e1va\u010de &#8211; rozdelen\u00e9 pod\u013ea \u010d\u00edsla a typu profilu do ktor\u00e9ho sa montuj\u00fa.<\/p>\n<p>Po zvolen\u00ed mo\u017enosti sa v\u00e1m vyroluje zoznam profilov, pre ktor\u00e9 je dan\u00e1 z\u00e1padka ur\u010den\u00e1.<\/p>\n<p><strong>Obsah balenia:<\/strong><\/p>\n<p>1 x z\u00e1padka<br \/>\n1 x hr\u00edbik<br \/>\n3 x skrutka<\/p>\n<p><strong>N\u00e1vod na mont\u00e1\u017e je rovnak\u00fd ako pri z\u00e1padke siegenia<br \/>\n<\/strong><\/p>\n<p><a href=\"https:\/\/www.brikol.sk\/wp-content\/uploads\/2018\/12\/z\u00e1padka-siegenia.pdf\">z\u00e1padka siegenia<\/a><\/p>\n<\/div>\n","protected":false},"excerpt":{"rendered":"<p><span style=\"font-size: 140%;\"><strong><span style=\"color: #ff0000;\">DOPREDAJ<\/span><\/strong><\/span><\/p>\n<p>Univerz\u00e1lna z\u00e1padka je ur\u010den\u00e1 pre v\u0161etky typy kovan\u00ed, rozdiel je v\u0161ak v type profilu. Zachyt\u00e1va\u010de s\u00fa rozdelen\u00e9 pod\u013ea \u010d\u00edsla a typu profilu do ktor\u00e9ho sa montuj\u00fa&#8230;<span style=\"color: #0000ff;\"><a style=\"color: #0000ff;\" href=\"#balkonova-zapadka-gu-pre-plastove-okna\"><strong>Viac v popise<\/strong><\/a><\/span><\/p>\n<p>&nbsp;<\/p>\n<p>&nbsp;<\/p>\n","protected":false},"featured_media":8525,"comment_status":"open","ping_status":"closed","template":"","meta":[],"product_cat":[68,211,91],"product_tag":[],"_links":{"self":[{"href":"https:\/\/www.brikol.sk\/hu\/wp-json\/wp\/v2\/product\/1485"}],"collection":[{"href":"https:\/\/www.brikol.sk\/hu\/wp-json\/wp\/v2\/product"}],"about":[{"href":"https:\/\/www.brikol.sk\/hu\/wp-json\/wp\/v2\/types\/product"}],"replies":[{"embeddable":true,"href":"https:\/\/www.brikol.sk\/hu\/wp-json\/wp\/v2\/comments?post=1485"}],"wp:featuredmedia":[{"embeddable":true,"href":"https:\/\/www.brikol.sk\/hu\/wp-json\/wp\/v2\/media\/8525"}],"wp:attachment":[{"href":"https:\/\/www.brikol.sk\/hu\/wp-json\/wp\/v2\/media?parent=1485"}],"wp:term":[{"taxonomy":"product_cat","embeddable":true,"href":"https:\/\/www.brikol.sk\/hu\/wp-json\/wp\/v2\/product_cat?post=1485"},{"taxonomy":"product_tag","embeddable":true,"href":"https:\/\/www.brikol.sk\/hu\/wp-json\/wp\/v2\/product_tag?post=1485"}],"curies":[{"name":"wp","href":"https:\/\/api.w.org\/{rel}","templated":true}]}}