{"id":1554,"date":"2019-12-10T10:20:31","date_gmt":"2019-12-10T09:20:31","guid":{"rendered":"https:\/\/www.brikol.sk\/?post_type=product&#038;p=1554"},"modified":"2026-04-09T08:58:22","modified_gmt":"2026-04-09T06:58:22","slug":"dverova-zastrc-wala-219-mm-par","status":"publish","type":"product","link":"https:\/\/www.brikol.sk\/hu\/produkt\/dverova-zastrc-wala-219-mm-par\/","title":{"rendered":"Dverov\u00e1 z\u00e1str\u010d WALA 219 mm \/ p\u00e1r"},"content":{"rendered":"<p>Dverov\u00e1 z\u00e1str\u010d WALA ur\u010den\u00e1 pre hlin\u00edkov\u00e9 alebo dreven\u00e9 dvere s rovnou dr\u00e1\u017ekou. S\u00fa\u010das\u0165ou balenia s\u00fa aj r\u00e1mov\u00e9 protikusy a sada skrutiek.<\/p>\n","protected":false},"excerpt":{"rendered":"<p>Dverov\u00e1 z\u00e1str\u010d WALA ur\u010den\u00e1 pre hlin\u00edkov\u00e9 alebo dreven\u00e9 dvere s rovnou dr\u00e1\u017ekou. S\u00fa\u010das\u0165ou balenia s\u00fa aj r\u00e1mov\u00e9 protikusy a sada skrutiek.<\/p>\n","protected":false},"featured_media":1555,"comment_status":"open","ping_status":"closed","template":"","meta":[],"product_cat":[68,72],"product_tag":[],"_links":{"self":[{"href":"https:\/\/www.brikol.sk\/hu\/wp-json\/wp\/v2\/product\/1554"}],"collection":[{"href":"https:\/\/www.brikol.sk\/hu\/wp-json\/wp\/v2\/product"}],"about":[{"href":"https:\/\/www.brikol.sk\/hu\/wp-json\/wp\/v2\/types\/product"}],"replies":[{"embeddable":true,"href":"https:\/\/www.brikol.sk\/hu\/wp-json\/wp\/v2\/comments?post=1554"}],"wp:featuredmedia":[{"embeddable":true,"href":"https:\/\/www.brikol.sk\/hu\/wp-json\/wp\/v2\/media\/1555"}],"wp:attachment":[{"href":"https:\/\/www.brikol.sk\/hu\/wp-json\/wp\/v2\/media?parent=1554"}],"wp:term":[{"taxonomy":"product_cat","embeddable":true,"href":"https:\/\/www.brikol.sk\/hu\/wp-json\/wp\/v2\/product_cat?post=1554"},{"taxonomy":"product_tag","embeddable":true,"href":"https:\/\/www.brikol.sk\/hu\/wp-json\/wp\/v2\/product_tag?post=1554"}],"curies":[{"name":"wp","href":"https:\/\/api.w.org\/{rel}","templated":true}]}}