{"id":1607,"date":"2020-01-15T11:39:29","date_gmt":"2020-01-15T10:39:29","guid":{"rendered":"https:\/\/www.brikol.sk\/?post_type=product&#038;p=1607"},"modified":"2026-02-23T11:05:06","modified_gmt":"2026-02-23T10:05:06","slug":"vedenie-retiazky-pre-isoline","status":"publish","type":"product","link":"https:\/\/www.brikol.sk\/hu\/produkt\/vedenie-retiazky-pre-isoline\/","title":{"rendered":"Vedenie retiazky pre ISOLINE \/ ks"},"content":{"rendered":"<p>Vedenie retiazky spolu s kolieskom guli\u010dkovej retiazky. Syst\u00e9m ur\u010den\u00fd pre \u017eal\u00fazie ISOLINE. Koliesko retiazky je prisp\u00f4soben\u00e9 pre hviezdicov\u00fd hriade\u013e.<\/p>\n","protected":false},"excerpt":{"rendered":"<p>Vedenie retiazky spolu s kolieskom guli\u010dkovej retiazky. Syst\u00e9m ur\u010den\u00fd pre \u017eal\u00fazie ISOLINE. Koliesko retiazky je prisp\u00f4soben\u00e9 pre hviezdicov\u00fd hriade\u013e.<\/p>\n","protected":false},"featured_media":9990,"comment_status":"open","ping_status":"closed","template":"","meta":[],"product_cat":[65,85],"product_tag":[],"_links":{"self":[{"href":"https:\/\/www.brikol.sk\/hu\/wp-json\/wp\/v2\/product\/1607"}],"collection":[{"href":"https:\/\/www.brikol.sk\/hu\/wp-json\/wp\/v2\/product"}],"about":[{"href":"https:\/\/www.brikol.sk\/hu\/wp-json\/wp\/v2\/types\/product"}],"replies":[{"embeddable":true,"href":"https:\/\/www.brikol.sk\/hu\/wp-json\/wp\/v2\/comments?post=1607"}],"wp:featuredmedia":[{"embeddable":true,"href":"https:\/\/www.brikol.sk\/hu\/wp-json\/wp\/v2\/media\/9990"}],"wp:attachment":[{"href":"https:\/\/www.brikol.sk\/hu\/wp-json\/wp\/v2\/media?parent=1607"}],"wp:term":[{"taxonomy":"product_cat","embeddable":true,"href":"https:\/\/www.brikol.sk\/hu\/wp-json\/wp\/v2\/product_cat?post=1607"},{"taxonomy":"product_tag","embeddable":true,"href":"https:\/\/www.brikol.sk\/hu\/wp-json\/wp\/v2\/product_tag?post=1607"}],"curies":[{"name":"wp","href":"https:\/\/api.w.org\/{rel}","templated":true}]}}