{"id":1818,"date":"2020-03-21T16:40:06","date_gmt":"2020-03-21T15:40:06","guid":{"rendered":"https:\/\/www.brikol.sk\/?post_type=product&#038;p=1818"},"modified":"2026-02-06T10:28:48","modified_gmt":"2026-02-06T09:28:48","slug":"koncovka-spodneho-profilu-isotra-cira","status":"publish","type":"product","link":"https:\/\/www.brikol.sk\/hu\/produkt\/koncovka-spodneho-profilu-isotra-cira\/","title":{"rendered":"Koncovka spodn\u00e9ho profilu ISOTRA \u010d\u00edra \/ ks"},"content":{"rendered":"<p><strong>Koncovka profilu isotra<\/strong> (pre spodn\u00fa li\u0161tu) ur\u010den\u00e1 na interi\u00e9rov\u00e9 \u017eal\u00fazie ISOTRA m\u00e1 o\u010dko, ktor\u00fdm prech\u00e1dza bo\u010dn\u00fd <strong><a href=\"https:\/\/www.brikol.sk\/produkt\/silon-zilka-zaluzie-2\/\">vodiaci sil\u00f3n<\/a><\/strong> \u017eal\u00fazie. \u00dalohou koncovky je zlep\u0161i\u0165 vedenie spodn\u00e9ho profilu pri manipul\u00e1cii so \u017eal\u00faziami aby sa zabezpe\u010dilo plynul\u00e9 s\u0165ahovanie a vy\u0165ahovanie \u017eal\u00fazie.<\/p>\n<p>O\u010dko koncovky m\u00f4\u017eete premiest\u0148ova\u0165, sta\u010d\u00ed ho vysun\u00fa\u0165 a umiestni\u0165 do in\u00e9ho otvoru koncovky. Plastov\u00fa \u010d\u00edru koncovku spodn\u00e9ho profilu pou\u017e\u00edvame na pravej aj \u013eavej strane.<\/p>\n","protected":false},"excerpt":{"rendered":"<p>Koncovka profilu isotra (pre spodn\u00fa li\u0161tu) ur\u010den\u00e1 na interi\u00e9rov\u00e9 \u017eal\u00fazie ISOTRA m\u00e1 o\u010dko, ktor\u00fdm prech\u00e1dza bo\u010dn\u00fd vodiaci sil\u00f3n \u017eal\u00fazie. \u00dalohou koncovky je zlep\u0161i\u0165 vedenie spodn\u00e9ho profilu pri manipul\u00e1cii so \u017eal\u00faziami aby sa zabezpe\u010dilo plynul\u00e9 s\u0165ahovanie a vy\u0165ahovanie \u017eal\u00fazie. O\u010dko koncovky m\u00f4\u017eete premiest\u0148ova\u0165, sta\u010d\u00ed ho vysun\u00fa\u0165 a umiestni\u0165 do in\u00e9ho otvoru koncovky. Plastov\u00fa \u010d\u00edru koncovku spodn\u00e9ho [&hellip;]\n","protected":false},"featured_media":8046,"comment_status":"open","ping_status":"closed","template":"","meta":[],"product_cat":[65,84],"product_tag":[],"_links":{"self":[{"href":"https:\/\/www.brikol.sk\/hu\/wp-json\/wp\/v2\/product\/1818"}],"collection":[{"href":"https:\/\/www.brikol.sk\/hu\/wp-json\/wp\/v2\/product"}],"about":[{"href":"https:\/\/www.brikol.sk\/hu\/wp-json\/wp\/v2\/types\/product"}],"replies":[{"embeddable":true,"href":"https:\/\/www.brikol.sk\/hu\/wp-json\/wp\/v2\/comments?post=1818"}],"wp:featuredmedia":[{"embeddable":true,"href":"https:\/\/www.brikol.sk\/hu\/wp-json\/wp\/v2\/media\/8046"}],"wp:attachment":[{"href":"https:\/\/www.brikol.sk\/hu\/wp-json\/wp\/v2\/media?parent=1818"}],"wp:term":[{"taxonomy":"product_cat","embeddable":true,"href":"https:\/\/www.brikol.sk\/hu\/wp-json\/wp\/v2\/product_cat?post=1818"},{"taxonomy":"product_tag","embeddable":true,"href":"https:\/\/www.brikol.sk\/hu\/wp-json\/wp\/v2\/product_tag?post=1818"}],"curies":[{"name":"wp","href":"https:\/\/api.w.org\/{rel}","templated":true}]}}