{"id":1830,"date":"2020-03-23T17:06:48","date_gmt":"2020-03-23T16:06:48","guid":{"rendered":"https:\/\/www.brikol.sk\/?post_type=product&#038;p=1830"},"modified":"2026-03-12T11:25:37","modified_gmt":"2026-03-12T10:25:37","slug":"nastavovaci-kluc-gu-torx-t15","status":"publish","type":"product","link":"https:\/\/www.brikol.sk\/hu\/produkt\/nastavovaci-kluc-gu-torx-t15\/","title":{"rendered":"Nastavovac\u00ed k\u013e\u00fa\u010d GU torx T15 \/ ks"},"content":{"rendered":"<h3 data-sourcepos=\"5:1-5:58\">Nastavovac\u00ed K\u013e\u00fa\u010d GU Torx T15<\/h3>\n<p data-sourcepos=\"7:1-7:232\"><strong>Nastavovac\u00ed k\u013e\u00fa\u010d GU Torx T15<\/strong> je v\u00e1\u0161 <strong>nevyhnutn\u00fd pomocn\u00edk<\/strong> pre jednoduch\u00fa a efekt\u00edvnu \u00fadr\u017ebu okien a dver\u00ed priamo u v\u00e1s doma. Preto u\u017e nemus\u00edte vola\u0165 drah\u00fdch odborn\u00edkov pri ka\u017edom men\u0161om probl\u00e9me s tesnen\u00edm alebo otv\u00e1ran\u00edm!<\/p>\n<p data-sourcepos=\"9:1-9:345\">Tento \u0161peci\u00e1lny k\u013e\u00fa\u010d sme navrhli pre <strong>presn\u00e9 nastavenie (\u0161telovanie) v\u0161etk\u00fdch typov kovania GU<\/strong>, ktor\u00e9 be\u017ene n\u00e1jdete na plastov\u00fdch, dreven\u00fdch aj hlin\u00edkov\u00fdch okn\u00e1ch a balk\u00f3nov\u00fdch dver\u00e1ch. V\u010faka nemu \u013eahko nastav\u00edte v\u00fd\u0161ku okna a sklopenie okna na vrchnej no\u017enici. A pre\u010do je to tak\u00e9 d\u00f4le\u017eit\u00e9? Spr\u00e1vne nastaven\u00e9 okno v\u00e1m toti\u017e zaist\u00ed:<\/p>\n<ul data-sourcepos=\"11:1-15:0\">\n<li data-sourcepos=\"11:1-11:216\"><strong>Optim\u00e1lne tesnenie:<\/strong> Tak\u017ee sa rozl\u00fa\u010dite s nepr\u00edjemn\u00fdm prefukovan\u00edm a zn\u00ed\u017eite tepeln\u00e9 straty vo va\u0161ej dom\u00e1cnosti. V d\u00f4sledku toho uvid\u00edte ni\u017e\u0161ie \u00fa\u010dty za k\u00farenie a budete si u\u017e\u00edva\u0165 pr\u00edjemnej\u0161ie prostredie.<\/li>\n<li data-sourcepos=\"12:1-12:206\"><strong>Hladk\u00e9 otv\u00e1ranie a zatv\u00e1ranie:<\/strong> Ak sa va\u0161e okno drhne, \u0165a\u017eko otv\u00e1ra alebo zatv\u00e1ra, pravdepodobne potrebuje len mal\u00e9 nastavenie. Na\u0161\u0165astie, s k\u013e\u00fa\u010dom GU Torx T15 to zvl\u00e1dnete r\u00fdchlo a bez n\u00e1mahy.<\/li>\n<li data-sourcepos=\"13:1-13:177\"><strong>Pred\u013a\u017een\u00fa \u017eivotnos\u0165:<\/strong> Pravidelnou \u00fadr\u017ebou a spr\u00e1vnym nastaven\u00edm chr\u00e1nite kovanie pred nadmern\u00fdm opotreben\u00edm, \u010d\u00edm v\u00fdrazne predl\u017eujete \u017eivotnos\u0165 va\u0161ich okien a dver\u00ed.<\/li>\n<li data-sourcepos=\"14:1-15:0\"><strong>Zn\u00ed\u017eenie hluku z exteri\u00e9ru:<\/strong> Navy\u0161e, dobre tesniace okn\u00e1 lep\u0161ie izoluj\u00fa aj hluk, \u010do prispieva k tich\u0161ej a pokojnej\u0161ej dom\u00e1cnosti.<\/li>\n<\/ul>\n<p data-sourcepos=\"16:1-16:37\"><strong>Pre\u010do si vybra\u0165 pr\u00e1ve tento k\u013e\u00fa\u010d?<\/strong><\/p>\n<ul data-sourcepos=\"18:1-22:0\">\n<li data-sourcepos=\"18:1-18:146\"><strong>Jednoduch\u00e9 pou\u017eitie:<\/strong> V\u010faka ergonomick\u00e9mu dizajnu a \u0161tandardn\u00e9mu rozmeru Torx T15 je pr\u00e1ca s n\u00edm intuit\u00edvna aj pre \u00fapln\u00fdch za\u010diato\u010dn\u00edkov.<\/li>\n<li data-sourcepos=\"19:1-19:109\"><strong>Vysok\u00e1 kompatibilita:<\/strong> To znamen\u00e1, \u017ee je ide\u00e1lny pre \u0161irok\u00fa \u0161k\u00e1lu okien a dver\u00ed s kovan\u00edm zna\u010dky GU.<\/li>\n<li data-sourcepos=\"20:1-20:106\"><strong>Kompaktn\u00e9 rozmery:<\/strong> S d\u013a\u017ekou 110 mm a \u0161\u00edrkou 100 mm ho \u013eahko uskladn\u00edte a budete ho ma\u0165 v\u017edy po ruke.<\/li>\n<li data-sourcepos=\"21:1-22:0\"><strong>Ekonomick\u00e9 rie\u0161enie:<\/strong> T\u00fdm p\u00e1dom u\u0161etr\u00edte peniaze za servisn\u00fdch technikov a udr\u017e\u00edte si okn\u00e1 v perfektnom stave sami.<\/li>\n<\/ul>\n<p data-sourcepos=\"23:1-23:222\">Ne\u010dakajte, k\u00fdm sa z mal\u00e9ho probl\u00e9mu stane ve\u013ek\u00fd. S Nastavovac\u00edm k\u013e\u00fa\u010dom GU Torx T15 m\u00e1te rie\u0161enie na dosah ruky. Objednajte si ho e\u0161te dnes a u\u017e\u00edvajte si komfort a \u00faspory, ktor\u00e9 v\u00e1m spr\u00e1vne funguj\u00face okn\u00e1 prin\u00e1\u0161aj\u00fa!<\/p>\n","protected":false},"excerpt":{"rendered":"<p>Nastavovac\u00ed k\u013e\u00fa\u010d GU torx T15. Nastavovac\u00ed k\u013e\u00fa\u010d sl\u00fa\u017ei na nastavenie (\u0161telovanie) v\u0161etk\u00fdch typov kovania. Pou\u017e\u00edva sa predov\u0161etk\u00fdm na nastavenie v\u00fd\u0161ky okna a sklopenia okna na vrchnej no\u017enici.<br \/>\nD\u013a\u017eka &#8211; 110 mm, \u0161\u00edrka &#8211; 100 mm, d\u013a\u017eka 2 &#8211; 30 mm<\/p>\n","protected":false},"featured_media":9836,"comment_status":"open","ping_status":"closed","template":"","meta":[],"product_cat":[68,216],"product_tag":[],"_links":{"self":[{"href":"https:\/\/www.brikol.sk\/hu\/wp-json\/wp\/v2\/product\/1830"}],"collection":[{"href":"https:\/\/www.brikol.sk\/hu\/wp-json\/wp\/v2\/product"}],"about":[{"href":"https:\/\/www.brikol.sk\/hu\/wp-json\/wp\/v2\/types\/product"}],"replies":[{"embeddable":true,"href":"https:\/\/www.brikol.sk\/hu\/wp-json\/wp\/v2\/comments?post=1830"}],"wp:featuredmedia":[{"embeddable":true,"href":"https:\/\/www.brikol.sk\/hu\/wp-json\/wp\/v2\/media\/9836"}],"wp:attachment":[{"href":"https:\/\/www.brikol.sk\/hu\/wp-json\/wp\/v2\/media?parent=1830"}],"wp:term":[{"taxonomy":"product_cat","embeddable":true,"href":"https:\/\/www.brikol.sk\/hu\/wp-json\/wp\/v2\/product_cat?post=1830"},{"taxonomy":"product_tag","embeddable":true,"href":"https:\/\/www.brikol.sk\/hu\/wp-json\/wp\/v2\/product_tag?post=1830"}],"curies":[{"name":"wp","href":"https:\/\/api.w.org\/{rel}","templated":true}]}}