{"id":1885,"date":"2020-04-03T10:43:42","date_gmt":"2020-04-03T08:43:42","guid":{"rendered":"https:\/\/www.brikol.sk\/?post_type=product&#038;p=1885"},"modified":"2025-11-25T11:39:40","modified_gmt":"2025-11-25T10:39:40","slug":"fixator-rebricku-a-vytahovacej-snurky","status":"publish","type":"product","link":"https:\/\/www.brikol.sk\/hu\/produkt\/fixator-rebricku-a-vytahovacej-snurky\/","title":{"rendered":"Fix\u00e1tor rebr\u00ed\u010dku a vy\u0165ahovacej \u0161n\u00farky ISOTRA \/ ks"},"content":{"rendered":"<p>Fix\u00e1tor rebr\u00ed\u010dku a vy\u0165ahovacej \u0161n\u00fary ur\u010den\u00fd pre \u017eal\u00fazie ovl\u00e1dan\u00e9 pali\u010dkou a \u0161n\u00farou. Fix\u00e1tor je umiestnen\u00fd na spodnom profile vonkaj\u0161\u00ed priemer je 11 mm, vn\u00fatorn\u00fd priemer 5 mm, v\u00fd\u0161ka 8 mm.<\/p>\n<p>Farebn\u00e9 prevedenie :<\/p>\n<ul>\n<li>Biela<\/li>\n<li>Svetlohned\u00e1<\/li>\n<li>Tmavohned\u00e1<\/li>\n<li>Siv\u00e1<\/li>\n<\/ul>\n<p>&nbsp;<\/p>\n","protected":false},"excerpt":{"rendered":"<p>Fix\u00e1tor rebr\u00ed\u010dku a vy\u0165ahovacej \u0161n\u00fary je ur\u010den\u00fd pre \u017eal\u00fazie ovl\u00e1dan\u00e9 pali\u010dkou a \u0161n\u00farou. Fix\u00e1tor je umiestnen\u00fd na spodnom profile vonkaj\u0161\u00ed priemer je 11 mm, vn\u00fatorn\u00fd priemer 5 mm, v\u00fd\u0161ka 8 mm.<\/p>\n","protected":false},"featured_media":6971,"comment_status":"open","ping_status":"closed","template":"","meta":[],"product_cat":[65,84],"product_tag":[],"_links":{"self":[{"href":"https:\/\/www.brikol.sk\/hu\/wp-json\/wp\/v2\/product\/1885"}],"collection":[{"href":"https:\/\/www.brikol.sk\/hu\/wp-json\/wp\/v2\/product"}],"about":[{"href":"https:\/\/www.brikol.sk\/hu\/wp-json\/wp\/v2\/types\/product"}],"replies":[{"embeddable":true,"href":"https:\/\/www.brikol.sk\/hu\/wp-json\/wp\/v2\/comments?post=1885"}],"wp:featuredmedia":[{"embeddable":true,"href":"https:\/\/www.brikol.sk\/hu\/wp-json\/wp\/v2\/media\/6971"}],"wp:attachment":[{"href":"https:\/\/www.brikol.sk\/hu\/wp-json\/wp\/v2\/media?parent=1885"}],"wp:term":[{"taxonomy":"product_cat","embeddable":true,"href":"https:\/\/www.brikol.sk\/hu\/wp-json\/wp\/v2\/product_cat?post=1885"},{"taxonomy":"product_tag","embeddable":true,"href":"https:\/\/www.brikol.sk\/hu\/wp-json\/wp\/v2\/product_tag?post=1885"}],"curies":[{"name":"wp","href":"https:\/\/api.w.org\/{rel}","templated":true}]}}