{"id":19208,"date":"2024-07-10T14:04:27","date_gmt":"2024-07-10T12:04:27","guid":{"rendered":"https:\/\/www.brikol.sk\/?post_type=product&#038;p=19208"},"modified":"2026-02-14T16:41:11","modified_gmt":"2026-02-14T15:41:11","slug":"koncovka-spodneho-nosnika","status":"publish","type":"product","link":"https:\/\/www.brikol.sk\/hu\/produkt\/koncovka-spodneho-nosnika\/","title":{"rendered":"Koncovka spodn\u00e9ho nosn\u00edka LAMELLAND \/ ks"},"content":{"rendered":"<p><span style=\"font-size: 105%;\"><strong>Koncovka spodn\u00e9ho nosn\u00edka LAMELLAND<\/strong> <\/span><\/p>\n<p><strong>Koncovka na spodn\u00fd nosn\u00edk<\/strong> (li\u0161tu \/ profil ) pre interi\u00e9rov\u00e9 \u017eal\u00fazie.<\/p>\n<p>Plastov\u00fa koncovku spodn\u00e9ho profilu mo\u017eno pou\u017ei\u0165 na pravej aj \u013eavej strane.<\/p>\n","protected":false},"excerpt":{"rendered":"<p><strong>Koncovka spodn\u00e9ho nosn\u00edka LAMELLAND<\/strong><\/p>\n<p><strong>Koncovka na spodn\u00fd nosn\u00edk<\/strong> (li\u0161tu \/ profil ) pre interi\u00e9rov\u00e9 \u017eal\u00fazie.<\/p>\n<p>Plastov\u00fa koncovku spodn\u00e9ho profilu mo\u017eno pou\u017ei\u0165 na pravej aj \u013eavej strane.<\/p>\n","protected":false},"featured_media":19210,"comment_status":"closed","ping_status":"closed","template":"","meta":[],"product_cat":[65,88],"product_tag":[],"_links":{"self":[{"href":"https:\/\/www.brikol.sk\/hu\/wp-json\/wp\/v2\/product\/19208"}],"collection":[{"href":"https:\/\/www.brikol.sk\/hu\/wp-json\/wp\/v2\/product"}],"about":[{"href":"https:\/\/www.brikol.sk\/hu\/wp-json\/wp\/v2\/types\/product"}],"replies":[{"embeddable":true,"href":"https:\/\/www.brikol.sk\/hu\/wp-json\/wp\/v2\/comments?post=19208"}],"wp:featuredmedia":[{"embeddable":true,"href":"https:\/\/www.brikol.sk\/hu\/wp-json\/wp\/v2\/media\/19210"}],"wp:attachment":[{"href":"https:\/\/www.brikol.sk\/hu\/wp-json\/wp\/v2\/media?parent=19208"}],"wp:term":[{"taxonomy":"product_cat","embeddable":true,"href":"https:\/\/www.brikol.sk\/hu\/wp-json\/wp\/v2\/product_cat?post=19208"},{"taxonomy":"product_tag","embeddable":true,"href":"https:\/\/www.brikol.sk\/hu\/wp-json\/wp\/v2\/product_tag?post=19208"}],"curies":[{"name":"wp","href":"https:\/\/api.w.org\/{rel}","templated":true}]}}