{"id":19660,"date":"2024-08-27T08:05:59","date_gmt":"2024-08-27T06:05:59","guid":{"rendered":"https:\/\/www.brikol.sk\/?post_type=product&#038;p=19660"},"modified":"2026-03-23T10:26:58","modified_gmt":"2026-03-23T09:26:58","slug":"nadstavec-k-sikmym-zaluziam","status":"publish","type":"product","link":"https:\/\/www.brikol.sk\/hu\/produkt\/nadstavec-k-sikmym-zaluziam\/","title":{"rendered":"Nadstavec k \u0161ikm\u00fdm \u017eal\u00fazi\u00e1m 22 mm, 45 mm, 70 mm\/ kus"},"content":{"rendered":"<p>Nadstavec k \u0161ikm\u00fdm l\u00e1tkov\u00fdm vertik\u00e1lnym \u017eal\u00fazi\u00e1m.<\/p>\n<p>Rozmer:<\/p>\n<ul>\n<li>22 mm<\/li>\n<li>45 mm<\/li>\n<li>70 mm<\/li>\n<\/ul>\n<p>Farba: Biela<\/p>\n<p>&nbsp;<\/p>\n","protected":false},"excerpt":{"rendered":"<p>Nadstavec k \u0161ikm\u00fdm l\u00e1tkov\u00fdm vertik\u00e1lnym \u017eal\u00fazi\u00e1m<\/p>\n<p>&nbsp;<\/p>\n<p>&nbsp;<\/p>\n<p>&nbsp;<\/p>\n","protected":false},"featured_media":19666,"comment_status":"open","ping_status":"closed","template":"","meta":[],"product_cat":[66],"product_tag":[],"_links":{"self":[{"href":"https:\/\/www.brikol.sk\/hu\/wp-json\/wp\/v2\/product\/19660"}],"collection":[{"href":"https:\/\/www.brikol.sk\/hu\/wp-json\/wp\/v2\/product"}],"about":[{"href":"https:\/\/www.brikol.sk\/hu\/wp-json\/wp\/v2\/types\/product"}],"replies":[{"embeddable":true,"href":"https:\/\/www.brikol.sk\/hu\/wp-json\/wp\/v2\/comments?post=19660"}],"wp:featuredmedia":[{"embeddable":true,"href":"https:\/\/www.brikol.sk\/hu\/wp-json\/wp\/v2\/media\/19666"}],"wp:attachment":[{"href":"https:\/\/www.brikol.sk\/hu\/wp-json\/wp\/v2\/media?parent=19660"}],"wp:term":[{"taxonomy":"product_cat","embeddable":true,"href":"https:\/\/www.brikol.sk\/hu\/wp-json\/wp\/v2\/product_cat?post=19660"},{"taxonomy":"product_tag","embeddable":true,"href":"https:\/\/www.brikol.sk\/hu\/wp-json\/wp\/v2\/product_tag?post=19660"}],"curies":[{"name":"wp","href":"https:\/\/api.w.org\/{rel}","templated":true}]}}