{"id":20250,"date":"2024-11-06T10:10:46","date_gmt":"2024-11-06T09:10:46","guid":{"rendered":"https:\/\/www.brikol.sk\/?post_type=product&#038;p=20250"},"modified":"2026-03-10T14:15:20","modified_gmt":"2026-03-10T13:15:20","slug":"trhaci-nit-4-2x6-mm-ks-kopia","status":"publish","type":"product","link":"https:\/\/www.brikol.sk\/hu\/produkt\/trhaci-nit-4-2x6-mm-ks-kopia\/","title":{"rendered":"Trhac\u00ed nit 4.2&#215;6 mm \/ ks"},"content":{"rendered":"<div id=\"trhaci-nit\">\n<p><strong>Trhac\u00ed nit 4.2&#215;6 mm<\/strong><\/p>\n<p>Trhacie nity sa pou\u017e\u00edvaj\u00fa na sp\u00e1janie dvoch komponentov, tenkostenn\u00fdch mater\u00e1lov. Ako napr\u00edklad oce\u013e, plasty alebo in\u00e9 materi\u00e1ly s r\u00f4znou pevnos\u0165ou a hr\u00fabkou. <strong>Trhacie nity zabezpe\u010dia spo\u013eahliv\u00e9 spojenie. <\/strong>Nitovan\u00edm sa zabezpe\u010d\u00ed nerozoberate\u013en\u00fd, pevn\u00fd spoj. Ve\u013ek\u00e9 komponenty mo\u017eno trvalo spoji\u0165 bez deform\u00e1cie a po\u0161kodenia povrchu. Rozsah pou\u017eitia nitov je prakticky neobmedzen\u00fd pou\u017e\u00edvaj\u00fa sa v priemyseln\u00fdch a stavebn\u00fdch oblastiach ale aj v <strong>dom\u00e1cnosti.<\/strong> Do ve\u013ekej miery je vyl\u00fa\u010den\u00e1 aj mo\u017enos\u0165 kor\u00f3zie.<\/p>\n<p>priemer : 4,2mm<\/p>\n<p>d\u013a\u017eka : 6mm<\/p>\n<p>Vhodn\u00e9 pou\u017ei\u0165 na upevnenie <a href=\"https:\/\/www.brikol.sk\/produkt\/kovove-madielko-pre-sietove-dvere\/\">kovov\u00e9ho madielka<\/a> na sie\u0165ov\u00e9 dvere proti hmyzu.<\/p>\n<p>&nbsp;<\/p>\n<p>&nbsp;<\/p>\n<\/div>\n","protected":false},"excerpt":{"rendered":"<p>Trhacie nity sa pou\u017e\u00edvaj\u00fa na sp\u00e1janie dvoch komponentov, tenkostenn\u00fdch mater\u00e1lov. Ako napr\u00edklad oce\u013e, plasty alebo in\u00e9 materi\u00e1ly s r\u00f4znou pevnos\u0165ou a hr\u00fabkou. <strong>Trhacie nity zabezpe\u010dia spo\u013eahliv\u00e9 spojenie&#8230;<span style=\"color: #0000ff;\"><a style=\"color: #0000ff;\" href=\"#trhaci-nit\">Viac v popise<\/a><\/span><br \/>\n<\/strong><\/p>\n","protected":false},"featured_media":18736,"comment_status":"open","ping_status":"closed","template":"","meta":[],"product_cat":[83,100],"product_tag":[],"_links":{"self":[{"href":"https:\/\/www.brikol.sk\/hu\/wp-json\/wp\/v2\/product\/20250"}],"collection":[{"href":"https:\/\/www.brikol.sk\/hu\/wp-json\/wp\/v2\/product"}],"about":[{"href":"https:\/\/www.brikol.sk\/hu\/wp-json\/wp\/v2\/types\/product"}],"replies":[{"embeddable":true,"href":"https:\/\/www.brikol.sk\/hu\/wp-json\/wp\/v2\/comments?post=20250"}],"wp:featuredmedia":[{"embeddable":true,"href":"https:\/\/www.brikol.sk\/hu\/wp-json\/wp\/v2\/media\/18736"}],"wp:attachment":[{"href":"https:\/\/www.brikol.sk\/hu\/wp-json\/wp\/v2\/media?parent=20250"}],"wp:term":[{"taxonomy":"product_cat","embeddable":true,"href":"https:\/\/www.brikol.sk\/hu\/wp-json\/wp\/v2\/product_cat?post=20250"},{"taxonomy":"product_tag","embeddable":true,"href":"https:\/\/www.brikol.sk\/hu\/wp-json\/wp\/v2\/product_tag?post=20250"}],"curies":[{"name":"wp","href":"https:\/\/api.w.org\/{rel}","templated":true}]}}