{"id":20404,"date":"2024-11-28T13:40:03","date_gmt":"2024-11-28T12:40:03","guid":{"rendered":"https:\/\/www.brikol.sk\/?post_type=product&#038;p=20404"},"modified":"2026-01-08T11:28:21","modified_gmt":"2026-01-08T10:28:21","slug":"clinex-glass","status":"publish","type":"product","link":"https:\/\/www.brikol.sk\/hu\/produkt\/clinex-glass\/","title":{"rendered":"Clinex Glass"},"content":{"rendered":"<div class=\"mgn2_14 mp0t_0a mqu1_21 mli8_k4 mgmw_wo msts_pt _0d3bd_K6Qpj\" data-reactroot=\"\">\n<div class=\"\">\n<div class=\"mpof_ki myre_zn myre_8v_l m389_6m_l\">\n<div class=\"mp4t_16_s mryx_16_s mr3m_1 mli2_1 mh85_56 mh85_0_l\">\n<div class=\"mgn2_16 _0d3bd_am0a-\">\n<h1><span style=\"font-size: 80%;\"><b>Tekut\u00fd \u010disti\u010d skiel Clinex Glass<\/b><\/span><\/h1>\n<p><b>Clinex Glass <\/b>je v oblasti \u010distoty oce\u0148ovan\u00fd profesion\u00e1lny prostriedok na um\u00fdvanie skiel. Vyzna\u010duje sa \u00fa\u010dinnos\u0165ou a spo\u013eahlivos\u0165ou. Okrem skla sa skvele osved\u010d\u00ed aj pri \u010disten\u00ed smaltovan\u00fdch, laminovan\u00fdch povrchov \u010di nerezov\u00fdch prvkov! Typick\u00e9 ne\u010distoty nie s\u00fa pre n\u00e1\u0161 pr\u00edpravok probl\u00e9mom a \u013eahko ich odstr\u00e1ni. K tomu Clinex Glass nevy\u017eaduje predumytie skiel!<\/p>\n<h2><span style=\"font-size: 80%;\"><b>\u010cist\u00e9 a leskl\u00e9 skl\u00e1 bez \u0161m\u00fah<\/b><\/span><\/h2>\n<p>Kri\u0161t\u00e1\u013eovo \u010dist\u00e9 a leskl\u00e9 skl\u00e1 bez \u0161m\u00fah a \u0161m\u00fah? S Clinex Glass to nie je probl\u00e9m! A to v\u0161etko v\u010faka spr\u00e1vne zostaven\u00e9mu zlo\u017eeniu! Na tento \u00fa\u010del pr\u00edpravok nezanech\u00e1va \u00fa\u010dinok zaschnut\u00fdch kvapiek vody. To nie je v\u0161etko! Dobre vieme o probl\u00e9me r\u00fdchleho usadzovania ne\u010dist\u00f4t na vy\u010disten\u00fdch povrchoch. Z tohto d\u00f4vodu sme n\u00e1\u0161 prostriedok na um\u00fdvanie skiel Clinex Glass obohatili o \u0161peci\u00e1lne pr\u00edsady. V\u010faka nim sa na \u010disten\u00fdch povrchoch vytvor\u00ed antistatick\u00fd povlak. Je to ona, ktor\u00e1 chr\u00e1ni povrch pred r\u00fdchlym usadzovan\u00edm ne\u010dist\u00f4t a prachu!<\/p>\n<h3><span style=\"font-size: 80%;\"><b>Vlastnosti produktu:<\/b><\/span><\/h3>\n<p><b>Dokonalos\u0165 <\/b>\u2013 prostriedok na um\u00fdvanie skiel Clinex Glass nezanech\u00e1va \u0161muhy a \u0161muhy. V\u010faka tomu bude povrch r\u00fdchlo a bez potreby le\u0161tenia dokonale \u010dist\u00fd. K tomu v\u00e1s pote\u0161\u00ed efektom kry\u0161talick\u00e9ho lesku!<\/p>\n<p><b>Ergon\u00f3mia<\/b> \u2013 n\u00e1\u0161 pr\u00edpravok nevy\u017eaduje predum\u00fdvanie skiel, \u010d\u00edm ur\u010dite u\u0161etr\u00edte \u010das um\u00fdvania.<\/p>\n<p><b>R\u00fdchlo schne a nezanech\u00e1va efekt zaschnut\u00fdch kvapiek vody <\/b>\u2013 to m\u00e1 vplyv na bezchybn\u00fa estetiku umyt\u00e9ho povrchu bez toho, aby ste venovali \u010fal\u0161\u00ed \u010das le\u0161teniu.<\/p>\n<p><b>Formula obohaten\u00e1 o inovat\u00edvne doplnky<\/b>, ktor\u00e9 vytv\u00e1raj\u00fa antistatick\u00fd povlak. Tento povlak chr\u00e1ni povrch pred prachom a chr\u00e1ni pred op\u00e4tovn\u00fdm zne\u010disten\u00edm.<\/p>\n<p><b>M\u00e1 osvie\u017euj\u00facu citr\u00f3nov\u00fa v\u00f4\u0148u <\/b>\u2013 pr\u00edjemn\u00e1 v\u00f4\u0148a pod\u010diarkuje efekt \u010derstvo vy\u010disten\u00e9ho povrchu a zahal\u00ed interi\u00e9r pr\u00edjemnou v\u00f4\u0148ou.<\/p>\n<p><b>Bezpe\u010dn\u00e9 pre pou\u017e\u00edvate\u013eov a \u017eivotn\u00e9 prostredie<\/b> \u2013 Clinex Glass sa zapisuje do zoznamu t\u00fdch produktov, ktor\u00e9 chr\u00e1nia \u017eivotn\u00e9 prostredie a s\u00fa pre pou\u017e\u00edvate\u013eov bezpe\u010dn\u00e9. To v\u0161etko kv\u00f4li nedostatku \u0161kodliv\u00fdch l\u00e1tok vo svojom vzorci.<\/p>\n<p><b>Bestseller <\/b>\u2013 je jedn\u00fdm z naj\u010dastej\u0161ie vyberan\u00fdch \u010distiacich prostriedkov v ponuke Clinex v kateg\u00f3rii \u201eUm\u00fdvanie a \u010distenie spotrebi\u010dov\u201c \u2013 odpor\u00fa\u010dan\u00e9 tis\u00edckami u\u017e\u00edvate\u013eov.<\/p>\n<h3><span style=\"font-size: 80%;\"><b>Oblasti pou\u017eitia Clinex Glass:<\/b><\/span><\/h3>\n<p>V\u00fdrobok odpor\u00fa\u010dan\u00fd na um\u00fdvanie:<\/p>\n<ul>\n<li>\u0160achta,<\/li>\n<li>okn\u00e1,<\/li>\n<li>okenn\u00e9 r\u00e1my,<\/li>\n<li>zrkadl\u00e1,<\/li>\n<li>kry\u0161t\u00e1ly,<\/li>\n<li>akrylov\u00e9 sklo,<\/li>\n<li>sprchov\u00e9 k\u00faty,<\/li>\n<li>smaltovan\u00e9 povrchy,<\/li>\n<li>Laminovan\u00e9 povrchy (napr. \u010del\u00e1 n\u00e1bytku),<\/li>\n<li>Nerezov\u00e1 oce\u013e.<\/li>\n<\/ul>\n<p><b>Sp\u00f4sob pou\u017eitia:<\/b><\/p>\n<ol>\n<li>Pred pou\u017eit\u00edm pretrepte.<\/li>\n<li>Nastriekajte mal\u00e9 mno\u017estvo tekutiny na \u010disten\u00fd povrch a potom vyle\u0161tite suchou handri\u010dkou, mikrovl\u00e1knom alebo nepra\u0161n\u00fdm \u010distiacim prostriedkom.<\/li>\n<li>V pr\u00edpade potreby postup zopakujte.<\/li>\n<\/ol>\n<p>Technick\u00e9 \u00fadaje:<\/p>\n<ul>\n<li>Dostupn\u00e9 kapacity: 1L, 5L,<\/li>\n<li>pH~10,<\/li>\n<li>V\u00fdrobok je pripraven\u00fd na pou\u017eitie.<\/li>\n<\/ul>\n<p><b>\u010eal\u0161ie inform\u00e1cie:<\/b><\/p>\n<ul>\n<li>V pr\u00edpade um\u00fdvania povrchov, ktor\u00e9 boli predt\u00fdm. \u010cisten\u00e9 in\u00fdmi pr\u00edpravkami, odpor\u00fa\u010da sa ich predpra\u0165, aby sa odstr\u00e1nili nahromaden\u00e9 l\u00e1tky.<\/li>\n<li>Nepou\u017e\u00edvajte v\u00fdrobok na zahriate povrchy.<\/li>\n<li>Nepou\u017e\u00edvajte na priamom slnku.<\/li>\n<\/ul>\n<p>V\u00fdrobok na profesion\u00e1lne pou\u017eitie. Obzvl\u00e1\u0161\u0165 sa odpor\u00fa\u010da na udr\u017eanie bezchybnej \u010distoty vitr\u00edn a sklenen\u00fdch povrchov v \u00fa\u017eitkov\u00fdch objektoch, ako s\u00fa napr\u00edklad vitr\u00edny obchodov, kaviarn\u00ed, re\u0161taur\u00e1ci\u00ed at\u010f. Rovnako ako v kancel\u00e1rskych budov\u00e1ch, \u00faradoch, vzdel\u00e1vac\u00edch in\u0161tit\u00faci\u00e1ch, hoteloch, n\u00e1kupn\u00fdch gal\u00e9ri\u00e1ch, \u0161portov\u00fdch \u010di z\u00e1bavn\u00fdch zariadeniach.<\/p>\n<p><b>V\u00fdrobca nezodpoved\u00e1 za \u0161kody vzniknut\u00e9 v d\u00f4sledku pou\u017eitia v\u00fdrobku sp\u00f4sobom, ktor\u00fd nie je v s\u00falade s jeho ur\u010den\u00edm.<\/b><\/p>\n<\/div>\n<\/div>\n<\/div>\n<\/div>\n<\/div>\n","protected":false},"excerpt":{"rendered":"<p><b>Tekut\u00fd \u010disti\u010d skiel Clinex Glass<\/b><\/p>\n<p><b>Clinex Glass <\/b>je v oblasti \u010distoty oce\u0148ovan\u00fd profesion\u00e1lny prostriedok na um\u00fdvanie skiel. Vyzna\u010duje sa \u00fa\u010dinnos\u0165ou a spo\u013eahlivos\u0165ou. Okrem skla sa skvele osved\u010d\u00ed aj pri \u010disten\u00ed smaltovan\u00fdch, laminovan\u00fdch povrchov \u010di nerezov\u00fdch prvkov! Typick\u00e9 ne\u010distoty nie s\u00fa pre n\u00e1\u0161 pr\u00edpravok probl\u00e9mom a \u013eahko ich odstr\u00e1ni. K tomu Clinex Glass nevy\u017eaduje predumytie skiel!<\/p>\n<p><b>\u010cist\u00e9 a leskl\u00e9 skl\u00e1 bez \u0161m\u00fah<\/b><\/p>\n","protected":false},"featured_media":20405,"comment_status":"open","ping_status":"closed","template":"","meta":[],"product_cat":[68,212],"product_tag":[],"_links":{"self":[{"href":"https:\/\/www.brikol.sk\/hu\/wp-json\/wp\/v2\/product\/20404"}],"collection":[{"href":"https:\/\/www.brikol.sk\/hu\/wp-json\/wp\/v2\/product"}],"about":[{"href":"https:\/\/www.brikol.sk\/hu\/wp-json\/wp\/v2\/types\/product"}],"replies":[{"embeddable":true,"href":"https:\/\/www.brikol.sk\/hu\/wp-json\/wp\/v2\/comments?post=20404"}],"wp:featuredmedia":[{"embeddable":true,"href":"https:\/\/www.brikol.sk\/hu\/wp-json\/wp\/v2\/media\/20405"}],"wp:attachment":[{"href":"https:\/\/www.brikol.sk\/hu\/wp-json\/wp\/v2\/media?parent=20404"}],"wp:term":[{"taxonomy":"product_cat","embeddable":true,"href":"https:\/\/www.brikol.sk\/hu\/wp-json\/wp\/v2\/product_cat?post=20404"},{"taxonomy":"product_tag","embeddable":true,"href":"https:\/\/www.brikol.sk\/hu\/wp-json\/wp\/v2\/product_tag?post=20404"}],"curies":[{"name":"wp","href":"https:\/\/api.w.org\/{rel}","templated":true}]}}