{"id":20747,"date":"2025-01-29T10:38:29","date_gmt":"2025-01-29T09:38:29","guid":{"rendered":"https:\/\/www.brikol.sk\/?post_type=product&#038;p=20747"},"modified":"2026-01-08T11:27:23","modified_gmt":"2026-01-08T10:27:23","slug":"drevena-zasklievacia-lopatka","status":"publish","type":"product","link":"https:\/\/www.brikol.sk\/hu\/produkt\/drevena-zasklievacia-lopatka\/","title":{"rendered":"Dreven\u00e1 zasklievacia lopatka  \/ ks"},"content":{"rendered":"<h1 data-sourcepos=\"3:1-3:79\"><span style=\"font-size: 80%;\"><strong>Dreven\u00e1 zasklievacia lopatka\/p\u00e1ka: Nenahradite\u013en\u00fd pomocn\u00edk pre zasklievanie<\/strong><\/span><\/h1>\n<p data-sourcepos=\"5:1-5:339\">Dreven\u00e1 zasklievacia lopatka\/p\u00e1ka predstavuje tradi\u010dn\u00fd a mimoriadne cenn\u00fd n\u00e1stroj, ktor\u00fd by nemal ch\u00fdba\u0165 v \u017eiadnej dielni, kde sa pracuje so sklom. Ak ste sklen\u00e1r, dom\u00e1ci majster alebo rekon\u0161truujete okn\u00e1, t\u00e1to lopatka v\u00e1m u\u013eah\u010d\u00ed pr\u00e1cu a umo\u017en\u00ed v\u00e1m dosiahnu\u0165 \u010dist\u00e9 a prec\u00edzne zasklenie.<\/p>\n<h2 data-sourcepos=\"7:1-7:65\"><span style=\"font-size: 80%;\"><strong>Pre\u010do si teda vybra\u0165 pr\u00e1ve dreven\u00fa zasklievaciu lopatku\/p\u00e1ku?<\/strong><\/span><\/h2>\n<p data-sourcepos=\"9:1-9:304\">\u0160etrnos\u0165 ku sklu je mimoriadne d\u00f4le\u017eit\u00e1, a preto je t\u00e1to lopatka vyroben\u00e1 z kvalitn\u00e9ho tvrd\u00e9ho dreva, ktor\u00e9 je jemn\u00e9 k povrchu skla a minimalizuje riziko po\u0161kriabania \u010di prasknutia. Na rozdiel od kovov\u00fdch n\u00e1strojov, drevo nesp\u00f4sobuje \u017eiadne po\u0161kodenie skla a zanech\u00e1va ho bez ne\u017eiaducich \u0161m\u00fah.<\/p>\n<p data-sourcepos=\"11:1-11:290\"><strong>Okrem toho<\/strong>, prec\u00edzna pr\u00e1ca je s touto lopatkou hra\u010dkou. Ergonomick\u00fd tvar a pohodln\u00e1 rukov\u00e4\u0165 umo\u017e\u0148uj\u00fa komfortn\u00e9 a presn\u00e9 vedenie lopatky. Klinovit\u00fd tvar s mierne zahnut\u00fdm koncom u\u013eah\u010duje pr\u00e1cu v rohoch a na \u0165a\u017eko dostupn\u00fdch miestach, \u010do v kone\u010dnom d\u00f4sledku zabezpe\u010duje dokonal\u00e9 v\u00fdsledky.<\/p>\n<p data-sourcepos=\"13:1-13:211\"><strong>\u010ealej<\/strong>, t\u00e1to v\u0161estrann\u00e1 lopatka je vhodn\u00e1 pre r\u00f4zne typy skiel a r\u00e1mov. Pou\u017e\u00edva sa nielen pri zasklievan\u00ed okien a dver\u00ed, ale aj pri v\u00fdrobe vitr\u00e1\u017e\u00ed a in\u00fdch sklen\u00e1rskych pr\u00e1c, \u010do sved\u010d\u00ed o jej \u0161irokom uplatnen\u00ed.<\/p>\n<p data-sourcepos=\"15:1-15:192\"><strong>V neposlednom rade<\/strong>, kvalitn\u00e9 tvrd\u00e9 drevo zaru\u010duje vysokej odolnosti vo\u010di opotrebovaniu a dlh\u00fa \u017eivotnos\u0165 tohto n\u00e1stroja. Pri spr\u00e1vnej starostlivosti v\u00e1m lopatka bude verne sl\u00fa\u017ei\u0165 dlh\u00e9 roky.<\/p>\n<h3 data-sourcepos=\"17:1-17:50\"><span style=\"font-size: 80%;\"><strong>Vlastnosti drevenej zasklievacej lopatky\/p\u00e1ky:<\/strong><\/span><\/h3>\n<ul data-sourcepos=\"19:1-23:0\">\n<li data-sourcepos=\"19:1-19:38\"><strong>Materi\u00e1l:<\/strong> Kvalitn\u00e9 tvrd\u00e9 drevo<\/li>\n<li data-sourcepos=\"20:1-20:48\"><strong>Tvar:<\/strong> Klinovit\u00fd s mierne zahnut\u00fdm koncom<\/li>\n<li data-sourcepos=\"21:1-21:83\"><strong>Pou\u017eitie:<\/strong> Zasklievanie okien a dver\u00ed, v\u00fdroba vitr\u00e1\u017e\u00ed a in\u00e9 sklen\u00e1rske pr\u00e1ce<\/li>\n<li data-sourcepos=\"22:1-23:0\"><strong>V\u00fdhody:<\/strong> \u0160etrnos\u0165 ku sklu, prec\u00edzna pr\u00e1ca, univerz\u00e1lne pou\u017eitie, odolnos\u0165 a dlh\u00e1 \u017eivotnos\u0165<\/li>\n<\/ul>\n<p data-sourcepos=\"24:1-24:51\"><strong>Ako pou\u017e\u00edva\u0165 dreven\u00fa zasklievaciu lopatku\/p\u00e1ku:<\/strong><\/p>\n<ol data-sourcepos=\"26:1-30:0\">\n<li data-sourcepos=\"26:1-26:80\">Najprv opatrne vlo\u017ete sklo do r\u00e1mu a zaistite ho pomocou zasklievac\u00edch l\u00ed\u0161t.<\/li>\n<li data-sourcepos=\"27:1-27:89\">N\u00e1sledne jemne zasu\u0148te lopatku medzi sklo a li\u0161tu tak, aby nedo\u0161lo k po\u0161kodeniu skla.<\/li>\n<li data-sourcepos=\"28:1-28:92\">Potom jemn\u00fdm tlakom pos\u00favajte lopatku po obvode skla a rovnomerne ho zatl\u00e1\u010dajte do r\u00e1mu.<\/li>\n<li data-sourcepos=\"29:1-30:0\">Nakoniec m\u00f4\u017eete lopatku pou\u017ei\u0165 aj na jemn\u00e9 dotla\u010denie l\u00ed\u0161t, aby ste zabezpe\u010dili ich pevn\u00e9 uchytenie.<\/li>\n<\/ol>\n<p data-sourcepos=\"31:1-31:114\"><strong>Upozornenie:<\/strong> Pr\u00e1ca so sklom si vy\u017eaduje mimoriadnu opatrnos\u0165, aby ste predi\u0161li jeho po\u0161kodeniu alebo zraneniu.<\/p>\n<p data-sourcepos=\"33:1-33:26\"><strong>Dopl\u0148uj\u00face inform\u00e1cie:<\/strong><\/p>\n<ul data-sourcepos=\"35:1-37:0\">\n<li data-sourcepos=\"35:1-35:109\">Tovar sa nach\u00e1dza v externom sklade, preto jeho odoslanie o\u010dak\u00e1vame do 2-3 pracovn\u00fdch dn\u00ed<\/li>\n<li data-sourcepos=\"36:1-37:0\">V pr\u00edpade ak\u00fdchko\u013evek ot\u00e1zok alebo nejasnost\u00ed, nev\u00e1hajte n\u00e1s kontaktova\u0165. Radi v\u00e1m poskytneme \u010fal\u0161ie inform\u00e1cie a pom\u00f4\u017eeme s v\u00fdberom.<\/li>\n<\/ul>\n<p data-sourcepos=\"38:1-38:120\">Ver\u00edme, \u017ee v\u00e1m t\u00e1to dreven\u00e1 zasklievacia lopatka\/p\u00e1ka bude spo\u013eahliv\u00fdm a neocenite\u013en\u00fdm pomocn\u00edkom pri va\u0161ich projektoch.<\/p>\n","protected":false},"excerpt":{"rendered":"<p>Nenahraditel\u00fd pomocn\u00edk pre zasklievanie<\/p>\n<p>Dreven\u00e1 zasklievacia lopatka \/ p\u00e1ka je tradi\u010dn\u00fd a osved\u010den\u00fd pomocn\u00edk, ktor\u00fd by nemal ch\u00fdba\u0165 v \u017eiadnej dielni. \u010ci u\u017e ste sklen\u00e1r, kutil alebo sa p\u00fa\u0161tate do rekon\u0161trukcie okien, t\u00e1to lopatka v\u00e1m ulah\u010d\u00ed pr\u00e1cu a\u00a0 zabezpe\u010d\u00ed \u010dist\u00e9 a prec\u00edzne zasklenie.<\/p>\n<p>&nbsp;<\/p>\n","protected":false},"featured_media":20756,"comment_status":"open","ping_status":"closed","template":"","meta":[],"product_cat":[68,216,81],"product_tag":[],"_links":{"self":[{"href":"https:\/\/www.brikol.sk\/hu\/wp-json\/wp\/v2\/product\/20747"}],"collection":[{"href":"https:\/\/www.brikol.sk\/hu\/wp-json\/wp\/v2\/product"}],"about":[{"href":"https:\/\/www.brikol.sk\/hu\/wp-json\/wp\/v2\/types\/product"}],"replies":[{"embeddable":true,"href":"https:\/\/www.brikol.sk\/hu\/wp-json\/wp\/v2\/comments?post=20747"}],"wp:featuredmedia":[{"embeddable":true,"href":"https:\/\/www.brikol.sk\/hu\/wp-json\/wp\/v2\/media\/20756"}],"wp:attachment":[{"href":"https:\/\/www.brikol.sk\/hu\/wp-json\/wp\/v2\/media?parent=20747"}],"wp:term":[{"taxonomy":"product_cat","embeddable":true,"href":"https:\/\/www.brikol.sk\/hu\/wp-json\/wp\/v2\/product_cat?post=20747"},{"taxonomy":"product_tag","embeddable":true,"href":"https:\/\/www.brikol.sk\/hu\/wp-json\/wp\/v2\/product_tag?post=20747"}],"curies":[{"name":"wp","href":"https:\/\/api.w.org\/{rel}","templated":true}]}}