{"id":2131,"date":"2020-05-14T14:10:22","date_gmt":"2020-05-14T12:10:22","guid":{"rendered":"https:\/\/www.brikol.sk\/?post_type=product&#038;p=2131"},"modified":"2026-04-13T20:21:14","modified_gmt":"2026-04-13T18:21:14","slug":"zachytavac-balkonovych-dveri","status":"publish","type":"product","link":"https:\/\/www.brikol.sk\/hu\/produkt\/zachytavac-balkonovych-dveri\/","title":{"rendered":"Balk\u00f3nov\u00e1 z\u00e1padka aubi siegenia \/ ks"},"content":{"rendered":"<div><span style=\"font-size: 110%;\"><strong>Balk\u00f3nov\u00e1 z\u00e1padka aubi siegenia &#8211; zachyt\u00e1va\u010d balk\u00f3nov\u00fdch dver\u00ed\u00a0<\/strong><\/span><\/div>\n<div><\/div>\n<div>Alebo aj zachyt\u00e1va\u010d balk\u00f3nov\u00fdch dver\u00ed, sl\u00fa\u017ei na do\u010dasn\u00e9 zaistenie dver\u00ed z vonkaj\u0161ej strany. Taktie\u017e t\u00fato poistku pozn\u00e1me pod n\u00e1zvom faj\u010diarska poistka, preto\u017ee zabra\u0148uje vnikaniu cigaretov\u00e9ho dymu do interi\u00e9ru po\u010das faj\u010denia na balk\u00f3ne.<\/div>\n<div><\/div>\n<div id=\"balkonova-zaklopka-aubi-sigenia\">Balk\u00f3nov\u00e1 z\u00e1padka (z\u00e1klopka) AUBI SIEGENIA alebo balk\u00f3nov\u00e1 protiprievanov\u00e1 poistka sa upev\u0148uje do kr\u00eddla balk\u00f3nov\u00fdch dver\u00ed.<br \/>\nVhodn\u00e1 do plastov\u00fdch a dreven\u00fdch dver\u00ed okut\u00fdch kovan\u00edm Aubi siegenia titan. Z\u00e1klopku m\u00f4\u017eete nastavi\u0165 imbusov\u00fdm k\u013e\u00fa\u010dom ve\u013ekos\u0165 4 mm.<\/div>\n<div><\/div>\n<div><strong><span style=\"color: #ff0000;\">POZOR z\u00e1padka je prav\u00e1 alebo \u013eav\u00e1.<\/span><\/strong> Prav\u00e9 okno je to ktor\u00e9 m\u00e1 p\u00e1nty na pravej strane pri poh\u013eade zvn\u00fatra a \u013eav\u00e9 okno je to ktor\u00e9 m\u00e1 p\u00e1nty na \u013eavej strane.<\/div>\n<div>Z\u00e1padka je ur\u010den\u00e1 pre \u0161tulpov\u00e9 balk\u00f3nov\u00e9 dvere alebo jednokr\u00eddlov\u00e9 balk\u00f3nov\u00e9 dvere. Z\u00e1padka sa montuje plastovou pohyblivou \u010das\u0165ou smerom hore, v pr\u00edpade \u017ee potrebujete plastov\u00fa \u010das\u0165 smerom do dola treba zvoli\u0165 opa\u010dn\u00fa z\u00e1padku. Na upevnenie z\u00e1padky sta\u010d\u00ed jedna skrutka ktor\u00e1 je s\u00fa\u010das\u0165ou balenia.<br \/>\n65 x 11 x 7 mm ( V x \u0160 x H)<\/div>\n","protected":false},"excerpt":{"rendered":"<p>Balk\u00f3nov\u00e1 z\u00e1klopka (z\u00e1padka) AUBI SIEGENIA alebo balk\u00f3nov\u00e1 protiprievanov\u00e1 poistka sa upev\u0148uje do kr\u00eddla balk\u00f3nov\u00fdch dver\u00ed. Je vhodn\u00e1 do plastov\u00fdch a dreven\u00fdch dver\u00ed okut\u00fdch kovan\u00edm Aubi siegenia titan&#8230;<a href=\"#balkonova-zaklopka-aubi-sigenia\"><span style=\"text-decoration: underline; color: #0000ff;\"><strong>Viac v popise<\/strong><\/span><\/a><\/p>\n","protected":false},"featured_media":8408,"comment_status":"open","ping_status":"closed","template":"","meta":[],"product_cat":[68,211,90],"product_tag":[],"_links":{"self":[{"href":"https:\/\/www.brikol.sk\/hu\/wp-json\/wp\/v2\/product\/2131"}],"collection":[{"href":"https:\/\/www.brikol.sk\/hu\/wp-json\/wp\/v2\/product"}],"about":[{"href":"https:\/\/www.brikol.sk\/hu\/wp-json\/wp\/v2\/types\/product"}],"replies":[{"embeddable":true,"href":"https:\/\/www.brikol.sk\/hu\/wp-json\/wp\/v2\/comments?post=2131"}],"wp:featuredmedia":[{"embeddable":true,"href":"https:\/\/www.brikol.sk\/hu\/wp-json\/wp\/v2\/media\/8408"}],"wp:attachment":[{"href":"https:\/\/www.brikol.sk\/hu\/wp-json\/wp\/v2\/media?parent=2131"}],"wp:term":[{"taxonomy":"product_cat","embeddable":true,"href":"https:\/\/www.brikol.sk\/hu\/wp-json\/wp\/v2\/product_cat?post=2131"},{"taxonomy":"product_tag","embeddable":true,"href":"https:\/\/www.brikol.sk\/hu\/wp-json\/wp\/v2\/product_tag?post=2131"}],"curies":[{"name":"wp","href":"https:\/\/api.w.org\/{rel}","templated":true}]}}