{"id":21939,"date":"2025-05-28T10:13:21","date_gmt":"2025-05-28T08:13:21","guid":{"rendered":"https:\/\/www.brikol.sk\/?post_type=product&#038;p=21939"},"modified":"2026-04-20T16:16:34","modified_gmt":"2026-04-20T14:16:34","slug":"pritlacne-koliesko-siete-proti-hmyzu","status":"publish","type":"product","link":"https:\/\/www.brikol.sk\/hu\/produkt\/pritlacne-koliesko-siete-proti-hmyzu\/","title":{"rendered":"Pr\u00edtla\u010dn\u00e9 koliesko pre in\u0161tal\u00e1ciu siet\u00ed proti hmyzu"},"content":{"rendered":"<h1 data-sourcepos=\"13:1-13:71\"><span style=\"font-size: 80%;\"><strong>Presn\u00e1 in\u0161tal\u00e1cia siet\u00ed proti hmyzu: pou\u017eite pr\u00edtla\u010dn\u00e9 koliesko<\/strong><\/span><\/h1>\n<p data-sourcepos=\"15:1-15:360\">Optim\u00e1lna funk\u010dnos\u0165 siet\u00ed proti hmyzu z\u00e1vis\u00ed od prec\u00edznej in\u0161tal\u00e1cie. Preto spr\u00e1vne upevnite zaist&#8217;ovacie gumov\u00e9 tesnenie do r\u00e1mu. Na\u0161e <strong>pr\u00edtla\u010dn\u00e9 koliesko<\/strong> siete predstavuje \u0161pecializovan\u00fd n\u00e1stroj. Tento n\u00e1stroj zaru\u010duje spo\u013eahliv\u00e9 uchytenie sie\u0165oviny. Pracujete s minim\u00e1lnym \u00fasil\u00edm a s\u00fa\u010dasne s maxim\u00e1lnou presnos\u0165ou. V\u010faka tomu dosiahnete profesion\u00e1lny v\u00fdsledok.<\/p>\n<h2 data-sourcepos=\"17:1-17:42\"><span style=\"font-size: 80%;\"><strong>Technick\u00e9 vlastnosti a k\u013e\u00fa\u010dov\u00e9 v\u00fdhody pr\u00edtla\u010dn\u00e9ho kolieska siete:<\/strong><\/span><\/h2>\n<ul data-sourcepos=\"19:1-25:0\">\n<li data-sourcepos=\"19:1-19:321\"><strong>Optimalizovan\u00fd tvar kolieska:<\/strong> Koliesko m\u00e1 kalibrovan\u00fd priemer a profil. V d\u00f4sledku toho efekt\u00edvne zatla\u010d\u00ed \u0161tandardn\u00e9 gumov\u00e9 tesnenia (spline). Zatla\u010dte ich do mont\u00e1\u017enych dr\u00e1\u017eok sietov\u00fdch r\u00e1mov. T\u00fdmto sa predch\u00e1dza preskakovaniu alebo nerovnomern\u00e9mu uchyteniu materi\u00e1lu. Zais\u0165ujete tak hladk\u00fa a rovnomern\u00fa aplik\u00e1ciu.<\/li>\n<li data-sourcepos=\"20:1-20:226\"><strong>Minim\u00e1lne po\u0161kodenie materi\u00e1lu:<\/strong> Hladk\u00fd, zaoblen\u00fd povrch kolieska rovnomerne rozlo\u017e\u00ed tlak. N\u00e1sledne predch\u00e1dza po\u0161kodeniu sie\u0165oviny. Z\u00e1rove\u0148 chr\u00e1ni povrch r\u00e1mu po\u010das in\u0161tal\u00e1cie. Chr\u00e1ni tak invest\u00edciu do va\u0161ich materi\u00e1lov.<\/li>\n<li data-sourcepos=\"21:1-21:229\"><strong>Zv\u00fd\u0161en\u00e1 produktivita in\u0161tal\u00e1cie:<\/strong> Ergonomick\u00fd \u00fachop a \u00fa\u010dinn\u00fd mechanizmus zatl\u00e1\u010dania s\u00fa k\u013e\u00fa\u010dov\u00e9. Skr\u00e1\u0165te \u010das potrebn\u00fd na mont\u00e1\u017e siete. Z\u00e1rove\u0148 zabezpe\u010dte vysok\u00fa kvalitu fin\u00e1lneho uchytenia. To znamen\u00e1 vy\u0161\u0161iu efektivitu pr\u00e1ce.<\/li>\n<li data-sourcepos=\"22:1-22:280\"><strong>Robustn\u00e1 kon\u0161trukcia:<\/strong> Vyr\u00e1ba sa z odoln\u00e9ho plastu \/ kompozitn\u00e9ho materi\u00e1lu. Tento materi\u00e1l zabezpe\u010duje dlh\u00fa \u017eivotnos\u0165 n\u00e1stroja. Odol\u00e1 opakovan\u00e9mu pou\u017eitiu a be\u017en\u00e9mu opotrebovaniu. Spo\u013eahnite sa na jeho trvanlivos\u0165.<\/li>\n<li data-sourcepos=\"23:1-23:204\"><strong>Univerz\u00e1lna kompatibilita:<\/strong> N\u00e1stroj je kompatibiln\u00fd s v\u00e4\u010d\u0161inou sietov\u00edn. Navy\u0161e, hod\u00ed sa pre hlin\u00edkov\u00e9 aj PVC r\u00e1my siet\u00ed proti hmyzu. Preto predstavuje univerz\u00e1lne rie\u0161enie pre v\u0161etk\u00fdch in\u0161talat\u00e9rov.<\/li>\n<li data-sourcepos=\"24:1-25:0\"><strong>Ergonomick\u00fd dizajn:<\/strong> Rukov\u00e4\u0165 n\u00e1stroja m\u00e1 tvar pre pohodln\u00e9 uchopenie. Konkr\u00e9tne to zni\u017euje \u00fanavu ruky pri dlh\u0161\u00edch pr\u00e1cach. Tie\u017e zvy\u0161uje va\u0161u kontrolu nad cel\u00fdm procesom.<\/li>\n<\/ul>\n<p data-sourcepos=\"26:1-26:22\"><strong>Princ\u00edp Aplik\u00e1cie:<\/strong><\/p>\n<p data-sourcepos=\"28:1-28:370\">Pou\u017eite pr\u00edtla\u010dn\u00e9 koliesko na prec\u00edzne zatla\u010denie gumov\u00e9ho tesnenia. Zatla\u010dte ho do vyhraden\u00e9ho kan\u00e1la r\u00e1mu. Touto met\u00f3dou sie\u0165ovinu pevne upevn\u00edte. Koliesko aplikuje rovnomern\u00fd tlak. V\u010faka tomu guma sed\u00ed hlboko v dr\u00e1\u017eke. T\u00fdmto eliminujete medzery a uvo\u013enen\u00e9 \u010dasti. Nakoniec zabezpe\u010d\u00edte integritu bari\u00e9ry proti hmyzu. V\u00e1\u0161 domov tak zostane bezpe\u010dn\u00fd pred hmyzom.<\/p>\n<p data-sourcepos=\"30:1-30:283\"><strong>Pre zaistenie bezchybnej a dlhotrvaj\u00facej in\u0161tal\u00e1cie va\u0161ej siete proti hmyzu je toto pr\u00edtla\u010dn\u00e9 koliesko esenci\u00e1lny doplnok. Preto optimalizujte svoj mont\u00e1\u017eny proces. Dosiahnite profesion\u00e1lne v\u00fdsledky.<br \/>\n<\/strong><\/p>\n<p data-sourcepos=\"30:1-30:283\"><strong>Videon\u00e1vod na v\u00fdmenu sie\u0165oviny:<\/strong><strong> <a href=\"https:\/\/www.youtube.com\/watch?v=LL8OxADOhLU\"><span style=\"color: #000080;\">TU<\/span><\/a><\/strong><\/p>\n<p>&nbsp;<\/p>\n<p><strong>\u00a0<\/strong><\/p>\n","protected":false},"excerpt":{"rendered":"<h3 data-sourcepos=\"5:1-5:87\"><span style=\"font-size: 85%;\"><strong>Prec\u00edzna in\u0161tal\u00e1cia gumov\u00fdch tesnen\u00ed<\/strong><\/span><\/h3>\n<p data-sourcepos=\"7:1-7:482\">Toto pr\u00edtla\u010dn\u00e9 koliesko je \u0161pecializovan\u00fd n\u00e1stroj pre efekt\u00edvnu mont\u00e1\u017e siet\u00ed proti hmyzu. Jeho optimalizovan\u00fd tvar zais\u0165uje presn\u00e9 a rovnomern\u00e9 zatla\u010denie zaist&#8217;ovac\u00edch gumov\u00fdch tesnen\u00ed\u00a0 do r\u00e1mov. Koliesko minimalizuje po\u0161kodenie sie\u0165oviny a r\u00e1mu. Z\u00e1rove\u0148 zr\u00fdch\u013euje proces in\u0161tal\u00e1cie. V\u010faka robustnej kon\u0161trukcii a ergonomick\u00e9mu dizajnu poskytuje spo\u013eahliv\u00fd v\u00fdkon. Je kompatibiln\u00e9 s v\u00e4\u010d\u0161inou \u0161tandardn\u00fdch sietov\u00edn a r\u00e1mov. Dosiahnite bezchybn\u00e9 a pevn\u00e9 uchytenie va\u0161ej siete.<\/p>\n","protected":false},"featured_media":21942,"comment_status":"open","ping_status":"closed","template":"","meta":[],"product_cat":[83,100],"product_tag":[],"_links":{"self":[{"href":"https:\/\/www.brikol.sk\/hu\/wp-json\/wp\/v2\/product\/21939"}],"collection":[{"href":"https:\/\/www.brikol.sk\/hu\/wp-json\/wp\/v2\/product"}],"about":[{"href":"https:\/\/www.brikol.sk\/hu\/wp-json\/wp\/v2\/types\/product"}],"replies":[{"embeddable":true,"href":"https:\/\/www.brikol.sk\/hu\/wp-json\/wp\/v2\/comments?post=21939"}],"wp:featuredmedia":[{"embeddable":true,"href":"https:\/\/www.brikol.sk\/hu\/wp-json\/wp\/v2\/media\/21942"}],"wp:attachment":[{"href":"https:\/\/www.brikol.sk\/hu\/wp-json\/wp\/v2\/media?parent=21939"}],"wp:term":[{"taxonomy":"product_cat","embeddable":true,"href":"https:\/\/www.brikol.sk\/hu\/wp-json\/wp\/v2\/product_cat?post=21939"},{"taxonomy":"product_tag","embeddable":true,"href":"https:\/\/www.brikol.sk\/hu\/wp-json\/wp\/v2\/product_tag?post=21939"}],"curies":[{"name":"wp","href":"https:\/\/api.w.org\/{rel}","templated":true}]}}